{"id":6033,"date":"2023-09-10T08:54:20","date_gmt":"2023-09-10T04:54:20","guid":{"rendered":"https:\/\/faroukhossen.com\/?page_id=6033"},"modified":"2024-10-24T20:59:23","modified_gmt":"2024-10-24T16:59:23","slug":"clinic","status":"publish","type":"page","link":"https:\/\/faroukhossen.com\/fr\/clinic\/","title":{"rendered":"Clinique"},"content":{"rendered":"<p>[vc_row][vc_column][vc_video link=&#8221;https:\/\/youtu.be\/KzkHwDMoX-k&#8221;][vc_column_text]<\/p>\r\n<p style=\"font-weight: 400;\">En mai 2023, Farouk Hossen Group ouvre les portes de sa premi\u00e8re clinique sp\u00e9cialis\u00e9e en soins ophtalmologiques, en partenariat avec les ophtalmologues et le Royal Green Hospital, situ\u00e9e \u00e0 Moka.<\/p>\r\n<p style=\"font-weight: 400;\">A travers des installations de pointes, notre clinique est con\u00e7ue pour r\u00e9pondre \u00e0 l&#8217;ensemble de vos besoins en mati\u00e8re de soins et de chirurgie ophtalmologiques.<\/p>\r\n<p style=\"font-weight: 400;\">Notre fondateur et pr\u00e9sident, Farouk Hossen, partage son enthousiasme : <em>&#8220;Nous sommes ravis de pouvoir offrir \u00e0 nos patients des soins ophtalmologiques complets. Notre clinique est \u00e9quip\u00e9e des technologies de pointe de Huvitz et Zeiss, permettant des diagnostics pr\u00e9cis et des soins chirurgicaux avanc\u00e9s. Nous sommes d\u00e9termin\u00e9s \u00e0 aider les Mauriciens \u00e0 mener une vie saine en leur offrant les meilleurs soins oculaires possibles.&#8221;<\/em><\/p>\r\n<p><!-- \/wp:post-content -->\u00a0<\/p>\r\n<!-- wp:heading -->\r\n<h2 id=\"h-our-services\" class=\"wp-block-heading\">Nos Services<\/h2>\r\n<p style=\"font-weight: 400;\">Nous offrons une gamme compl\u00e8te de services ophtalmologiques de pointe, comprenant notamment :<\/p>\r\n<p>&nbsp;<\/p>\r\n<p style=\"font-weight: 400;\"><strong>Examens Ophtalmologiques Approfondis<\/strong><\/p>\r\n<p>[\/vc_column_text]<div class=\"standard-number-list bullet-top\"><ul>\n<li>Tests Oculaires<\/li>\n<li>Photographie du fond de l\u2019\u0153il et d\u00e9tection du diab\u00e8te oculaire<\/li>\n<li>Analyse du champs visuel et d\u00e9tection du glaucome<\/li>\n<li>Cross linking et d\u00e9tection du K\u00e9ratoc\u00f4ne<\/li>\n<li>Scan OCT<\/li>\n<li>Service de topographie | Pentacam<\/li>\n<li>Examen d\u2019angiographie<\/li>\n<li>Mesures biom\u00e9triques<\/li>\n<li>\u00c9valuation de pachym\u00e9trie<\/li>\n<\/ul>\n<\/div>[vc_column_text]<\/p>\r\n<p>&nbsp;<\/p>\r\n<p style=\"font-weight: 400;\"><strong>Chirurgie Oculaire<\/strong><\/p>\r\n<p>[\/vc_column_text]<div class=\"standard-number-list bullet-top\"><ul>\n<li>Chirurgie des cavit\u00e9s orbitaires<\/li>\n<li>Traitement des lac\u00e9rations oculaires<\/li>\n<li>Correction chirurgicale du strabisme<\/li>\n<li>Iridotomie au laser<\/li>\n<li>Vitrectomie chirurgicale<\/li>\n<li>Cross-linking<\/li>\n<li>Op\u00e9ration de la cataracte<\/li>\n<\/ul>\n<\/div>[vc_column_text]<\/p>\r\n<h2>\u00a0<\/h2>\r\n<h2 id=\"h-our-commitment\" class=\"wp-block-heading\">Notre Engagement<\/h2>\r\n<p style=\"font-weight: 400;\">Vos yeux m\u00e9ritent l\u2019excellence, et c\u2019est ce que nous nous effor\u00e7ons de vous offrir. Nous nous engageons \u00e0 maintenir des normes \u00e9lev\u00e9es de qualit\u00e9 et \u00e0 offrir des soins ophtalmologiques de premi\u00e8re classe.<br \/>Nous sommes impatients de vous accueillir \u00e0 Royal Green Hospital.\u00a0 Pour en savoir plus sur nos services ou pour prendre rendez-vous avec un ophtalmologue, n\u2019h\u00e9sitez pas \u00e0 nous contacter :<\/p>\r\n<p style=\"font-weight: 400;\">Tel : (+230) 432 0112 | 5 253 7053<\/p>\r\n<p>[\/vc_column_text][\/vc_column][\/vc_row]<\/p>","protected":false},"excerpt":{"rendered":"<p>[vc_row][vc_column][vc_video link=&#8221;https:\/\/youtu.be\/KzkHwDMoX-k&#8221;][vc_column_text] En mai 2023, Farouk Hossen Group ouvre les portes de sa premi\u00e8re clinique sp\u00e9cialis\u00e9e en soins ophtalmologiques, en partenariat avec les ophtalmologues et le Royal Green Hospital, situ\u00e9e \u00e0 Moka. A travers des installations de pointes, notre clinique est con\u00e7ue pour r\u00e9pondre \u00e0 l&#8217;ensemble de vos besoins en mati\u00e8re de soins et de&hellip;<\/p>\n","protected":false},"author":10,"featured_media":0,"parent":0,"menu_order":0,"comment_status":"closed","ping_status":"closed","template":"","meta":{"nf_dc_page":""},"class_list":["post-6033","page","type-page","status-publish","hentry","description-off"],"yoast_head":"<!-- This site is optimized with the Yoast SEO Premium plugin v20.9 (Yoast SEO v27.4) - https:\/\/yoast.com\/product\/yoast-seo-premium-wordpress\/ -->\n<title>Clinique - Farouk Hossen Opticians<\/title>\n<meta name=\"robots\" content=\"index, follow, max-snippet:-1, max-image-preview:large, max-video-preview:-1\" \/>\n<link rel=\"canonical\" href=\"https:\/\/faroukhossen.com\/clinic\/\" \/>\n<meta property=\"og:locale\" content=\"fr_FR\" \/>\n<meta property=\"og:type\" content=\"article\" \/>\n<meta property=\"og:title\" content=\"[:en]Clinic[:fr]Clinique[:]\" \/>\n<meta property=\"og:description\" content=\"[vc_row][vc_column][vc_video link=&#8221;https:\/\/youtu.be\/KzkHwDMoX-k&#8221;][vc_column_text] En mai 2023, Farouk Hossen Group ouvre les portes de sa premi\u00e8re clinique sp\u00e9cialis\u00e9e en soins ophtalmologiques, en partenariat avec les ophtalmologues et le Royal Green Hospital, situ\u00e9e \u00e0 Moka. A travers des installations de pointes, notre clinique est con\u00e7ue pour r\u00e9pondre \u00e0 l&#8217;ensemble de vos besoins en mati\u00e8re de soins et de&hellip;\" \/>\n<meta property=\"og:url\" content=\"https:\/\/faroukhossen.com\/clinic\/\" \/>\n<meta property=\"og:site_name\" content=\"Farouk Hossen Opticians\" \/>\n<meta property=\"article:publisher\" content=\"https:\/\/www.facebook.com\/farouk.hossen\/\" \/>\n<meta property=\"article:modified_time\" content=\"2024-10-24T16:59:23+00:00\" \/>\n<meta name=\"twitter:card\" content=\"summary_large_image\" \/>\n<meta name=\"twitter:label1\" content=\"Dur\u00e9e de lecture estim\u00e9e\" \/>\n\t<meta name=\"twitter:data1\" content=\"2 minutes\" \/>\n<script type=\"application\/ld+json\" class=\"yoast-schema-graph\">{\"@context\":\"https:\\\/\\\/schema.org\",\"@graph\":[{\"@type\":\"WebPage\",\"@id\":\"https:\\\/\\\/faroukhossen.com\\\/clinic\\\/\",\"url\":\"https:\\\/\\\/faroukhossen.com\\\/clinic\\\/\",\"name\":\"[:en]Clinic[:fr]Clinique[:] - Farouk Hossen Opticians\",\"isPartOf\":{\"@id\":\"https:\\\/\\\/faroukhossen.com\\\/#website\"},\"datePublished\":\"2023-09-10T04:54:20+00:00\",\"dateModified\":\"2024-10-24T16:59:23+00:00\",\"breadcrumb\":{\"@id\":\"https:\\\/\\\/faroukhossen.com\\\/clinic\\\/#breadcrumb\"},\"inLanguage\":\"fr-FR\",\"potentialAction\":[{\"@type\":\"ReadAction\",\"target\":[\"https:\\\/\\\/faroukhossen.com\\\/clinic\\\/\"]}]},{\"@type\":\"BreadcrumbList\",\"@id\":\"https:\\\/\\\/faroukhossen.com\\\/clinic\\\/#breadcrumb\",\"itemListElement\":[{\"@type\":\"ListItem\",\"position\":1,\"name\":\"Home\",\"item\":\"https:\\\/\\\/faroukhossen.com\\\/\"},{\"@type\":\"ListItem\",\"position\":2,\"name\":\"Clinic\"}]},{\"@type\":\"WebSite\",\"@id\":\"https:\\\/\\\/faroukhossen.com\\\/#website\",\"url\":\"https:\\\/\\\/faroukhossen.com\\\/\",\"name\":\"Farouk Hossen Opticians\",\"description\":\"Optician of Mauritians\",\"publisher\":{\"@id\":\"https:\\\/\\\/faroukhossen.com\\\/#organization\"},\"potentialAction\":[{\"@type\":\"SearchAction\",\"target\":{\"@type\":\"EntryPoint\",\"urlTemplate\":\"https:\\\/\\\/faroukhossen.com\\\/?s={search_term_string}\"},\"query-input\":{\"@type\":\"PropertyValueSpecification\",\"valueRequired\":true,\"valueName\":\"search_term_string\"}}],\"inLanguage\":\"fr-FR\"},{\"@type\":\"Organization\",\"@id\":\"https:\\\/\\\/faroukhossen.com\\\/#organization\",\"name\":\"Farouk Hossen Opticians\",\"url\":\"https:\\\/\\\/faroukhossen.com\\\/\",\"logo\":{\"@type\":\"ImageObject\",\"inLanguage\":\"fr-FR\",\"@id\":\"https:\\\/\\\/faroukhossen.com\\\/#\\\/schema\\\/logo\\\/image\\\/\",\"url\":\"https:\\\/\\\/faroukhossen.com\\\/wp-content\\\/uploads\\\/2017\\\/11\\\/FAROUK-HOSSEN_2017_Logo_FINALphonehigh.png\",\"contentUrl\":\"https:\\\/\\\/faroukhossen.com\\\/wp-content\\\/uploads\\\/2017\\\/11\\\/FAROUK-HOSSEN_2017_Logo_FINALphonehigh.png\",\"width\":660,\"height\":173,\"caption\":\"Farouk Hossen Opticians\"},\"image\":{\"@id\":\"https:\\\/\\\/faroukhossen.com\\\/#\\\/schema\\\/logo\\\/image\\\/\"},\"sameAs\":[\"https:\\\/\\\/www.facebook.com\\\/farouk.hossen\\\/\",\"https:\\\/\\\/www.instagram.com\\\/farouk_hossen_opticians\\\/\"]}]}<\/script>\n<!-- \/ Yoast SEO Premium plugin. -->","yoast_head_json":{"title":"[:en]Clinic[:fr]Clinique[:] - Farouk Hossen Opticians","robots":{"index":"index","follow":"follow","max-snippet":"max-snippet:-1","max-image-preview":"max-image-preview:large","max-video-preview":"max-video-preview:-1"},"canonical":"https:\/\/faroukhossen.com\/clinic\/","og_locale":"fr_FR","og_type":"article","og_title":"[:en]Clinic[:fr]Clinique[:]","og_description":"[vc_row][vc_column][vc_video link=&#8221;https:\/\/youtu.be\/KzkHwDMoX-k&#8221;][vc_column_text] En mai 2023, Farouk Hossen Group ouvre les portes de sa premi\u00e8re clinique sp\u00e9cialis\u00e9e en soins ophtalmologiques, en partenariat avec les ophtalmologues et le Royal Green Hospital, situ\u00e9e \u00e0 Moka. A travers des installations de pointes, notre clinique est con\u00e7ue pour r\u00e9pondre \u00e0 l&#8217;ensemble de vos besoins en mati\u00e8re de soins et de&hellip;","og_url":"https:\/\/faroukhossen.com\/clinic\/","og_site_name":"Farouk Hossen Opticians","article_publisher":"https:\/\/www.facebook.com\/farouk.hossen\/","article_modified_time":"2024-10-24T16:59:23+00:00","twitter_card":"summary_large_image","twitter_misc":{"Dur\u00e9e de lecture estim\u00e9e":"2 minutes"},"schema":{"@context":"https:\/\/schema.org","@graph":[{"@type":"WebPage","@id":"https:\/\/faroukhossen.com\/clinic\/","url":"https:\/\/faroukhossen.com\/clinic\/","name":"[:en]Clinic[:fr]Clinique[:] - Farouk Hossen Opticians","isPartOf":{"@id":"https:\/\/faroukhossen.com\/#website"},"datePublished":"2023-09-10T04:54:20+00:00","dateModified":"2024-10-24T16:59:23+00:00","breadcrumb":{"@id":"https:\/\/faroukhossen.com\/clinic\/#breadcrumb"},"inLanguage":"fr-FR","potentialAction":[{"@type":"ReadAction","target":["https:\/\/faroukhossen.com\/clinic\/"]}]},{"@type":"BreadcrumbList","@id":"https:\/\/faroukhossen.com\/clinic\/#breadcrumb","itemListElement":[{"@type":"ListItem","position":1,"name":"Home","item":"https:\/\/faroukhossen.com\/"},{"@type":"ListItem","position":2,"name":"Clinic"}]},{"@type":"WebSite","@id":"https:\/\/faroukhossen.com\/#website","url":"https:\/\/faroukhossen.com\/","name":"Farouk Hossen Opticians","description":"Optician of Mauritians","publisher":{"@id":"https:\/\/faroukhossen.com\/#organization"},"potentialAction":[{"@type":"SearchAction","target":{"@type":"EntryPoint","urlTemplate":"https:\/\/faroukhossen.com\/?s={search_term_string}"},"query-input":{"@type":"PropertyValueSpecification","valueRequired":true,"valueName":"search_term_string"}}],"inLanguage":"fr-FR"},{"@type":"Organization","@id":"https:\/\/faroukhossen.com\/#organization","name":"Farouk Hossen Opticians","url":"https:\/\/faroukhossen.com\/","logo":{"@type":"ImageObject","inLanguage":"fr-FR","@id":"https:\/\/faroukhossen.com\/#\/schema\/logo\/image\/","url":"https:\/\/faroukhossen.com\/wp-content\/uploads\/2017\/11\/FAROUK-HOSSEN_2017_Logo_FINALphonehigh.png","contentUrl":"https:\/\/faroukhossen.com\/wp-content\/uploads\/2017\/11\/FAROUK-HOSSEN_2017_Logo_FINALphonehigh.png","width":660,"height":173,"caption":"Farouk Hossen Opticians"},"image":{"@id":"https:\/\/faroukhossen.com\/#\/schema\/logo\/image\/"},"sameAs":["https:\/\/www.facebook.com\/farouk.hossen\/","https:\/\/www.instagram.com\/farouk_hossen_opticians\/"]}]}},"jetpack_sharing_enabled":true,"_links":{"self":[{"href":"https:\/\/faroukhossen.com\/fr\/wp-json\/wp\/v2\/pages\/6033","targetHints":{"allow":["GET"]}}],"collection":[{"href":"https:\/\/faroukhossen.com\/fr\/wp-json\/wp\/v2\/pages"}],"about":[{"href":"https:\/\/faroukhossen.com\/fr\/wp-json\/wp\/v2\/types\/page"}],"author":[{"embeddable":true,"href":"https:\/\/faroukhossen.com\/fr\/wp-json\/wp\/v2\/users\/10"}],"replies":[{"embeddable":true,"href":"https:\/\/faroukhossen.com\/fr\/wp-json\/wp\/v2\/comments?post=6033"}],"version-history":[{"count":5,"href":"https:\/\/faroukhossen.com\/fr\/wp-json\/wp\/v2\/pages\/6033\/revisions"}],"predecessor-version":[{"id":6277,"href":"https:\/\/faroukhossen.com\/fr\/wp-json\/wp\/v2\/pages\/6033\/revisions\/6277"}],"wp:attachment":[{"href":"https:\/\/faroukhossen.com\/fr\/wp-json\/wp\/v2\/media?parent=6033"}],"curies":[{"name":"wp","href":"https:\/\/api.w.org\/{rel}","templated":true}]}}