{"id":332,"date":"2016-05-03T18:45:13","date_gmt":"2016-05-03T17:45:13","guid":{"rendered":"http:\/\/the7.io\/medical\/?page_id=332"},"modified":"2023-09-23T02:53:45","modified_gmt":"2023-09-22T22:53:45","slug":"services","status":"publish","type":"page","link":"https:\/\/faroukhossen.com\/fr\/services\/","title":{"rendered":"Services"},"content":{"rendered":"<p>[vc_row gap=&#8221;30&#8243; equal_height=&#8221;yes&#8221; type=&#8221;vc_default&#8221; el_class=&#8221;custom-columns-gap&#8221; css=&#8221;.vc_custom_1474222079273{margin-top: -15px !important;margin-bottom: -15px !important;padding-right: 25px !important;padding-left: 25px !important;}&#8221;][vc_column width=&#8221;1\/2&#8243; offset=&#8221;vc_col-lg-4 vc_col-md-6 vc_col-xs-12&#8243; css=&#8221;.vc_custom_1471329811930{padding-top: 0px !important;padding-right: 0px !important;padding-bottom: 0px !important;padding-left: 0px !important;background-color: #f4f4f4 !important;}&#8221;][vc_single_image image=&#8221;5323&#8243; img_size=&#8221;960&#215;550&#8243; lazy_loading=&#8221;true&#8221;]<div class=\"ult-content-box-container \" >\t\t<div class=\"ult-content-box\" style=\"box-shadow: px px px px #f7f7f7 none;padding:30px;-webkit-transition: all 700ms ease;-moz-transition: all 700ms ease;-ms-transition: all 700ms ease;-o-transition: all 700ms ease;transition: all 700ms ease;\"  data-hover_box_shadow=\"none\"    ><div id=\"ultimate-heading-560469ea58c4ea2b0\" class=\"uvc-heading ult-adjust-bottom-margin ultimate-heading-560469ea58c4ea2b0 uvc-176 \" data-hspacer=\"no_spacer\"  data-halign=\"left\" style=\"text-align:left\"><div class=\"uvc-heading-spacer no_spacer\" style=\"top\"><\/div><div class=\"uvc-main-heading ult-responsive\"  data-ultimate-target='.uvc-heading.ultimate-heading-560469ea58c4ea2b0 h2'  data-responsive-json-new='{\"font-size\":\"desktop:20px;\",\"line-height\":\"desktop:26px;\"}' ><h2 style=\"font-weight:bold;margin-bottom:15px;\">Examen de la vue<\/h2><\/div><\/div>[vc_column_text css=&#8221;.vc_custom_1524412531494{margin-bottom: 22px !important;}&#8221;]Nous proc\u00e9dons \u00e0 un examen de la vue pour chaque patient que nous rencontrons afin de veiller que tout soit en ordre.[\/vc_column_text]\t\t<\/div><\/div>[\/vc_column][vc_column width=&#8221;1\/2&#8243; offset=&#8221;vc_col-lg-4 vc_col-md-6 vc_col-xs-12&#8243; css=&#8221;.vc_custom_1462348233869{padding-top: 0px !important;padding-right: 0px !important;padding-bottom: 0px !important;padding-left: 0px !important;background-color: #f4f4f4 !important;}&#8221;][vc_single_image image=&#8221;1505&#8243; img_size=&#8221;1000&#215;550&#8243; lazy_loading=&#8221;true&#8221;]<div class=\"ult-content-box-container \" >\t\t<div class=\"ult-content-box\" style=\"box-shadow: px px px px #f7f7f7 none;padding:30px;-webkit-transition: all 700ms ease;-moz-transition: all 700ms ease;-ms-transition: all 700ms ease;-o-transition: all 700ms ease;transition: all 700ms ease;\"  data-hover_box_shadow=\"none\"    ><div id=\"ultimate-heading-419569ea58c4ea314\" class=\"uvc-heading ult-adjust-bottom-margin ultimate-heading-419569ea58c4ea314 uvc-6635 \" data-hspacer=\"no_spacer\"  data-halign=\"left\" style=\"text-align:left\"><div class=\"uvc-heading-spacer no_spacer\" style=\"top\"><\/div><div class=\"uvc-main-heading ult-responsive\"  data-ultimate-target='.uvc-heading.ultimate-heading-419569ea58c4ea314 h2'  data-responsive-json-new='{\"font-size\":\"desktop:20px;\",\"line-height\":\"desktop:26px;\"}' ><h2 style=\"font-weight:bold;margin-bottom:12px;\">Examen complet de l\u2019\u0153il et d\u00e9pistage des maladies oculaires<\/h2><\/div><\/div>[vc_column_text css=&#8221;.vc_custom_1524585114597{margin-bottom: 22px !important;}&#8221;]\u00c0 mesure que nous vieillissons, il devient n\u00e9cessaire d\u2019effectuer des examens de la vue r\u00e9guliers. Nos sp\u00e9cialistes r\u00e9alisent un examen minutieux de vos yeux afin de d\u00e9tecter l&#8217;apparition de maladies comme le diab\u00e8te, les cataractes, l&#8217;hypertension oculaire mais aussi d&#8217;autres d\u00e9fauts de vision courants.[\/vc_column_text]\t\t<\/div><\/div>[\/vc_column][vc_column width=&#8221;1\/2&#8243; offset=&#8221;vc_col-lg-4 vc_col-md-6 vc_col-xs-12&#8243; css=&#8221;.vc_custom_1462348241578{padding-top: 0px !important;padding-right: 0px !important;padding-bottom: 0px !important;padding-left: 0px !important;background-color: #f4f4f4 !important;}&#8221;][vc_single_image image=&#8221;1503&#8243; img_size=&#8221;1000&#215;550&#8243; lazy_loading=&#8221;true&#8221;]<div class=\"ult-content-box-container \" >\t\t<div class=\"ult-content-box\" style=\"box-shadow: px px px px #f7f7f7 none;padding:30px;-webkit-transition: all 700ms ease;-moz-transition: all 700ms ease;-ms-transition: all 700ms ease;-o-transition: all 700ms ease;transition: all 700ms ease;\"  data-hover_box_shadow=\"none\"    ><div id=\"ultimate-heading-352969ea58c4ea377\" class=\"uvc-heading ult-adjust-bottom-margin ultimate-heading-352969ea58c4ea377 uvc-8235 \" data-hspacer=\"no_spacer\"  data-halign=\"left\" style=\"text-align:left\"><div class=\"uvc-heading-spacer no_spacer\" style=\"top\"><\/div><div class=\"uvc-main-heading ult-responsive\"  data-ultimate-target='.uvc-heading.ultimate-heading-352969ea58c4ea377 h2'  data-responsive-json-new='{\"font-size\":\"desktop:20px;\",\"line-height\":\"desktop:26px;\"}' ><h2 style=\"font-weight:bold;margin-bottom:15px;\">Prescription et adaptation des lentilles de contact<\/h2><\/div><\/div>[vc_column_text css=&#8221;.vc_custom_1524584976707{margin-bottom: 22px !important;}&#8221;]Tout comme une empreinte digitale, chaque corn\u00e9e poss\u00e8de une topographie unique. Nous les examinons rigoureusement afin de proposer des lentilles de contact adapt\u00e9es\u00a0\u00e0 vos besoins.[\/vc_column_text]\t\t<\/div><\/div>[\/vc_column][vc_column width=&#8221;1\/2&#8243; offset=&#8221;vc_col-lg-4 vc_col-md-6 vc_col-xs-12&#8243; css=&#8221;.vc_custom_1462348284772{padding-top: 0px !important;padding-right: 0px !important;padding-bottom: 0px !important;padding-left: 0px !important;background-color: #f4f4f4 !important;}&#8221;][vc_single_image image=&#8221;1507&#8243; img_size=&#8221;1000&#215;550&#8243; lazy_loading=&#8221;true&#8221;]<div class=\"ult-content-box-container \" >\t\t<div class=\"ult-content-box\" style=\"box-shadow: px px px px #f7f7f7 none;padding:30px;-webkit-transition: all 700ms ease;-moz-transition: all 700ms ease;-ms-transition: all 700ms ease;-o-transition: all 700ms ease;transition: all 700ms ease;\"  data-hover_box_shadow=\"none\"    ><div id=\"ultimate-heading-799369ea58c4ea3da\" class=\"uvc-heading ult-adjust-bottom-margin ultimate-heading-799369ea58c4ea3da uvc-7973 \" data-hspacer=\"no_spacer\"  data-halign=\"left\" style=\"text-align:left\"><div class=\"uvc-heading-spacer no_spacer\" style=\"top\"><\/div><div class=\"uvc-main-heading ult-responsive\"  data-ultimate-target='.uvc-heading.ultimate-heading-799369ea58c4ea3da h2'  data-responsive-json-new='{\"font-size\":\"desktop:20px;\",\"line-height\":\"desktop:26px;\"}' ><h2 style=\"font-weight:bold;margin-bottom:12px;\">Fabrication et pause de Proth\u00e8ses oculaires<\/h2><\/div><\/div>[vc_column_text css=&#8221;.vc_custom_1524585034887{margin-bottom: 22px !important;}&#8221;]Nous proposons des proth\u00e8ses oculaires fabriqu\u00e9es sur mesure \u00e0 nos patients ayant subi un traumatisme de l\u2019\u0153il. Nous vous accompagnons dans la phase de transition et d\u2019adaptation, gr\u00e2ce \u00e0\u00a0un service de suivi de premi\u00e8re classe.[\/vc_column_text]\t\t<\/div><\/div>[\/vc_column][vc_column width=&#8221;1\/2&#8243; css=&#8221;.vc_custom_1462347545128{padding-top: 0px !important;padding-right: 0px !important;padding-bottom: 0px !important;padding-left: 0px !important;background-color: #f4f4f4 !important;}&#8221; offset=&#8221;vc_col-lg-4&#8243;][vc_single_image image=&#8221;1504&#8243; img_size=&#8221;full&#8221; lazy_loading=&#8221;true&#8221;]<div class=\"ult-content-box-container \" >\t\t<div class=\"ult-content-box\" style=\"box-shadow: px px px px #f7f7f7 none;padding:30px;-webkit-transition: all 700ms ease;-moz-transition: all 700ms ease;-ms-transition: all 700ms ease;-o-transition: all 700ms ease;transition: all 700ms ease;\"  data-hover_box_shadow=\"none\"    ><div id=\"ultimate-heading-192969ea58c4ea44d\" class=\"uvc-heading ult-adjust-bottom-margin ultimate-heading-192969ea58c4ea44d uvc-608 \" data-hspacer=\"no_spacer\"  data-halign=\"left\" style=\"text-align:left\"><div class=\"uvc-heading-spacer no_spacer\" style=\"top\"><\/div><div class=\"uvc-main-heading ult-responsive\"  data-ultimate-target='.uvc-heading.ultimate-heading-192969ea58c4ea44d h2'  data-responsive-json-new='{\"font-size\":\"desktop:20px;\",\"line-height\":\"desktop:26px;\"}' ><h2 style=\"font-weight:bold;margin-bottom:12px;\">Services optiques<\/h2><\/div><\/div>[vc_column_text css=&#8221;.vc_custom_1525839339864{margin-bottom: 22px !important;}&#8221;]Nous proposons un vaste choix de montures solaires et optiques de qualit\u00e9. Nous r\u00e9parons et ajustons vos lunettes et nous effor\u00e7ons de fournir un excellent service apr\u00e8s-vente.[\/vc_column_text]\t\t<\/div><\/div>[\/vc_column][vc_column width=&#8221;1\/2&#8243; offset=&#8221;vc_col-lg-4&#8243; css=&#8221;.vc_custom_1694319988885{background-color: #f4f4f4 !important;}&#8221;][vc_single_image image=&#8221;6028&#8243; img_size=&#8221;full&#8221; lazy_loading=&#8221;true&#8221;]<div class=\"ult-content-box-container \" >\t\t<div class=\"ult-content-box\" style=\"box-shadow: px px px px #f7f7f7 none;padding:30px;-webkit-transition: all 700ms ease;-moz-transition: all 700ms ease;-ms-transition: all 700ms ease;-o-transition: all 700ms ease;transition: all 700ms ease;\"  data-hover_box_shadow=\"none\"    ><div id=\"ultimate-heading-946469ea58c4ea4b5\" class=\"uvc-heading ult-adjust-bottom-margin ultimate-heading-946469ea58c4ea4b5 uvc-6945 \" data-hspacer=\"no_spacer\"  data-halign=\"left\" style=\"text-align:left\"><div class=\"uvc-heading-spacer no_spacer\" style=\"top\"><\/div><div class=\"uvc-main-heading ult-responsive\"  data-ultimate-target='.uvc-heading.ultimate-heading-946469ea58c4ea4b5 h2'  data-responsive-json-new='{\"font-size\":\"desktop:20px;\",\"line-height\":\"desktop:26px;\"}' ><h2 style=\"font-weight:bold;margin-bottom:12px;\">Clinique Ophtalmologique de Royal Green<\/h2><\/div><\/div>[vc_column_text css=&#8221;.vc_custom_1695423220977{margin-bottom: 22px !important;}&#8221;]<\/p>\n<p style=\"font-weight: 400;\">En mai 2023, Farouk Hossen Group ouvre les portes de sa premi\u00e8re clinique sp\u00e9cialis\u00e9e en soins ophtalmologiques, en partenariat avec les ophtalmologues et le\u00a0 Royal Green Hospital, situ\u00e9e \u00e0 Moka.<\/p>\n<p style=\"font-weight: 400;\">A travers des installations de pointes, notre clinique est con\u00e7ue pour r\u00e9pondre \u00e0 l&#8217;ensemble de vos besoins en mati\u00e8re de soins et de chirurgie ophtalmologiques.<\/p>\n<p style=\"font-weight: 400;\"><a href=\"https:\/\/faroukhossen.com\/clinic\/\">EN SAVOIR PLUS<\/a><\/p>\n<p>[\/vc_column_text]\t\t<\/div><\/div>[\/vc_column][\/vc_row]<\/p>","protected":false},"excerpt":{"rendered":"<p>[vc_row gap=&#8221;30&#8243; equal_height=&#8221;yes&#8221; type=&#8221;vc_default&#8221; el_class=&#8221;custom-columns-gap&#8221; css=&#8221;.vc_custom_1474222079273{margin-top: -15px !important;margin-bottom: -15px !important;padding-right: 25px !important;padding-left: 25px !important;}&#8221;][vc_column width=&#8221;1\/2&#8243; offset=&#8221;vc_col-lg-4 vc_col-md-6 vc_col-xs-12&#8243; css=&#8221;.vc_custom_1471329811930{padding-top: 0px !important;padding-right: 0px !important;padding-bottom: 0px !important;padding-left: 0px !important;background-color: #f4f4f4 !important;}&#8221;][vc_single_image image=&#8221;5323&#8243; img_size=&#8221;960&#215;550&#8243; lazy_loading=&#8221;true&#8221;][\/vc_column][vc_column width=&#8221;1\/2&#8243; offset=&#8221;vc_col-lg-4 vc_col-md-6 vc_col-xs-12&#8243; css=&#8221;.vc_custom_1462348233869{padding-top: 0px !important;padding-right: 0px !important;padding-bottom: 0px !important;padding-left: 0px !important;background-color: #f4f4f4 !important;}&#8221;][vc_single_image image=&#8221;1505&#8243; img_size=&#8221;1000&#215;550&#8243; lazy_loading=&#8221;true&#8221;][\/vc_column][vc_column width=&#8221;1\/2&#8243; offset=&#8221;vc_col-lg-4 vc_col-md-6 vc_col-xs-12&#8243; css=&#8221;.vc_custom_1462348241578{padding-top:&hellip;<\/p>\n","protected":false},"author":1,"featured_media":0,"parent":0,"menu_order":5,"comment_status":"closed","ping_status":"closed","template":"","meta":{"nf_dc_page":""},"class_list":["post-332","page","type-page","status-publish","hentry","description-off"],"yoast_head":"<!-- This site is optimized with the Yoast SEO Premium plugin v20.9 (Yoast SEO v27.4) - https:\/\/yoast.com\/product\/yoast-seo-premium-wordpress\/ -->\n<title>Services - Farouk Hossen Opticians<\/title>\n<meta name=\"robots\" content=\"index, follow, max-snippet:-1, max-image-preview:large, max-video-preview:-1\" \/>\n<link rel=\"canonical\" href=\"https:\/\/faroukhossen.com\/services\/\" \/>\n<meta property=\"og:locale\" content=\"fr_FR\" \/>\n<meta property=\"og:type\" content=\"article\" \/>\n<meta property=\"og:title\" content=\"Services\" \/>\n<meta property=\"og:description\" content=\"[vc_row gap=&#8221;30&#8243; equal_height=&#8221;yes&#8221; type=&#8221;vc_default&#8221; el_class=&#8221;custom-columns-gap&#8221; css=&#8221;.vc_custom_1474222079273{margin-top: -15px !important;margin-bottom: -15px !important;padding-right: 25px !important;padding-left: 25px !important;}&#8221;][vc_column width=&#8221;1\/2&#8243; offset=&#8221;vc_col-lg-4 vc_col-md-6 vc_col-xs-12&#8243; css=&#8221;.vc_custom_1471329811930{padding-top: 0px !important;padding-right: 0px !important;padding-bottom: 0px !important;padding-left: 0px !important;background-color: #f4f4f4 !important;}&#8221;][vc_single_image image=&#8221;5323&#8243; img_size=&#8221;960&#215;550&#8243; lazy_loading=&#8221;true&#8221;][\/vc_column][vc_column width=&#8221;1\/2&#8243; offset=&#8221;vc_col-lg-4 vc_col-md-6 vc_col-xs-12&#8243; css=&#8221;.vc_custom_1462348233869{padding-top: 0px !important;padding-right: 0px !important;padding-bottom: 0px !important;padding-left: 0px !important;background-color: #f4f4f4 !important;}&#8221;][vc_single_image image=&#8221;1505&#8243; img_size=&#8221;1000&#215;550&#8243; lazy_loading=&#8221;true&#8221;][\/vc_column][vc_column width=&#8221;1\/2&#8243; offset=&#8221;vc_col-lg-4 vc_col-md-6 vc_col-xs-12&#8243; css=&#8221;.vc_custom_1462348241578{padding-top:&hellip;\" \/>\n<meta property=\"og:url\" content=\"https:\/\/faroukhossen.com\/services\/\" \/>\n<meta property=\"og:site_name\" content=\"Farouk Hossen Opticians\" \/>\n<meta property=\"article:publisher\" content=\"https:\/\/www.facebook.com\/farouk.hossen\/\" \/>\n<meta property=\"article:modified_time\" content=\"2023-09-22T22:53:45+00:00\" \/>\n<meta name=\"twitter:card\" content=\"summary_large_image\" \/>\n<meta name=\"twitter:label1\" content=\"Dur\u00e9e de lecture estim\u00e9e\" \/>\n\t<meta name=\"twitter:data1\" content=\"2 minutes\" \/>\n<script type=\"application\/ld+json\" class=\"yoast-schema-graph\">{\"@context\":\"https:\\\/\\\/schema.org\",\"@graph\":[{\"@type\":\"WebPage\",\"@id\":\"https:\\\/\\\/faroukhossen.com\\\/services\\\/\",\"url\":\"https:\\\/\\\/faroukhossen.com\\\/services\\\/\",\"name\":\"Services - Farouk Hossen Opticians\",\"isPartOf\":{\"@id\":\"https:\\\/\\\/faroukhossen.com\\\/#website\"},\"datePublished\":\"2016-05-03T17:45:13+00:00\",\"dateModified\":\"2023-09-22T22:53:45+00:00\",\"breadcrumb\":{\"@id\":\"https:\\\/\\\/faroukhossen.com\\\/services\\\/#breadcrumb\"},\"inLanguage\":\"fr-FR\",\"potentialAction\":[{\"@type\":\"ReadAction\",\"target\":[\"https:\\\/\\\/faroukhossen.com\\\/services\\\/\"]}]},{\"@type\":\"BreadcrumbList\",\"@id\":\"https:\\\/\\\/faroukhossen.com\\\/services\\\/#breadcrumb\",\"itemListElement\":[{\"@type\":\"ListItem\",\"position\":1,\"name\":\"Home\",\"item\":\"https:\\\/\\\/faroukhossen.com\\\/\"},{\"@type\":\"ListItem\",\"position\":2,\"name\":\"Services\"}]},{\"@type\":\"WebSite\",\"@id\":\"https:\\\/\\\/faroukhossen.com\\\/#website\",\"url\":\"https:\\\/\\\/faroukhossen.com\\\/\",\"name\":\"Farouk Hossen Opticians\",\"description\":\"Optician of Mauritians\",\"publisher\":{\"@id\":\"https:\\\/\\\/faroukhossen.com\\\/#organization\"},\"potentialAction\":[{\"@type\":\"SearchAction\",\"target\":{\"@type\":\"EntryPoint\",\"urlTemplate\":\"https:\\\/\\\/faroukhossen.com\\\/?s={search_term_string}\"},\"query-input\":{\"@type\":\"PropertyValueSpecification\",\"valueRequired\":true,\"valueName\":\"search_term_string\"}}],\"inLanguage\":\"fr-FR\"},{\"@type\":\"Organization\",\"@id\":\"https:\\\/\\\/faroukhossen.com\\\/#organization\",\"name\":\"Farouk Hossen Opticians\",\"url\":\"https:\\\/\\\/faroukhossen.com\\\/\",\"logo\":{\"@type\":\"ImageObject\",\"inLanguage\":\"fr-FR\",\"@id\":\"https:\\\/\\\/faroukhossen.com\\\/#\\\/schema\\\/logo\\\/image\\\/\",\"url\":\"https:\\\/\\\/faroukhossen.com\\\/wp-content\\\/uploads\\\/2017\\\/11\\\/FAROUK-HOSSEN_2017_Logo_FINALphonehigh.png\",\"contentUrl\":\"https:\\\/\\\/faroukhossen.com\\\/wp-content\\\/uploads\\\/2017\\\/11\\\/FAROUK-HOSSEN_2017_Logo_FINALphonehigh.png\",\"width\":660,\"height\":173,\"caption\":\"Farouk Hossen Opticians\"},\"image\":{\"@id\":\"https:\\\/\\\/faroukhossen.com\\\/#\\\/schema\\\/logo\\\/image\\\/\"},\"sameAs\":[\"https:\\\/\\\/www.facebook.com\\\/farouk.hossen\\\/\",\"https:\\\/\\\/www.instagram.com\\\/farouk_hossen_opticians\\\/\"]}]}<\/script>\n<!-- \/ Yoast SEO Premium plugin. -->","yoast_head_json":{"title":"Services - Farouk Hossen Opticians","robots":{"index":"index","follow":"follow","max-snippet":"max-snippet:-1","max-image-preview":"max-image-preview:large","max-video-preview":"max-video-preview:-1"},"canonical":"https:\/\/faroukhossen.com\/services\/","og_locale":"fr_FR","og_type":"article","og_title":"Services","og_description":"[vc_row gap=&#8221;30&#8243; equal_height=&#8221;yes&#8221; type=&#8221;vc_default&#8221; el_class=&#8221;custom-columns-gap&#8221; css=&#8221;.vc_custom_1474222079273{margin-top: -15px !important;margin-bottom: -15px !important;padding-right: 25px !important;padding-left: 25px !important;}&#8221;][vc_column width=&#8221;1\/2&#8243; offset=&#8221;vc_col-lg-4 vc_col-md-6 vc_col-xs-12&#8243; css=&#8221;.vc_custom_1471329811930{padding-top: 0px !important;padding-right: 0px !important;padding-bottom: 0px !important;padding-left: 0px !important;background-color: #f4f4f4 !important;}&#8221;][vc_single_image image=&#8221;5323&#8243; img_size=&#8221;960&#215;550&#8243; lazy_loading=&#8221;true&#8221;][\/vc_column][vc_column width=&#8221;1\/2&#8243; offset=&#8221;vc_col-lg-4 vc_col-md-6 vc_col-xs-12&#8243; css=&#8221;.vc_custom_1462348233869{padding-top: 0px !important;padding-right: 0px !important;padding-bottom: 0px !important;padding-left: 0px !important;background-color: #f4f4f4 !important;}&#8221;][vc_single_image image=&#8221;1505&#8243; img_size=&#8221;1000&#215;550&#8243; lazy_loading=&#8221;true&#8221;][\/vc_column][vc_column width=&#8221;1\/2&#8243; offset=&#8221;vc_col-lg-4 vc_col-md-6 vc_col-xs-12&#8243; css=&#8221;.vc_custom_1462348241578{padding-top:&hellip;","og_url":"https:\/\/faroukhossen.com\/services\/","og_site_name":"Farouk Hossen Opticians","article_publisher":"https:\/\/www.facebook.com\/farouk.hossen\/","article_modified_time":"2023-09-22T22:53:45+00:00","twitter_card":"summary_large_image","twitter_misc":{"Dur\u00e9e de lecture estim\u00e9e":"2 minutes"},"schema":{"@context":"https:\/\/schema.org","@graph":[{"@type":"WebPage","@id":"https:\/\/faroukhossen.com\/services\/","url":"https:\/\/faroukhossen.com\/services\/","name":"Services - Farouk Hossen Opticians","isPartOf":{"@id":"https:\/\/faroukhossen.com\/#website"},"datePublished":"2016-05-03T17:45:13+00:00","dateModified":"2023-09-22T22:53:45+00:00","breadcrumb":{"@id":"https:\/\/faroukhossen.com\/services\/#breadcrumb"},"inLanguage":"fr-FR","potentialAction":[{"@type":"ReadAction","target":["https:\/\/faroukhossen.com\/services\/"]}]},{"@type":"BreadcrumbList","@id":"https:\/\/faroukhossen.com\/services\/#breadcrumb","itemListElement":[{"@type":"ListItem","position":1,"name":"Home","item":"https:\/\/faroukhossen.com\/"},{"@type":"ListItem","position":2,"name":"Services"}]},{"@type":"WebSite","@id":"https:\/\/faroukhossen.com\/#website","url":"https:\/\/faroukhossen.com\/","name":"Farouk Hossen Opticians","description":"Optician of Mauritians","publisher":{"@id":"https:\/\/faroukhossen.com\/#organization"},"potentialAction":[{"@type":"SearchAction","target":{"@type":"EntryPoint","urlTemplate":"https:\/\/faroukhossen.com\/?s={search_term_string}"},"query-input":{"@type":"PropertyValueSpecification","valueRequired":true,"valueName":"search_term_string"}}],"inLanguage":"fr-FR"},{"@type":"Organization","@id":"https:\/\/faroukhossen.com\/#organization","name":"Farouk Hossen Opticians","url":"https:\/\/faroukhossen.com\/","logo":{"@type":"ImageObject","inLanguage":"fr-FR","@id":"https:\/\/faroukhossen.com\/#\/schema\/logo\/image\/","url":"https:\/\/faroukhossen.com\/wp-content\/uploads\/2017\/11\/FAROUK-HOSSEN_2017_Logo_FINALphonehigh.png","contentUrl":"https:\/\/faroukhossen.com\/wp-content\/uploads\/2017\/11\/FAROUK-HOSSEN_2017_Logo_FINALphonehigh.png","width":660,"height":173,"caption":"Farouk Hossen Opticians"},"image":{"@id":"https:\/\/faroukhossen.com\/#\/schema\/logo\/image\/"},"sameAs":["https:\/\/www.facebook.com\/farouk.hossen\/","https:\/\/www.instagram.com\/farouk_hossen_opticians\/"]}]}},"jetpack_sharing_enabled":true,"_links":{"self":[{"href":"https:\/\/faroukhossen.com\/fr\/wp-json\/wp\/v2\/pages\/332","targetHints":{"allow":["GET"]}}],"collection":[{"href":"https:\/\/faroukhossen.com\/fr\/wp-json\/wp\/v2\/pages"}],"about":[{"href":"https:\/\/faroukhossen.com\/fr\/wp-json\/wp\/v2\/types\/page"}],"author":[{"embeddable":true,"href":"https:\/\/faroukhossen.com\/fr\/wp-json\/wp\/v2\/users\/1"}],"replies":[{"embeddable":true,"href":"https:\/\/faroukhossen.com\/fr\/wp-json\/wp\/v2\/comments?post=332"}],"version-history":[{"count":6,"href":"https:\/\/faroukhossen.com\/fr\/wp-json\/wp\/v2\/pages\/332\/revisions"}],"predecessor-version":[{"id":6070,"href":"https:\/\/faroukhossen.com\/fr\/wp-json\/wp\/v2\/pages\/332\/revisions\/6070"}],"wp:attachment":[{"href":"https:\/\/faroukhossen.com\/fr\/wp-json\/wp\/v2\/media?parent=332"}],"curies":[{"name":"wp","href":"https:\/\/api.w.org\/{rel}","templated":true}]}}