{"id":1674,"date":"2018-01-14T19:58:33","date_gmt":"2018-01-14T19:58:33","guid":{"rendered":"http:\/\/ec2-34-215-87-137.us-west-2.compute.amazonaws.com\/?page_id=1674"},"modified":"2018-04-24T15:40:00","modified_gmt":"2018-04-24T15:40:00","slug":"verres","status":"publish","type":"page","link":"https:\/\/faroukhossen.com\/fr\/products\/verres\/","title":{"rendered":"Verres"},"content":{"rendered":"<p>[vc_row full_width=&#8221;stretch_row&#8221; type=&#8221;vc_default&#8221;][vc_column css=&#8221;.vc_custom_1474221537277{padding-bottom: 80px !important;}&#8221; offset=&#8221;vc_col-lg-8 vc_col-md-8&#8243;][vc_single_image image=&#8221;1499&#8243; img_size=&#8221;1000&#215;500&#8243; css=&#8221;.vc_custom_1524294514376{padding-bottom: 60px !important;}&#8221;]<div id=\"ultimate-heading-36769ea476d5a900\" class=\"uvc-heading ult-adjust-bottom-margin ultimate-heading-36769ea476d5a900 uvc-2480 \" data-hspacer=\"no_spacer\"  data-halign=\"left\" style=\"text-align:left\"><div class=\"uvc-heading-spacer no_spacer\" style=\"top\"><\/div><div class=\"uvc-main-heading ult-responsive\"  data-ultimate-target='.uvc-heading.ultimate-heading-36769ea476d5a900 h2'  data-responsive-json-new='{\"font-size\":\"desktop:24px;\",\"line-height\":\"desktop:30px;\"}' ><h2 style=\"font-weight:bold;margin-bottom:22px;\">Verres<\/h2><\/div><\/div>[vc_column_text css=&#8221;.vc_custom_1524294567842{padding-bottom: 30px !important;}&#8221;]Chez Farouk Hossen Opticians, nous savons qu&#8217;il n&#8217;existe pas de solution unique. Notre personnel hautement qualifi\u00e9 vous accompagne dans votre choix, en proposant des verres adapt\u00e9s \u00e0 vos besoins individuels.[\/vc_column_text][vc_accordion active_tab=&#8221;false&#8221; title_size=&#8221;h6&#8243; style=&#8221;3&#8243;][vc_accordion_tab title=&#8221;Verres \u00e0 simple foyer &#8220;][vc_column_text css=&#8221;.vc_custom_1524294721378{padding-top: 10px !important;padding-bottom: 10px !important;background-color: #ffffff !important;}&#8221;]Aussi connus sous le nom de verres unifocaux, ils offrent une\u00a0correction uniforme\u00a0pour les personnes atteintes de d\u00e9fauts visuels courants.\u00a0De la myopie \u00e0 l\u2019hyperm\u00e9tropie en passant par\u00a0l\u2019astigmatisme et la presbytie, la m\u00eame\u00a0puissance de correction\u00a0est appliqu\u00e9e sur toute la surface du verre.[\/vc_column_text][\/vc_accordion_tab][vc_accordion_tab title=&#8221;Verres \u00e0 double foyer &#8220;][vc_column_text css=&#8221;.vc_custom_1524294809021{padding-top: 10px !important;padding-bottom: 10px !important;background-color: #ffffff !important;}&#8221;]Aussi connus sous le nom de verres bifocaux, ils sont compos\u00e9s de deux parties : la partie sup\u00e9rieure est utilis\u00e9e pour voir de loin (conduite, TV, etc\u2026), et la partie inf\u00e9rieure permet de voir de pr\u00e8s (lecture etc\u2026).[\/vc_column_text][\/vc_accordion_tab][vc_accordion_tab title=&#8221;Verres \u00e0 triple foyer &#8220;][vc_column_text css=&#8221;.vc_custom_1524294833170{padding-top: 10px !important;padding-bottom: 10px !important;background-color: #ffffff !important;}&#8221;]Aussi connus sous le nom de verre trifocaux, ils procurent une excellente vision non seulement de pr\u00e8s comme de loin mais \u00e9galement \u00e0 distances interm\u00e9diaires. Ils sont con\u00e7us sur le m\u00eame principe que les verres \u00e0 double foyer.[\/vc_column_text][\/vc_accordion_tab][vc_accordion_tab title=&#8221;Verres progressifs &#8220;][vc_column_text css=&#8221;.vc_custom_1524294855661{padding-top: 10px !important;padding-bottom: 10px !important;background-color: #ffffff !important;}&#8221;]Ils vous permettent de voir net de pr\u00e8s comme de loin, sans transition perceptible. Toutes vos corrections sont ainsi concentr\u00e9es dans un seul et m\u00eame verre \u00e0 la surface homog\u00e8ne et sans rupture.[\/vc_column_text][\/vc_accordion_tab][vc_accordion_tab title=&#8221;Verres \u00e9cran &#8220;][vc_column_text css=&#8221;.vc_custom_1524294878190{padding-top: 10px !important;padding-bottom: 10px !important;background-color: #ffffff !important;}&#8221;]La\u00a0lumi\u00e8re bleue\u00a0\u00e9mise par vos \u00e9crans occasionne souvent une g\u00eane pour vos yeux et des maux de t\u00eate. Elle d\u00e9r\u00e8gle votre horloge biologique et peut causer des troubles du sommeil. Les verres anti-lumi\u00e8re bleue permettent de filtrer les ondes lumineuses nocives et r\u00e9duisent la fatigue visuelle.[\/vc_column_text][\/vc_accordion_tab][vc_accordion_tab title=&#8221;Verres photochromiques &#8220;][vc_column_text css=&#8221;.vc_custom_1524294905210{padding-top: 10px !important;padding-bottom: 10px !important;background-color: #ffffff !important;}&#8221;]Connus sous le nom de verres Transition, ces verres sont sensibles aux diff\u00e9rentes intensit\u00e9s lumineuses naturelles. Ils s\u2019assombrissent au soleil et s\u2019\u00e9claircissent \u00e0 l\u2019ombre. \u00c0 mesure que l&#8217;\u00e9clairage change, la teinte s&#8217;ajuste, offrant une vision ad\u00e9quate en tout temps.[\/vc_column_text][\/vc_accordion_tab][vc_accordion_tab title=&#8221;Verres polaris\u00e9s &#8220;][vc_column_text css=&#8221;.vc_custom_1524294927785{padding-top: 10px !important;padding-bottom: 10px !important;background-color: #ffffff !important;}&#8221;]Il s\u2019agit de\u00a0verres solaires de haute performance, qui vous procurent une\u00a0vision optimale et confortable en toutes circonstances. Ils r\u00e9duisent l\u2019\u00e9blouissement r\u00e9fl\u00e9chit par la lumi\u00e8re du soleil sur des surfaces telles que l&#8217;eau ou la neige gr\u00e2ce \u00e0 un filtre polarisant int\u00e9gr\u00e9.[\/vc_column_text][\/vc_accordion_tab][vc_accordion_tab title=&#8221;Verres antireflets &#8220;][vc_column_text css=&#8221;.vc_custom_1524294951305{padding-top: 10px !important;padding-bottom: 10px !important;background-color: #ffffff !important;}&#8221;]Outre leurs propri\u00e9t\u00e9s esth\u00e9tiques qui vous emp\u00eachent d\u2019avoir des reflets sur vos verres, le traitement antireflets am\u00e9liore le confort visuel. \u00a0Il permet de r\u00e9duire l\u2019\u00e9blouissement et les halos lumineux lors de la conduite de nuit par exemple. Il apporte une pellicule suppl\u00e9mentaire \u00e0 vos verres qui s\u2019av\u00e8rent ainsi moins sensibles aux rayures et aux salissures.[\/vc_column_text][\/vc_accordion_tab][vc_accordion_tab title=&#8221;Verres r\u00e9sistants aux rayures et aux UV &#8220;][vc_column_text css=&#8221;.vc_custom_1524294997062{padding-top: 10px !important;padding-bottom: 10px !important;background-color: #ffffff !important;}&#8221;]La majorit\u00e9 des verres, solaires et optiques, que nous proposons int\u00e8grent ces caract\u00e9ristiques.[\/vc_column_text][\/vc_accordion_tab][vc_accordion_tab title=&#8221;Verres teint\u00e9s &#8220;][vc_column_text css=&#8221;.vc_custom_1524295029649{padding-top: 10px !important;padding-bottom: 10px !important;background-color: #ffffff !important;}&#8221;]Le choix de la teinte de vos verres\u00a0peut s\u2019av\u00e9rer compliqu\u00e9. Il faut prendre en consid\u00e9ration plusieurs crit\u00e8res bien diff\u00e9rents les uns des autres et parfois incompatibles entre eux : l\u2019esth\u00e9tisme, le confort et l\u2019utilisation.<\/p>\n<p>Une teinte grise ne changera pas les couleurs de ce que vous voyez, tandis que le jaune peut accentuer les contrastes. Les teintes claires peuvent masquer les signes de l\u2019\u00e2ge autour des yeux, et les teintes plus fonc\u00e9es peuvent parfois vous aider \u00e0 mieux voir en plein jour.[\/vc_column_text][\/vc_accordion_tab][vc_accordion_tab title=&#8221;Verres miroirs &#8220;][vc_column_text css=&#8221;.vc_custom_1524584670033{padding-top: 10px !important;padding-bottom: 10px !important;background-color: #ffffff !important;}&#8221;]Purement esth\u00e9tiques et tr\u00e8s tendance, ils permettent de masquer votre regard.[\/vc_column_text][\/vc_accordion_tab][\/vc_accordion][\/vc_column][vc_column css=&#8221;.vc_custom_1463060659618{padding-bottom: 80px !important;}&#8221; offset=&#8221;vc_col-lg-4 vc_col-md-4&#8243; el_class=&#8221;custom_sidebar&#8221;][vc_row_inner css=&#8221;.vc_custom_1463572267631{padding-right: 25px !important;padding-bottom: 30px !important;padding-left: 25px !important;}&#8221;][vc_column_inner css=&#8221;.vc_custom_1462517200859{padding-top: 30px !important;padding-right: 30px !important;padding-bottom: 10px !important;padding-left: 30px !important;background-color: #f4f4f4 !important;}&#8221;]<div id=\"ultimate-heading-739569ea476d5a924\" class=\"uvc-heading ult-adjust-bottom-margin ultimate-heading-739569ea476d5a924 uvc-7794 \" data-hspacer=\"no_spacer\"  data-halign=\"left\" style=\"text-align:left\"><div class=\"uvc-heading-spacer no_spacer\" style=\"top\"><\/div><div class=\"uvc-main-heading ult-responsive\"  data-ultimate-target='.uvc-heading.ultimate-heading-739569ea476d5a924 h3'  data-responsive-json-new='{\"font-size\":\"desktop:20px;\",\"line-height\":\"desktop:26px;\"}' ><h3 style=\"font-weight:bold;margin-bottom:20px;\">Produits<\/h3><\/div><\/div>[vc_widget_sidebar show_bg=&#8221;false&#8221; sidebar_id=&#8221;sidebar_4&#8243; el_class=&#8221;service_menu&#8221;][\/vc_column_inner][\/vc_row_inner][\/vc_column][\/vc_row]<\/p>","protected":false},"excerpt":{"rendered":"<p>[vc_row full_width=&#8221;stretch_row&#8221; type=&#8221;vc_default&#8221;][vc_column css=&#8221;.vc_custom_1474221537277{padding-bottom: 80px !important;}&#8221; offset=&#8221;vc_col-lg-8 vc_col-md-8&#8243;][vc_single_image image=&#8221;1499&#8243; img_size=&#8221;1000&#215;500&#8243; css=&#8221;.vc_custom_1524294514376{padding-bottom: 60px !important;}&#8221;][vc_column_text css=&#8221;.vc_custom_1524294567842{padding-bottom: 30px !important;}&#8221;]Chez Farouk Hossen Opticians, nous savons qu&#8217;il n&#8217;existe pas de solution unique. Notre personnel hautement qualifi\u00e9 vous accompagne dans votre choix, en proposant des verres adapt\u00e9s \u00e0 vos besoins individuels.[\/vc_column_text][vc_accordion active_tab=&#8221;false&#8221; title_size=&#8221;h6&#8243; style=&#8221;3&#8243;][vc_accordion_tab title=&#8221;Verres \u00e0 simple foyer &#8220;][vc_column_text css=&#8221;.vc_custom_1524294721378{padding-top: 10px&hellip;<\/p>\n","protected":false},"author":4,"featured_media":0,"parent":113,"menu_order":20,"comment_status":"closed","ping_status":"closed","template":"","meta":{"nf_dc_page":""},"class_list":["post-1674","page","type-page","status-publish","hentry","description-off"],"yoast_head":"<!-- This site is optimized with the Yoast SEO Premium plugin v20.9 (Yoast SEO v27.4) - https:\/\/yoast.com\/product\/yoast-seo-premium-wordpress\/ -->\n<title>Verres - Farouk Hossen Opticians<\/title>\n<meta name=\"robots\" content=\"index, follow, max-snippet:-1, max-image-preview:large, max-video-preview:-1\" \/>\n<link rel=\"canonical\" href=\"https:\/\/faroukhossen.com\/products\/verres\/\" \/>\n<meta property=\"og:locale\" content=\"fr_FR\" \/>\n<meta property=\"og:type\" content=\"article\" \/>\n<meta property=\"og:title\" content=\"[:en]Lenses[:fr]Verres[:]\" \/>\n<meta property=\"og:description\" content=\"[vc_row full_width=&#8221;stretch_row&#8221; type=&#8221;vc_default&#8221;][vc_column css=&#8221;.vc_custom_1474221537277{padding-bottom: 80px !important;}&#8221; offset=&#8221;vc_col-lg-8 vc_col-md-8&#8243;][vc_single_image image=&#8221;1499&#8243; img_size=&#8221;1000&#215;500&#8243; css=&#8221;.vc_custom_1524294514376{padding-bottom: 60px !important;}&#8221;][vc_column_text css=&#8221;.vc_custom_1524294567842{padding-bottom: 30px !important;}&#8221;]Chez Farouk Hossen Opticians, nous savons qu&#8217;il n&#8217;existe pas de solution unique. Notre personnel hautement qualifi\u00e9 vous accompagne dans votre choix, en proposant des verres adapt\u00e9s \u00e0 vos besoins individuels.[\/vc_column_text][vc_accordion active_tab=&#8221;false&#8221; title_size=&#8221;h6&#8243; style=&#8221;3&#8243;][vc_accordion_tab title=&#8221;Verres \u00e0 simple foyer &#8220;][vc_column_text css=&#8221;.vc_custom_1524294721378{padding-top: 10px&hellip;\" \/>\n<meta property=\"og:url\" content=\"https:\/\/faroukhossen.com\/products\/verres\/\" \/>\n<meta property=\"og:site_name\" content=\"Farouk Hossen Opticians\" \/>\n<meta property=\"article:publisher\" content=\"https:\/\/www.facebook.com\/farouk.hossen\/\" \/>\n<meta property=\"article:modified_time\" content=\"2018-04-24T15:40:00+00:00\" \/>\n<meta name=\"twitter:card\" content=\"summary_large_image\" \/>\n<meta name=\"twitter:label1\" content=\"Dur\u00e9e de lecture estim\u00e9e\" \/>\n\t<meta name=\"twitter:data1\" content=\"9 minutes\" \/>\n<script type=\"application\/ld+json\" class=\"yoast-schema-graph\">{\"@context\":\"https:\\\/\\\/schema.org\",\"@graph\":[{\"@type\":\"WebPage\",\"@id\":\"https:\\\/\\\/faroukhossen.com\\\/products\\\/verres\\\/\",\"url\":\"https:\\\/\\\/faroukhossen.com\\\/products\\\/verres\\\/\",\"name\":\"[:en]Lenses[:fr]Verres[:] - Farouk Hossen Opticians\",\"isPartOf\":{\"@id\":\"https:\\\/\\\/faroukhossen.com\\\/#website\"},\"datePublished\":\"2018-01-14T19:58:33+00:00\",\"dateModified\":\"2018-04-24T15:40:00+00:00\",\"breadcrumb\":{\"@id\":\"https:\\\/\\\/faroukhossen.com\\\/products\\\/verres\\\/#breadcrumb\"},\"inLanguage\":\"fr-FR\",\"potentialAction\":[{\"@type\":\"ReadAction\",\"target\":[\"https:\\\/\\\/faroukhossen.com\\\/products\\\/verres\\\/\"]}]},{\"@type\":\"BreadcrumbList\",\"@id\":\"https:\\\/\\\/faroukhossen.com\\\/products\\\/verres\\\/#breadcrumb\",\"itemListElement\":[{\"@type\":\"ListItem\",\"position\":1,\"name\":\"Home\",\"item\":\"https:\\\/\\\/faroukhossen.com\\\/\"},{\"@type\":\"ListItem\",\"position\":2,\"name\":\"Products\",\"item\":\"https:\\\/\\\/faroukhossen.com\\\/products\\\/\"},{\"@type\":\"ListItem\",\"position\":3,\"name\":\"Lenses\"}]},{\"@type\":\"WebSite\",\"@id\":\"https:\\\/\\\/faroukhossen.com\\\/#website\",\"url\":\"https:\\\/\\\/faroukhossen.com\\\/\",\"name\":\"Farouk Hossen Opticians\",\"description\":\"Optician of Mauritians\",\"publisher\":{\"@id\":\"https:\\\/\\\/faroukhossen.com\\\/#organization\"},\"potentialAction\":[{\"@type\":\"SearchAction\",\"target\":{\"@type\":\"EntryPoint\",\"urlTemplate\":\"https:\\\/\\\/faroukhossen.com\\\/?s={search_term_string}\"},\"query-input\":{\"@type\":\"PropertyValueSpecification\",\"valueRequired\":true,\"valueName\":\"search_term_string\"}}],\"inLanguage\":\"fr-FR\"},{\"@type\":\"Organization\",\"@id\":\"https:\\\/\\\/faroukhossen.com\\\/#organization\",\"name\":\"Farouk Hossen Opticians\",\"url\":\"https:\\\/\\\/faroukhossen.com\\\/\",\"logo\":{\"@type\":\"ImageObject\",\"inLanguage\":\"fr-FR\",\"@id\":\"https:\\\/\\\/faroukhossen.com\\\/#\\\/schema\\\/logo\\\/image\\\/\",\"url\":\"https:\\\/\\\/faroukhossen.com\\\/wp-content\\\/uploads\\\/2017\\\/11\\\/FAROUK-HOSSEN_2017_Logo_FINALphonehigh.png\",\"contentUrl\":\"https:\\\/\\\/faroukhossen.com\\\/wp-content\\\/uploads\\\/2017\\\/11\\\/FAROUK-HOSSEN_2017_Logo_FINALphonehigh.png\",\"width\":660,\"height\":173,\"caption\":\"Farouk Hossen Opticians\"},\"image\":{\"@id\":\"https:\\\/\\\/faroukhossen.com\\\/#\\\/schema\\\/logo\\\/image\\\/\"},\"sameAs\":[\"https:\\\/\\\/www.facebook.com\\\/farouk.hossen\\\/\",\"https:\\\/\\\/www.instagram.com\\\/farouk_hossen_opticians\\\/\"]}]}<\/script>\n<!-- \/ Yoast SEO Premium plugin. -->","yoast_head_json":{"title":"[:en]Lenses[:fr]Verres[:] - Farouk Hossen Opticians","robots":{"index":"index","follow":"follow","max-snippet":"max-snippet:-1","max-image-preview":"max-image-preview:large","max-video-preview":"max-video-preview:-1"},"canonical":"https:\/\/faroukhossen.com\/products\/verres\/","og_locale":"fr_FR","og_type":"article","og_title":"[:en]Lenses[:fr]Verres[:]","og_description":"[vc_row full_width=&#8221;stretch_row&#8221; type=&#8221;vc_default&#8221;][vc_column css=&#8221;.vc_custom_1474221537277{padding-bottom: 80px !important;}&#8221; offset=&#8221;vc_col-lg-8 vc_col-md-8&#8243;][vc_single_image image=&#8221;1499&#8243; img_size=&#8221;1000&#215;500&#8243; css=&#8221;.vc_custom_1524294514376{padding-bottom: 60px !important;}&#8221;][vc_column_text css=&#8221;.vc_custom_1524294567842{padding-bottom: 30px !important;}&#8221;]Chez Farouk Hossen Opticians, nous savons qu&#8217;il n&#8217;existe pas de solution unique. Notre personnel hautement qualifi\u00e9 vous accompagne dans votre choix, en proposant des verres adapt\u00e9s \u00e0 vos besoins individuels.[\/vc_column_text][vc_accordion active_tab=&#8221;false&#8221; title_size=&#8221;h6&#8243; style=&#8221;3&#8243;][vc_accordion_tab title=&#8221;Verres \u00e0 simple foyer &#8220;][vc_column_text css=&#8221;.vc_custom_1524294721378{padding-top: 10px&hellip;","og_url":"https:\/\/faroukhossen.com\/products\/verres\/","og_site_name":"Farouk Hossen Opticians","article_publisher":"https:\/\/www.facebook.com\/farouk.hossen\/","article_modified_time":"2018-04-24T15:40:00+00:00","twitter_card":"summary_large_image","twitter_misc":{"Dur\u00e9e de lecture estim\u00e9e":"9 minutes"},"schema":{"@context":"https:\/\/schema.org","@graph":[{"@type":"WebPage","@id":"https:\/\/faroukhossen.com\/products\/verres\/","url":"https:\/\/faroukhossen.com\/products\/verres\/","name":"[:en]Lenses[:fr]Verres[:] - Farouk Hossen Opticians","isPartOf":{"@id":"https:\/\/faroukhossen.com\/#website"},"datePublished":"2018-01-14T19:58:33+00:00","dateModified":"2018-04-24T15:40:00+00:00","breadcrumb":{"@id":"https:\/\/faroukhossen.com\/products\/verres\/#breadcrumb"},"inLanguage":"fr-FR","potentialAction":[{"@type":"ReadAction","target":["https:\/\/faroukhossen.com\/products\/verres\/"]}]},{"@type":"BreadcrumbList","@id":"https:\/\/faroukhossen.com\/products\/verres\/#breadcrumb","itemListElement":[{"@type":"ListItem","position":1,"name":"Home","item":"https:\/\/faroukhossen.com\/"},{"@type":"ListItem","position":2,"name":"Products","item":"https:\/\/faroukhossen.com\/products\/"},{"@type":"ListItem","position":3,"name":"Lenses"}]},{"@type":"WebSite","@id":"https:\/\/faroukhossen.com\/#website","url":"https:\/\/faroukhossen.com\/","name":"Farouk Hossen Opticians","description":"Optician of Mauritians","publisher":{"@id":"https:\/\/faroukhossen.com\/#organization"},"potentialAction":[{"@type":"SearchAction","target":{"@type":"EntryPoint","urlTemplate":"https:\/\/faroukhossen.com\/?s={search_term_string}"},"query-input":{"@type":"PropertyValueSpecification","valueRequired":true,"valueName":"search_term_string"}}],"inLanguage":"fr-FR"},{"@type":"Organization","@id":"https:\/\/faroukhossen.com\/#organization","name":"Farouk Hossen Opticians","url":"https:\/\/faroukhossen.com\/","logo":{"@type":"ImageObject","inLanguage":"fr-FR","@id":"https:\/\/faroukhossen.com\/#\/schema\/logo\/image\/","url":"https:\/\/faroukhossen.com\/wp-content\/uploads\/2017\/11\/FAROUK-HOSSEN_2017_Logo_FINALphonehigh.png","contentUrl":"https:\/\/faroukhossen.com\/wp-content\/uploads\/2017\/11\/FAROUK-HOSSEN_2017_Logo_FINALphonehigh.png","width":660,"height":173,"caption":"Farouk Hossen Opticians"},"image":{"@id":"https:\/\/faroukhossen.com\/#\/schema\/logo\/image\/"},"sameAs":["https:\/\/www.facebook.com\/farouk.hossen\/","https:\/\/www.instagram.com\/farouk_hossen_opticians\/"]}]}},"jetpack_sharing_enabled":true,"_links":{"self":[{"href":"https:\/\/faroukhossen.com\/fr\/wp-json\/wp\/v2\/pages\/1674","targetHints":{"allow":["GET"]}}],"collection":[{"href":"https:\/\/faroukhossen.com\/fr\/wp-json\/wp\/v2\/pages"}],"about":[{"href":"https:\/\/faroukhossen.com\/fr\/wp-json\/wp\/v2\/types\/page"}],"author":[{"embeddable":true,"href":"https:\/\/faroukhossen.com\/fr\/wp-json\/wp\/v2\/users\/4"}],"replies":[{"embeddable":true,"href":"https:\/\/faroukhossen.com\/fr\/wp-json\/wp\/v2\/comments?post=1674"}],"version-history":[{"count":13,"href":"https:\/\/faroukhossen.com\/fr\/wp-json\/wp\/v2\/pages\/1674\/revisions"}],"predecessor-version":[{"id":2040,"href":"https:\/\/faroukhossen.com\/fr\/wp-json\/wp\/v2\/pages\/1674\/revisions\/2040"}],"up":[{"embeddable":true,"href":"https:\/\/faroukhossen.com\/fr\/wp-json\/wp\/v2\/pages\/113"}],"wp:attachment":[{"href":"https:\/\/faroukhossen.com\/fr\/wp-json\/wp\/v2\/media?parent=1674"}],"curies":[{"name":"wp","href":"https:\/\/api.w.org\/{rel}","templated":true}]}}