{"id":1666,"date":"2018-01-14T19:41:14","date_gmt":"2018-01-14T19:41:14","guid":{"rendered":"http:\/\/ec2-34-215-87-137.us-west-2.compute.amazonaws.com\/?page_id=1666"},"modified":"2018-04-22T17:59:40","modified_gmt":"2018-04-22T17:59:40","slug":"eye-health","status":"publish","type":"page","link":"https:\/\/faroukhossen.com\/fr\/eye-health\/","title":{"rendered":"La Sant\u00e9 des Yeux"},"content":{"rendered":"<p>[vc_row gap=&#8221;30&#8243; equal_height=&#8221;yes&#8221; type=&#8221;vc_default&#8221; el_class=&#8221;custom-columns-gap&#8221; css=&#8221;.vc_custom_1474222079273{margin-top: -15px !important;margin-bottom: -15px !important;padding-right: 25px !important;padding-left: 25px !important;}&#8221;][vc_column width=&#8221;1\/2&#8243; offset=&#8221;vc_col-lg-4 vc_col-md-6 vc_col-xs-12&#8243; css=&#8221;.vc_custom_1471329811930{padding-top: 0px !important;padding-right: 0px !important;padding-bottom: 0px !important;padding-left: 0px !important;background-color: #f4f4f4 !important;}&#8221;][vc_single_image image=&#8221;1488&#8243; img_size=&#8221;1000&#215;550&#8243; onclick=&#8221;custom_link&#8221; lazy_loading=&#8221;true&#8221; link=&#8221;http:\/\/the7.io\/medical\/services\/service-cardiology\/&#8221;]<div class=\"ult-content-box-container \" >\t\t<div class=\"ult-content-box\" style=\"box-shadow: px px px px #f7f7f7 none;padding:30px;-webkit-transition: all 700ms ease;-moz-transition: all 700ms ease;-ms-transition: all 700ms ease;-o-transition: all 700ms ease;transition: all 700ms ease;\"  data-hover_box_shadow=\"none\"    ><div id=\"ultimate-heading-383969ea476c1121b\" class=\"uvc-heading ult-adjust-bottom-margin ultimate-heading-383969ea476c1121b uvc-3142 \" data-hspacer=\"no_spacer\"  data-halign=\"left\" style=\"text-align:left\"><div class=\"uvc-heading-spacer no_spacer\" style=\"top\"><\/div><div class=\"uvc-main-heading ult-responsive\"  data-ultimate-target='.uvc-heading.ultimate-heading-383969ea476c1121b h2'  data-responsive-json-new='{\"font-size\":\"desktop:20px;\",\"line-height\":\"desktop:26px;\"}' ><h2 style=\"font-weight:bold;margin-bottom:15px;\">Myopie<\/h2><\/div><\/div>[vc_column_text css=&#8221;.vc_custom_1524415795917{margin-bottom: 22px !important;}&#8221;]La myopie est un d\u00e9faut visuel dans lequel le patient voit les objets proches plus clairement que les objets \u00e9loign\u00e9s. La distance entre la corn\u00e9e et la r\u00e9tine est trop importante. L&#8217;\u0153il est &#8220;trop long&#8221;. Pour le myope, la distance de vision nette est d&#8217;autant plus courte que la myopie est forte.[\/vc_column_text]\t\t<\/div><\/div>[\/vc_column][vc_column width=&#8221;1\/2&#8243; offset=&#8221;vc_col-lg-4 vc_col-md-6 vc_col-xs-12&#8243; css=&#8221;.vc_custom_1462348233869{padding-top: 0px !important;padding-right: 0px !important;padding-bottom: 0px !important;padding-left: 0px !important;background-color: #f4f4f4 !important;}&#8221;][vc_single_image image=&#8221;1489&#8243; img_size=&#8221;1000&#215;550&#8243; onclick=&#8221;custom_link&#8221; lazy_loading=&#8221;true&#8221; link=&#8221;http:\/\/the7.io\/medical\/services\/service-diagnostic-laboratories\/&#8221;]<div class=\"ult-content-box-container \" >\t\t<div class=\"ult-content-box\" style=\"box-shadow: px px px px #f7f7f7 none;padding:30px;-webkit-transition: all 700ms ease;-moz-transition: all 700ms ease;-ms-transition: all 700ms ease;-o-transition: all 700ms ease;transition: all 700ms ease;\"  data-hover_box_shadow=\"none\"    ><div id=\"ultimate-heading-421969ea476c1127f\" class=\"uvc-heading ult-adjust-bottom-margin ultimate-heading-421969ea476c1127f uvc-5318 \" data-hspacer=\"no_spacer\"  data-halign=\"left\" style=\"text-align:left\"><div class=\"uvc-heading-spacer no_spacer\" style=\"top\"><\/div><div class=\"uvc-main-heading ult-responsive\"  data-ultimate-target='.uvc-heading.ultimate-heading-421969ea476c1127f h2'  data-responsive-json-new='{\"font-size\":\"desktop:20px;\",\"line-height\":\"desktop:26px;\"}' ><h2 style=\"font-weight:bold;margin-bottom:12px;\">Hyperm\u00e9tropie<\/h2><\/div><\/div>[vc_column_text css=&#8221;.vc_custom_1524415822989{margin-bottom: 22px !important;}&#8221;]Chez l\u2019hyperm\u00e9trope la vision de loin est g\u00e9n\u00e9ralement bonne, mais celle de pr\u00e8s est fatigante et se trouble. L&#8217;\u0153il n&#8217;est pas assez puissant. Il est dit &#8220;trop court&#8221;.[\/vc_column_text]\t\t<\/div><\/div>[\/vc_column][vc_column width=&#8221;1\/2&#8243; offset=&#8221;vc_col-lg-4 vc_col-md-6 vc_col-xs-12&#8243; css=&#8221;.vc_custom_1462348284772{padding-top: 0px !important;padding-right: 0px !important;padding-bottom: 0px !important;padding-left: 0px !important;background-color: #f4f4f4 !important;}&#8221;][vc_single_image image=&#8221;1495&#8243; img_size=&#8221;1000&#215;550&#8243; onclick=&#8221;custom_link&#8221; lazy_loading=&#8221;true&#8221; link=&#8221;http:\/\/the7.io\/medical\/services\/service-nursing\/&#8221;]<div class=\"ult-content-box-container \" >\t\t<div class=\"ult-content-box\" style=\"box-shadow: px px px px #f7f7f7 none;padding:30px;-webkit-transition: all 700ms ease;-moz-transition: all 700ms ease;-ms-transition: all 700ms ease;-o-transition: all 700ms ease;transition: all 700ms ease;\"  data-hover_box_shadow=\"none\"    ><div id=\"ultimate-heading-316169ea476c112eb\" class=\"uvc-heading ult-adjust-bottom-margin ultimate-heading-316169ea476c112eb uvc-8975 \" data-hspacer=\"no_spacer\"  data-halign=\"left\" style=\"text-align:left\"><div class=\"uvc-heading-spacer no_spacer\" style=\"top\"><\/div><div class=\"uvc-main-heading ult-responsive\"  data-ultimate-target='.uvc-heading.ultimate-heading-316169ea476c112eb h2'  data-responsive-json-new='{\"font-size\":\"desktop:20px;\",\"line-height\":\"desktop:26px;\"}' ><h2 style=\"font-weight:bold;margin-bottom:12px;\">Astigmatisme<\/h2><\/div><\/div>[vc_column_text css=&#8221;.vc_custom_1524415936547{margin-bottom: 22px !important;}&#8221;]L&#8217;astigmate a une vision impr\u00e9cise de pr\u00e8s, comme de loin. Il ne per\u00e7oit pas nettement les contrastes entre les lignes horizontales, verticales ou obliques. La courbure de la corn\u00e9e en est souvent la cause, de forme l\u00e9g\u00e8rement ovale plut\u00f4t que ronde.[\/vc_column_text]\t\t<\/div><\/div>[\/vc_column][vc_column width=&#8221;1\/2&#8243; css=&#8221;.vc_custom_1462347545128{padding-top: 0px !important;padding-right: 0px !important;padding-bottom: 0px !important;padding-left: 0px !important;background-color: #f4f4f4 !important;}&#8221; offset=&#8221;vc_col-lg-4&#8243;][vc_single_image image=&#8221;1490&#8243; img_size=&#8221;full&#8221; onclick=&#8221;custom_link&#8221; lazy_loading=&#8221;true&#8221; link=&#8221;http:\/\/the7.io\/medical\/services\/service-nursing\/&#8221;]<div class=\"ult-content-box-container \" >\t\t<div class=\"ult-content-box\" style=\"box-shadow: px px px px #f7f7f7 none;padding:30px;-webkit-transition: all 700ms ease;-moz-transition: all 700ms ease;-ms-transition: all 700ms ease;-o-transition: all 700ms ease;transition: all 700ms ease;\"  data-hover_box_shadow=\"none\"    ><div id=\"ultimate-heading-670069ea476c1134b\" class=\"uvc-heading ult-adjust-bottom-margin ultimate-heading-670069ea476c1134b uvc-1069 \" data-hspacer=\"no_spacer\"  data-halign=\"left\" style=\"text-align:left\"><div class=\"uvc-heading-spacer no_spacer\" style=\"top\"><\/div><div class=\"uvc-main-heading ult-responsive\"  data-ultimate-target='.uvc-heading.ultimate-heading-670069ea476c1134b h2'  data-responsive-json-new='{\"font-size\":\"desktop:20px;\",\"line-height\":\"desktop:26px;\"}' ><h2 style=\"font-weight:bold;margin-bottom:12px;\">Presbytie<\/h2><\/div><\/div>[vc_column_text css=&#8221;.vc_custom_1524415977995{margin-bottom: 22px !important;}&#8221;]La presbytie est une \u00e9volution naturelle de la vision qui survient vers l&#8217;\u00e2ge de 40 ans. Elle provient de l&#8217;\u00e9paississement progressif et de la perte de souplesse du cristallin naturel de l&#8217;\u0153il.\u00a0 Le presbyte rencontre donc des difficult\u00e9s croissantes \u00e0 voir de pr\u00e8s, en particulier les petits caract\u00e8res.[\/vc_column_text]\t\t<\/div><\/div>[\/vc_column][\/vc_row]<\/p>","protected":false},"excerpt":{"rendered":"<p>[vc_row gap=&#8221;30&#8243; equal_height=&#8221;yes&#8221; type=&#8221;vc_default&#8221; el_class=&#8221;custom-columns-gap&#8221; css=&#8221;.vc_custom_1474222079273{margin-top: -15px !important;margin-bottom: -15px !important;padding-right: 25px !important;padding-left: 25px !important;}&#8221;][vc_column width=&#8221;1\/2&#8243; offset=&#8221;vc_col-lg-4 vc_col-md-6 vc_col-xs-12&#8243; css=&#8221;.vc_custom_1471329811930{padding-top: 0px !important;padding-right: 0px !important;padding-bottom: 0px !important;padding-left: 0px !important;background-color: #f4f4f4 !important;}&#8221;][vc_single_image image=&#8221;1488&#8243; img_size=&#8221;1000&#215;550&#8243; onclick=&#8221;custom_link&#8221; lazy_loading=&#8221;true&#8221; link=&#8221;http:\/\/the7.io\/medical\/services\/service-cardiology\/&#8221;][\/vc_column][vc_column width=&#8221;1\/2&#8243; offset=&#8221;vc_col-lg-4 vc_col-md-6 vc_col-xs-12&#8243; css=&#8221;.vc_custom_1462348233869{padding-top: 0px !important;padding-right: 0px !important;padding-bottom: 0px !important;padding-left: 0px !important;background-color: #f4f4f4 !important;}&#8221;][vc_single_image image=&#8221;1489&#8243; img_size=&#8221;1000&#215;550&#8243; onclick=&#8221;custom_link&#8221; lazy_loading=&#8221;true&#8221; link=&#8221;http:\/\/the7.io\/medical\/services\/service-diagnostic-laboratories\/&#8221;][\/vc_column][vc_column width=&#8221;1\/2&#8243;&hellip;<\/p>\n","protected":false},"author":6,"featured_media":0,"parent":0,"menu_order":5,"comment_status":"closed","ping_status":"closed","template":"","meta":{"nf_dc_page":""},"class_list":["post-1666","page","type-page","status-publish","hentry","description-off"],"yoast_head":"<!-- This site is optimized with the Yoast SEO Premium plugin v20.9 (Yoast SEO v27.4) - https:\/\/yoast.com\/product\/yoast-seo-premium-wordpress\/ -->\n<title>La Sant\u00e9 des Yeux  - Farouk Hossen Opticians<\/title>\n<meta name=\"robots\" content=\"index, follow, max-snippet:-1, max-image-preview:large, max-video-preview:-1\" \/>\n<link rel=\"canonical\" href=\"https:\/\/faroukhossen.com\/eye-health\/\" \/>\n<meta property=\"og:locale\" content=\"fr_FR\" \/>\n<meta property=\"og:type\" content=\"article\" \/>\n<meta property=\"og:title\" content=\"[:en]Eye Health[:fr]La Sant\u00e9 des Yeux [:]\" \/>\n<meta property=\"og:description\" content=\"[vc_row gap=&#8221;30&#8243; equal_height=&#8221;yes&#8221; type=&#8221;vc_default&#8221; el_class=&#8221;custom-columns-gap&#8221; css=&#8221;.vc_custom_1474222079273{margin-top: -15px !important;margin-bottom: -15px !important;padding-right: 25px !important;padding-left: 25px !important;}&#8221;][vc_column width=&#8221;1\/2&#8243; offset=&#8221;vc_col-lg-4 vc_col-md-6 vc_col-xs-12&#8243; css=&#8221;.vc_custom_1471329811930{padding-top: 0px !important;padding-right: 0px !important;padding-bottom: 0px !important;padding-left: 0px !important;background-color: #f4f4f4 !important;}&#8221;][vc_single_image image=&#8221;1488&#8243; img_size=&#8221;1000&#215;550&#8243; onclick=&#8221;custom_link&#8221; lazy_loading=&#8221;true&#8221; link=&#8221;http:\/\/the7.io\/medical\/services\/service-cardiology\/&#8221;][\/vc_column][vc_column width=&#8221;1\/2&#8243; offset=&#8221;vc_col-lg-4 vc_col-md-6 vc_col-xs-12&#8243; css=&#8221;.vc_custom_1462348233869{padding-top: 0px !important;padding-right: 0px !important;padding-bottom: 0px !important;padding-left: 0px !important;background-color: #f4f4f4 !important;}&#8221;][vc_single_image image=&#8221;1489&#8243; img_size=&#8221;1000&#215;550&#8243; onclick=&#8221;custom_link&#8221; lazy_loading=&#8221;true&#8221; link=&#8221;http:\/\/the7.io\/medical\/services\/service-diagnostic-laboratories\/&#8221;][\/vc_column][vc_column width=&#8221;1\/2&#8243;&hellip;\" \/>\n<meta property=\"og:url\" content=\"https:\/\/faroukhossen.com\/eye-health\/\" \/>\n<meta property=\"og:site_name\" content=\"Farouk Hossen Opticians\" \/>\n<meta property=\"article:publisher\" content=\"https:\/\/www.facebook.com\/farouk.hossen\/\" \/>\n<meta property=\"article:modified_time\" content=\"2018-04-22T17:59:40+00:00\" \/>\n<meta name=\"twitter:card\" content=\"summary_large_image\" \/>\n<meta name=\"twitter:label1\" content=\"Dur\u00e9e de lecture estim\u00e9e\" \/>\n\t<meta name=\"twitter:data1\" content=\"8 minutes\" \/>\n<script type=\"application\/ld+json\" class=\"yoast-schema-graph\">{\"@context\":\"https:\\\/\\\/schema.org\",\"@graph\":[{\"@type\":\"WebPage\",\"@id\":\"https:\\\/\\\/faroukhossen.com\\\/eye-health\\\/\",\"url\":\"https:\\\/\\\/faroukhossen.com\\\/eye-health\\\/\",\"name\":\"[:en]Eye Health[:fr]La Sant\u00e9 des Yeux [:] - Farouk Hossen Opticians\",\"isPartOf\":{\"@id\":\"https:\\\/\\\/faroukhossen.com\\\/#website\"},\"datePublished\":\"2018-01-14T19:41:14+00:00\",\"dateModified\":\"2018-04-22T17:59:40+00:00\",\"breadcrumb\":{\"@id\":\"https:\\\/\\\/faroukhossen.com\\\/eye-health\\\/#breadcrumb\"},\"inLanguage\":\"fr-FR\",\"potentialAction\":[{\"@type\":\"ReadAction\",\"target\":[\"https:\\\/\\\/faroukhossen.com\\\/eye-health\\\/\"]}]},{\"@type\":\"BreadcrumbList\",\"@id\":\"https:\\\/\\\/faroukhossen.com\\\/eye-health\\\/#breadcrumb\",\"itemListElement\":[{\"@type\":\"ListItem\",\"position\":1,\"name\":\"Home\",\"item\":\"https:\\\/\\\/faroukhossen.com\\\/\"},{\"@type\":\"ListItem\",\"position\":2,\"name\":\"Eye Health\"}]},{\"@type\":\"WebSite\",\"@id\":\"https:\\\/\\\/faroukhossen.com\\\/#website\",\"url\":\"https:\\\/\\\/faroukhossen.com\\\/\",\"name\":\"Farouk Hossen Opticians\",\"description\":\"Optician of Mauritians\",\"publisher\":{\"@id\":\"https:\\\/\\\/faroukhossen.com\\\/#organization\"},\"potentialAction\":[{\"@type\":\"SearchAction\",\"target\":{\"@type\":\"EntryPoint\",\"urlTemplate\":\"https:\\\/\\\/faroukhossen.com\\\/?s={search_term_string}\"},\"query-input\":{\"@type\":\"PropertyValueSpecification\",\"valueRequired\":true,\"valueName\":\"search_term_string\"}}],\"inLanguage\":\"fr-FR\"},{\"@type\":\"Organization\",\"@id\":\"https:\\\/\\\/faroukhossen.com\\\/#organization\",\"name\":\"Farouk Hossen Opticians\",\"url\":\"https:\\\/\\\/faroukhossen.com\\\/\",\"logo\":{\"@type\":\"ImageObject\",\"inLanguage\":\"fr-FR\",\"@id\":\"https:\\\/\\\/faroukhossen.com\\\/#\\\/schema\\\/logo\\\/image\\\/\",\"url\":\"https:\\\/\\\/faroukhossen.com\\\/wp-content\\\/uploads\\\/2017\\\/11\\\/FAROUK-HOSSEN_2017_Logo_FINALphonehigh.png\",\"contentUrl\":\"https:\\\/\\\/faroukhossen.com\\\/wp-content\\\/uploads\\\/2017\\\/11\\\/FAROUK-HOSSEN_2017_Logo_FINALphonehigh.png\",\"width\":660,\"height\":173,\"caption\":\"Farouk Hossen Opticians\"},\"image\":{\"@id\":\"https:\\\/\\\/faroukhossen.com\\\/#\\\/schema\\\/logo\\\/image\\\/\"},\"sameAs\":[\"https:\\\/\\\/www.facebook.com\\\/farouk.hossen\\\/\",\"https:\\\/\\\/www.instagram.com\\\/farouk_hossen_opticians\\\/\"]}]}<\/script>\n<!-- \/ Yoast SEO Premium plugin. -->","yoast_head_json":{"title":"[:en]Eye Health[:fr]La Sant\u00e9 des Yeux [:] - Farouk Hossen Opticians","robots":{"index":"index","follow":"follow","max-snippet":"max-snippet:-1","max-image-preview":"max-image-preview:large","max-video-preview":"max-video-preview:-1"},"canonical":"https:\/\/faroukhossen.com\/eye-health\/","og_locale":"fr_FR","og_type":"article","og_title":"[:en]Eye Health[:fr]La Sant\u00e9 des Yeux [:]","og_description":"[vc_row gap=&#8221;30&#8243; equal_height=&#8221;yes&#8221; type=&#8221;vc_default&#8221; el_class=&#8221;custom-columns-gap&#8221; css=&#8221;.vc_custom_1474222079273{margin-top: -15px !important;margin-bottom: -15px !important;padding-right: 25px !important;padding-left: 25px !important;}&#8221;][vc_column width=&#8221;1\/2&#8243; offset=&#8221;vc_col-lg-4 vc_col-md-6 vc_col-xs-12&#8243; css=&#8221;.vc_custom_1471329811930{padding-top: 0px !important;padding-right: 0px !important;padding-bottom: 0px !important;padding-left: 0px !important;background-color: #f4f4f4 !important;}&#8221;][vc_single_image image=&#8221;1488&#8243; img_size=&#8221;1000&#215;550&#8243; onclick=&#8221;custom_link&#8221; lazy_loading=&#8221;true&#8221; link=&#8221;http:\/\/the7.io\/medical\/services\/service-cardiology\/&#8221;][\/vc_column][vc_column width=&#8221;1\/2&#8243; offset=&#8221;vc_col-lg-4 vc_col-md-6 vc_col-xs-12&#8243; css=&#8221;.vc_custom_1462348233869{padding-top: 0px !important;padding-right: 0px !important;padding-bottom: 0px !important;padding-left: 0px !important;background-color: #f4f4f4 !important;}&#8221;][vc_single_image image=&#8221;1489&#8243; img_size=&#8221;1000&#215;550&#8243; onclick=&#8221;custom_link&#8221; lazy_loading=&#8221;true&#8221; link=&#8221;http:\/\/the7.io\/medical\/services\/service-diagnostic-laboratories\/&#8221;][\/vc_column][vc_column width=&#8221;1\/2&#8243;&hellip;","og_url":"https:\/\/faroukhossen.com\/eye-health\/","og_site_name":"Farouk Hossen Opticians","article_publisher":"https:\/\/www.facebook.com\/farouk.hossen\/","article_modified_time":"2018-04-22T17:59:40+00:00","twitter_card":"summary_large_image","twitter_misc":{"Dur\u00e9e de lecture estim\u00e9e":"8 minutes"},"schema":{"@context":"https:\/\/schema.org","@graph":[{"@type":"WebPage","@id":"https:\/\/faroukhossen.com\/eye-health\/","url":"https:\/\/faroukhossen.com\/eye-health\/","name":"[:en]Eye Health[:fr]La Sant\u00e9 des Yeux [:] - Farouk Hossen Opticians","isPartOf":{"@id":"https:\/\/faroukhossen.com\/#website"},"datePublished":"2018-01-14T19:41:14+00:00","dateModified":"2018-04-22T17:59:40+00:00","breadcrumb":{"@id":"https:\/\/faroukhossen.com\/eye-health\/#breadcrumb"},"inLanguage":"fr-FR","potentialAction":[{"@type":"ReadAction","target":["https:\/\/faroukhossen.com\/eye-health\/"]}]},{"@type":"BreadcrumbList","@id":"https:\/\/faroukhossen.com\/eye-health\/#breadcrumb","itemListElement":[{"@type":"ListItem","position":1,"name":"Home","item":"https:\/\/faroukhossen.com\/"},{"@type":"ListItem","position":2,"name":"Eye Health"}]},{"@type":"WebSite","@id":"https:\/\/faroukhossen.com\/#website","url":"https:\/\/faroukhossen.com\/","name":"Farouk Hossen Opticians","description":"Optician of Mauritians","publisher":{"@id":"https:\/\/faroukhossen.com\/#organization"},"potentialAction":[{"@type":"SearchAction","target":{"@type":"EntryPoint","urlTemplate":"https:\/\/faroukhossen.com\/?s={search_term_string}"},"query-input":{"@type":"PropertyValueSpecification","valueRequired":true,"valueName":"search_term_string"}}],"inLanguage":"fr-FR"},{"@type":"Organization","@id":"https:\/\/faroukhossen.com\/#organization","name":"Farouk Hossen Opticians","url":"https:\/\/faroukhossen.com\/","logo":{"@type":"ImageObject","inLanguage":"fr-FR","@id":"https:\/\/faroukhossen.com\/#\/schema\/logo\/image\/","url":"https:\/\/faroukhossen.com\/wp-content\/uploads\/2017\/11\/FAROUK-HOSSEN_2017_Logo_FINALphonehigh.png","contentUrl":"https:\/\/faroukhossen.com\/wp-content\/uploads\/2017\/11\/FAROUK-HOSSEN_2017_Logo_FINALphonehigh.png","width":660,"height":173,"caption":"Farouk Hossen Opticians"},"image":{"@id":"https:\/\/faroukhossen.com\/#\/schema\/logo\/image\/"},"sameAs":["https:\/\/www.facebook.com\/farouk.hossen\/","https:\/\/www.instagram.com\/farouk_hossen_opticians\/"]}]}},"jetpack_sharing_enabled":true,"_links":{"self":[{"href":"https:\/\/faroukhossen.com\/fr\/wp-json\/wp\/v2\/pages\/1666","targetHints":{"allow":["GET"]}}],"collection":[{"href":"https:\/\/faroukhossen.com\/fr\/wp-json\/wp\/v2\/pages"}],"about":[{"href":"https:\/\/faroukhossen.com\/fr\/wp-json\/wp\/v2\/types\/page"}],"author":[{"embeddable":true,"href":"https:\/\/faroukhossen.com\/fr\/wp-json\/wp\/v2\/users\/6"}],"replies":[{"embeddable":true,"href":"https:\/\/faroukhossen.com\/fr\/wp-json\/wp\/v2\/comments?post=1666"}],"version-history":[{"count":8,"href":"https:\/\/faroukhossen.com\/fr\/wp-json\/wp\/v2\/pages\/1666\/revisions"}],"predecessor-version":[{"id":1988,"href":"https:\/\/faroukhossen.com\/fr\/wp-json\/wp\/v2\/pages\/1666\/revisions\/1988"}],"wp:attachment":[{"href":"https:\/\/faroukhossen.com\/fr\/wp-json\/wp\/v2\/media?parent=1666"}],"curies":[{"name":"wp","href":"https:\/\/api.w.org\/{rel}","templated":true}]}}