{"id":1662,"date":"2018-01-14T19:17:23","date_gmt":"2018-01-14T19:17:23","guid":{"rendered":"http:\/\/ec2-34-215-87-137.us-west-2.compute.amazonaws.com\/?page_id=1662"},"modified":"2018-04-23T16:08:16","modified_gmt":"2018-04-23T16:08:16","slug":"sunglasses-2","status":"publish","type":"page","link":"https:\/\/faroukhossen.com\/fr\/products\/sunglasses-2\/","title":{"rendered":"Lunettes de Soleil"},"content":{"rendered":"<p>[vc_row full_width=&#8221;stretch_row&#8221; type=&#8221;vc_default&#8221;][vc_column css=&#8221;.vc_custom_1474221537277{padding-bottom: 80px !important;}&#8221; offset=&#8221;vc_col-lg-8 vc_col-md-8&#8243;][vc_single_image image=&#8221;1498&#8243; img_size=&#8221;1000&#215;500&#8243; css=&#8221;.vc_custom_1524417873992{padding-bottom: 60px !important;}&#8221;]<div id=\"ultimate-heading-69916a0368838e5eb\" class=\"uvc-heading ult-adjust-bottom-margin ultimate-heading-69916a0368838e5eb uvc-5372 \" data-hspacer=\"no_spacer\"  data-halign=\"left\" style=\"text-align:left\"><div class=\"uvc-heading-spacer no_spacer\" style=\"top\"><\/div><div class=\"uvc-main-heading ult-responsive\"  data-ultimate-target='.uvc-heading.ultimate-heading-69916a0368838e5eb h2'  data-responsive-json-new='{\"font-size\":\"desktop:24px;\",\"line-height\":\"desktop:30px;\"}' ><h2 style=\"font-weight:bold;margin-bottom:22px;\">Lunettes de Soleil<\/h2><\/div><\/div>[vc_column_text css=&#8221;.vc_custom_1524418751309{padding-bottom: 30px !important;}&#8221;]De la m\u00eame mani\u00e8re que vous prot\u00e9gez votre peau avec de la cr\u00e8me solaire, vous devez prot\u00e9gez vos yeux en portant des lunettes de soleil. Au-del\u00e0 du facteur \u201ctendance\u201d, les lunettes de soleil prot\u00e8gent vos yeux contre les dommages caus\u00e9s par le soleil, l&#8217;\u00e9blouissement et les reflets. La surexposition aux rayons ultraviolets (UV) du soleil peut entra\u00eener des cataractes et une d\u00e9g\u00e9n\u00e9rescence maculaire (maladie de la r\u00e9tine) qui, \u00e0 leur tour, peuvent conduire \u00e0 une perte de la vue \u00e0 long terme. L&#8217;\u00e9blouissement et les reflets peuvent \u00e9galement \u00eatre dangereux, surtout si vous conduisez (les pare-brises sont une source d&#8217;\u00e9blouissement importante).\u00a0Pour prot\u00e9ger vos yeux, vos lunettes de soleil doivent r\u00e9pondre \u00e0 certains crit\u00e8res :[\/vc_column_text][vc_accordion active_tab=&#8221;false&#8221; title_size=&#8221;h6&#8243; style=&#8221;3&#8243;][vc_accordion_tab title=&#8221;La protection UV&#8221;][vc_column_text css=&#8221;.vc_custom_1524418781306{padding-top: 10px !important;padding-bottom: 10px !important;background-color: #ffffff !important;}&#8221;]Bloquer de 99 \u00e0 100% les rayons UVA et UVB.[\/vc_column_text][\/vc_accordion_tab][vc_accordion_tab title=&#8221;La lumi\u00e8re &#8220;][vc_column_text css=&#8221;.vc_custom_1524418807626{padding-top: 10px !important;padding-bottom: 10px !important;background-color: #ffffff !important;}&#8221;]Masquer de 75 \u00e0 90% de la lumi\u00e8re visible.[\/vc_column_text][\/vc_accordion_tab][vc_accordion_tab title=&#8221;Les verres&#8221;][vc_column_text css=&#8221;.vc_custom_1524418854648{padding-top: 10px !important;padding-bottom: 10px !important;background-color: #ffffff !important;}&#8221;]\u00catre dot\u00e9e de verres parfaitement color\u00e9s et sans imperfection.[\/vc_column_text][\/vc_accordion_tab][vc_accordion_tab title=&#8221;La taille&#8221;][vc_column_text css=&#8221;.vc_custom_1524418884937{padding-top: 10px !important;padding-bottom: 10px !important;background-color: #ffffff !important;}&#8221;]La monture doit \u00eatre parfaitement ajust\u00e9e \u00e0 votre visage pour s\u2019assurer que vos yeux soient prot\u00e9g\u00e9s sur tous les angles.[\/vc_column_text][\/vc_accordion_tab][vc_accordion_tab title=&#8221;La teinte des verres&#8221;][vc_column_text css=&#8221;.vc_custom_1524418916554{padding-top: 10px !important;padding-bottom: 10px !important;background-color: #ffffff !important;}&#8221;]Il est important de choisir une teinte qui convient \u00e0 vos besoins individuels. Diff\u00e9rentes teintes vont modifier votre perception, y compris la clart\u00e9, la profondeur, le contraste, la fatigue oculaire et l&#8217;\u00e9blouissement.[\/vc_column_text][\/vc_accordion_tab][\/vc_accordion][\/vc_column][vc_column css=&#8221;.vc_custom_1463060659618{padding-bottom: 80px !important;}&#8221; offset=&#8221;vc_col-lg-4 vc_col-md-4&#8243; el_class=&#8221;custom_sidebar&#8221;][vc_row_inner css=&#8221;.vc_custom_1463572267631{padding-right: 25px !important;padding-bottom: 30px !important;padding-left: 25px !important;}&#8221;][vc_column_inner css=&#8221;.vc_custom_1462517200859{padding-top: 30px !important;padding-right: 30px !important;padding-bottom: 10px !important;padding-left: 30px !important;background-color: #f4f4f4 !important;}&#8221;]<div id=\"ultimate-heading-5836a0368838e607\" class=\"uvc-heading ult-adjust-bottom-margin ultimate-heading-5836a0368838e607 uvc-8096 \" data-hspacer=\"no_spacer\"  data-halign=\"left\" style=\"text-align:left\"><div class=\"uvc-heading-spacer no_spacer\" style=\"top\"><\/div><div class=\"uvc-main-heading ult-responsive\"  data-ultimate-target='.uvc-heading.ultimate-heading-5836a0368838e607 h3'  data-responsive-json-new='{\"font-size\":\"desktop:20px;\",\"line-height\":\"desktop:26px;\"}' ><h3 style=\"font-weight:bold;margin-bottom:20px;\">Produits<\/h3><\/div><\/div>[vc_widget_sidebar show_bg=&#8221;false&#8221; sidebar_id=&#8221;sidebar_4&#8243; el_class=&#8221;service_menu&#8221;][\/vc_column_inner][\/vc_row_inner][\/vc_column][\/vc_row]<\/p>","protected":false},"excerpt":{"rendered":"<p>[vc_row full_width=&#8221;stretch_row&#8221; type=&#8221;vc_default&#8221;][vc_column css=&#8221;.vc_custom_1474221537277{padding-bottom: 80px !important;}&#8221; offset=&#8221;vc_col-lg-8 vc_col-md-8&#8243;][vc_single_image image=&#8221;1498&#8243; img_size=&#8221;1000&#215;500&#8243; css=&#8221;.vc_custom_1524417873992{padding-bottom: 60px !important;}&#8221;][vc_column_text css=&#8221;.vc_custom_1524418751309{padding-bottom: 30px !important;}&#8221;]De la m\u00eame mani\u00e8re que vous prot\u00e9gez votre peau avec de la cr\u00e8me solaire, vous devez prot\u00e9gez vos yeux en portant des lunettes de soleil. Au-del\u00e0 du facteur \u201ctendance\u201d, les lunettes de soleil prot\u00e8gent vos yeux contre les dommages caus\u00e9s&hellip;<\/p>\n","protected":false},"author":4,"featured_media":0,"parent":113,"menu_order":20,"comment_status":"closed","ping_status":"closed","template":"","meta":{"nf_dc_page":""},"class_list":["post-1662","page","type-page","status-publish","hentry","description-off"],"yoast_head":"<!-- This site is optimized with the Yoast SEO Premium plugin v20.9 (Yoast SEO v27.6) - https:\/\/yoast.com\/product\/yoast-seo-premium-wordpress\/ -->\n<title>Lunettes de Soleil - Farouk Hossen Opticians<\/title>\n<meta name=\"robots\" content=\"index, follow, max-snippet:-1, max-image-preview:large, max-video-preview:-1\" \/>\n<link rel=\"canonical\" href=\"https:\/\/faroukhossen.com\/products\/sunglasses-2\/\" \/>\n<meta property=\"og:locale\" content=\"fr_FR\" \/>\n<meta property=\"og:type\" content=\"article\" \/>\n<meta property=\"og:title\" content=\"[:en]Sunglasses[:fr]Lunettes de Soleil[:]\" \/>\n<meta property=\"og:description\" content=\"[vc_row full_width=&#8221;stretch_row&#8221; type=&#8221;vc_default&#8221;][vc_column css=&#8221;.vc_custom_1474221537277{padding-bottom: 80px !important;}&#8221; offset=&#8221;vc_col-lg-8 vc_col-md-8&#8243;][vc_single_image image=&#8221;1498&#8243; img_size=&#8221;1000&#215;500&#8243; css=&#8221;.vc_custom_1524417873992{padding-bottom: 60px !important;}&#8221;][vc_column_text css=&#8221;.vc_custom_1524418751309{padding-bottom: 30px !important;}&#8221;]De la m\u00eame mani\u00e8re que vous prot\u00e9gez votre peau avec de la cr\u00e8me solaire, vous devez prot\u00e9gez vos yeux en portant des lunettes de soleil. Au-del\u00e0 du facteur \u201ctendance\u201d, les lunettes de soleil prot\u00e8gent vos yeux contre les dommages caus\u00e9s&hellip;\" \/>\n<meta property=\"og:url\" content=\"https:\/\/faroukhossen.com\/products\/sunglasses-2\/\" \/>\n<meta property=\"og:site_name\" content=\"Farouk Hossen Opticians\" \/>\n<meta property=\"article:publisher\" content=\"https:\/\/www.facebook.com\/farouk.hossen\/\" \/>\n<meta property=\"article:modified_time\" content=\"2018-04-23T16:08:16+00:00\" \/>\n<meta name=\"twitter:card\" content=\"summary_large_image\" \/>\n<meta name=\"twitter:label1\" content=\"Dur\u00e9e de lecture estim\u00e9e\" \/>\n\t<meta name=\"twitter:data1\" content=\"6 minutes\" \/>\n<script type=\"application\/ld+json\" class=\"yoast-schema-graph\">{\"@context\":\"https:\\\/\\\/schema.org\",\"@graph\":[{\"@type\":\"WebPage\",\"@id\":\"https:\\\/\\\/faroukhossen.com\\\/products\\\/sunglasses-2\\\/\",\"url\":\"https:\\\/\\\/faroukhossen.com\\\/products\\\/sunglasses-2\\\/\",\"name\":\"[:en]Sunglasses[:fr]Lunettes de Soleil[:] - Farouk Hossen Opticians\",\"isPartOf\":{\"@id\":\"https:\\\/\\\/faroukhossen.com\\\/#website\"},\"datePublished\":\"2018-01-14T19:17:23+00:00\",\"dateModified\":\"2018-04-23T16:08:16+00:00\",\"breadcrumb\":{\"@id\":\"https:\\\/\\\/faroukhossen.com\\\/products\\\/sunglasses-2\\\/#breadcrumb\"},\"inLanguage\":\"fr-FR\",\"potentialAction\":[{\"@type\":\"ReadAction\",\"target\":[\"https:\\\/\\\/faroukhossen.com\\\/products\\\/sunglasses-2\\\/\"]}]},{\"@type\":\"BreadcrumbList\",\"@id\":\"https:\\\/\\\/faroukhossen.com\\\/products\\\/sunglasses-2\\\/#breadcrumb\",\"itemListElement\":[{\"@type\":\"ListItem\",\"position\":1,\"name\":\"Home\",\"item\":\"https:\\\/\\\/faroukhossen.com\\\/\"},{\"@type\":\"ListItem\",\"position\":2,\"name\":\"Products\",\"item\":\"https:\\\/\\\/faroukhossen.com\\\/products\\\/\"},{\"@type\":\"ListItem\",\"position\":3,\"name\":\"Sunglasses\"}]},{\"@type\":\"WebSite\",\"@id\":\"https:\\\/\\\/faroukhossen.com\\\/#website\",\"url\":\"https:\\\/\\\/faroukhossen.com\\\/\",\"name\":\"Farouk Hossen Opticians\",\"description\":\"Optician of Mauritians\",\"publisher\":{\"@id\":\"https:\\\/\\\/faroukhossen.com\\\/#organization\"},\"potentialAction\":[{\"@type\":\"SearchAction\",\"target\":{\"@type\":\"EntryPoint\",\"urlTemplate\":\"https:\\\/\\\/faroukhossen.com\\\/?s={search_term_string}\"},\"query-input\":{\"@type\":\"PropertyValueSpecification\",\"valueRequired\":true,\"valueName\":\"search_term_string\"}}],\"inLanguage\":\"fr-FR\"},{\"@type\":\"Organization\",\"@id\":\"https:\\\/\\\/faroukhossen.com\\\/#organization\",\"name\":\"Farouk Hossen Opticians\",\"url\":\"https:\\\/\\\/faroukhossen.com\\\/\",\"logo\":{\"@type\":\"ImageObject\",\"inLanguage\":\"fr-FR\",\"@id\":\"https:\\\/\\\/faroukhossen.com\\\/#\\\/schema\\\/logo\\\/image\\\/\",\"url\":\"https:\\\/\\\/faroukhossen.com\\\/wp-content\\\/uploads\\\/2017\\\/11\\\/FAROUK-HOSSEN_2017_Logo_FINALphonehigh.png\",\"contentUrl\":\"https:\\\/\\\/faroukhossen.com\\\/wp-content\\\/uploads\\\/2017\\\/11\\\/FAROUK-HOSSEN_2017_Logo_FINALphonehigh.png\",\"width\":660,\"height\":173,\"caption\":\"Farouk Hossen Opticians\"},\"image\":{\"@id\":\"https:\\\/\\\/faroukhossen.com\\\/#\\\/schema\\\/logo\\\/image\\\/\"},\"sameAs\":[\"https:\\\/\\\/www.facebook.com\\\/farouk.hossen\\\/\",\"https:\\\/\\\/www.instagram.com\\\/farouk_hossen_opticians\\\/\"]}]}<\/script>\n<!-- \/ Yoast SEO Premium plugin. -->","yoast_head_json":{"title":"[:en]Sunglasses[:fr]Lunettes de Soleil[:] - Farouk Hossen Opticians","robots":{"index":"index","follow":"follow","max-snippet":"max-snippet:-1","max-image-preview":"max-image-preview:large","max-video-preview":"max-video-preview:-1"},"canonical":"https:\/\/faroukhossen.com\/products\/sunglasses-2\/","og_locale":"fr_FR","og_type":"article","og_title":"[:en]Sunglasses[:fr]Lunettes de Soleil[:]","og_description":"[vc_row full_width=&#8221;stretch_row&#8221; type=&#8221;vc_default&#8221;][vc_column css=&#8221;.vc_custom_1474221537277{padding-bottom: 80px !important;}&#8221; offset=&#8221;vc_col-lg-8 vc_col-md-8&#8243;][vc_single_image image=&#8221;1498&#8243; img_size=&#8221;1000&#215;500&#8243; css=&#8221;.vc_custom_1524417873992{padding-bottom: 60px !important;}&#8221;][vc_column_text css=&#8221;.vc_custom_1524418751309{padding-bottom: 30px !important;}&#8221;]De la m\u00eame mani\u00e8re que vous prot\u00e9gez votre peau avec de la cr\u00e8me solaire, vous devez prot\u00e9gez vos yeux en portant des lunettes de soleil. Au-del\u00e0 du facteur \u201ctendance\u201d, les lunettes de soleil prot\u00e8gent vos yeux contre les dommages caus\u00e9s&hellip;","og_url":"https:\/\/faroukhossen.com\/products\/sunglasses-2\/","og_site_name":"Farouk Hossen Opticians","article_publisher":"https:\/\/www.facebook.com\/farouk.hossen\/","article_modified_time":"2018-04-23T16:08:16+00:00","twitter_card":"summary_large_image","twitter_misc":{"Dur\u00e9e de lecture estim\u00e9e":"6 minutes"},"schema":{"@context":"https:\/\/schema.org","@graph":[{"@type":"WebPage","@id":"https:\/\/faroukhossen.com\/products\/sunglasses-2\/","url":"https:\/\/faroukhossen.com\/products\/sunglasses-2\/","name":"[:en]Sunglasses[:fr]Lunettes de Soleil[:] - Farouk Hossen Opticians","isPartOf":{"@id":"https:\/\/faroukhossen.com\/#website"},"datePublished":"2018-01-14T19:17:23+00:00","dateModified":"2018-04-23T16:08:16+00:00","breadcrumb":{"@id":"https:\/\/faroukhossen.com\/products\/sunglasses-2\/#breadcrumb"},"inLanguage":"fr-FR","potentialAction":[{"@type":"ReadAction","target":["https:\/\/faroukhossen.com\/products\/sunglasses-2\/"]}]},{"@type":"BreadcrumbList","@id":"https:\/\/faroukhossen.com\/products\/sunglasses-2\/#breadcrumb","itemListElement":[{"@type":"ListItem","position":1,"name":"Home","item":"https:\/\/faroukhossen.com\/"},{"@type":"ListItem","position":2,"name":"Products","item":"https:\/\/faroukhossen.com\/products\/"},{"@type":"ListItem","position":3,"name":"Sunglasses"}]},{"@type":"WebSite","@id":"https:\/\/faroukhossen.com\/#website","url":"https:\/\/faroukhossen.com\/","name":"Farouk Hossen Opticians","description":"Optician of Mauritians","publisher":{"@id":"https:\/\/faroukhossen.com\/#organization"},"potentialAction":[{"@type":"SearchAction","target":{"@type":"EntryPoint","urlTemplate":"https:\/\/faroukhossen.com\/?s={search_term_string}"},"query-input":{"@type":"PropertyValueSpecification","valueRequired":true,"valueName":"search_term_string"}}],"inLanguage":"fr-FR"},{"@type":"Organization","@id":"https:\/\/faroukhossen.com\/#organization","name":"Farouk Hossen Opticians","url":"https:\/\/faroukhossen.com\/","logo":{"@type":"ImageObject","inLanguage":"fr-FR","@id":"https:\/\/faroukhossen.com\/#\/schema\/logo\/image\/","url":"https:\/\/faroukhossen.com\/wp-content\/uploads\/2017\/11\/FAROUK-HOSSEN_2017_Logo_FINALphonehigh.png","contentUrl":"https:\/\/faroukhossen.com\/wp-content\/uploads\/2017\/11\/FAROUK-HOSSEN_2017_Logo_FINALphonehigh.png","width":660,"height":173,"caption":"Farouk Hossen Opticians"},"image":{"@id":"https:\/\/faroukhossen.com\/#\/schema\/logo\/image\/"},"sameAs":["https:\/\/www.facebook.com\/farouk.hossen\/","https:\/\/www.instagram.com\/farouk_hossen_opticians\/"]}]}},"jetpack_sharing_enabled":true,"_links":{"self":[{"href":"https:\/\/faroukhossen.com\/fr\/wp-json\/wp\/v2\/pages\/1662","targetHints":{"allow":["GET"]}}],"collection":[{"href":"https:\/\/faroukhossen.com\/fr\/wp-json\/wp\/v2\/pages"}],"about":[{"href":"https:\/\/faroukhossen.com\/fr\/wp-json\/wp\/v2\/types\/page"}],"author":[{"embeddable":true,"href":"https:\/\/faroukhossen.com\/fr\/wp-json\/wp\/v2\/users\/4"}],"replies":[{"embeddable":true,"href":"https:\/\/faroukhossen.com\/fr\/wp-json\/wp\/v2\/comments?post=1662"}],"version-history":[{"count":18,"href":"https:\/\/faroukhossen.com\/fr\/wp-json\/wp\/v2\/pages\/1662\/revisions"}],"predecessor-version":[{"id":2023,"href":"https:\/\/faroukhossen.com\/fr\/wp-json\/wp\/v2\/pages\/1662\/revisions\/2023"}],"up":[{"embeddable":true,"href":"https:\/\/faroukhossen.com\/fr\/wp-json\/wp\/v2\/pages\/113"}],"wp:attachment":[{"href":"https:\/\/faroukhossen.com\/fr\/wp-json\/wp\/v2\/media?parent=1662"}],"curies":[{"name":"wp","href":"https:\/\/api.w.org\/{rel}","templated":true}]}}