{"id":1645,"date":"2018-01-13T17:28:26","date_gmt":"2018-01-13T17:28:26","guid":{"rendered":"http:\/\/ec2-34-215-87-137.us-west-2.compute.amazonaws.com\/?page_id=1645"},"modified":"2018-05-09T04:14:01","modified_gmt":"2018-05-09T04:14:01","slug":"contact-lenses","status":"publish","type":"page","link":"https:\/\/faroukhossen.com\/fr\/products\/contact-lenses\/","title":{"rendered":"Lentilles de contact"},"content":{"rendered":"<p>[vc_row full_width=&#8221;stretch_row&#8221; type=&#8221;vc_default&#8221;][vc_column css=&#8221;.vc_custom_1474221537277{padding-bottom: 80px !important;}&#8221; offset=&#8221;vc_col-lg-8 vc_col-md-8&#8243;][vc_single_image image=&#8221;1500&#8243; img_size=&#8221;1000&#215;500&#8243; css=&#8221;.vc_custom_1524295278650{padding-bottom: 60px !important;}&#8221;][vc_column_text css=&#8221;.vc_custom_1525839246923{padding-bottom: 30px !important;}&#8221;]Comme leur nom l\u2019indique, les lentilles sont en contact direct avec la corn\u00e9e de l&#8217;\u0153il. Elles fournissent ainsi un moyen s\u00fbr et efficace de corriger la vision et sont une bonne alternative aux lunettes lorsqu&#8217;elles sont utilis\u00e9es avec pr\u00e9caution.<\/p>\n<p>Il existe plusieurs types de lentilles de contact. Votre opticien vous aidera \u00e0 trouver celles qui vous conviennent le mieux.[\/vc_column_text]<div id=\"ultimate-heading-31846a0368bb0bdd0\" class=\"uvc-heading ult-adjust-bottom-margin ultimate-heading-31846a0368bb0bdd0 uvc-679 \" data-hspacer=\"no_spacer\"  data-halign=\"left\" style=\"text-align:left\"><div class=\"uvc-heading-spacer no_spacer\" style=\"top\"><\/div><div class=\"uvc-main-heading ult-responsive\"  data-ultimate-target='.uvc-heading.ultimate-heading-31846a0368bb0bdd0 h2'  data-responsive-json-new='{\"font-size\":\"desktop:24px;\",\"line-height\":\"desktop:30px;\"}' ><h2 style=\"font-weight:bold;margin-bottom:22px;\">Lentilles de contact souples<\/h2><\/div><\/div>[vc_column_text css=&#8221;.vc_custom_1524295417110{padding-bottom: 30px !important;}&#8221;]Les lentilles de contact souples sont les plus populaires. Elles sont utilis\u00e9es pour corriger la myopie, l&#8217;hyperm\u00e9tropie, l&#8217;astigmatisme, la presbytie et les irr\u00e9gularit\u00e9s de la corn\u00e9e. Il en existe diff\u00e9rents types :[\/vc_column_text][vc_accordion active_tab=&#8221;false&#8221; title_size=&#8221;h6&#8243; style=&#8221;3&#8243;][vc_accordion_tab title=&#8221;Lentilles de contact journali\u00e8res &#8220;][vc_column_text css=&#8221;.vc_custom_1524299340327{padding-top: 10px !important;padding-bottom: 10px !important;background-color: #ffffff !important;}&#8221;]Vous les portez et les jetez quotidiennement.[\/vc_column_text][\/vc_accordion_tab][vc_accordion_tab title=&#8221;Lentilles de contact mensuelles &#8220;][vc_column_text css=&#8221;.vc_custom_1524299377137{padding-top: 10px !important;padding-bottom: 10px !important;background-color: #ffffff !important;}&#8221;]Vous les portez quotidiennement et les retirez la nuit pour les d\u00e9sinfecter. Elles sont utilis\u00e9es pendant 1 mois.[\/vc_column_text][\/vc_accordion_tab][vc_accordion_tab title=&#8221;Lentilles mensuelles Nuits &amp; Jours&#8221;][vc_column_text css=&#8221;.vc_custom_1524299416171{padding-top: 10px !important;padding-bottom: 10px !important;background-color: #ffffff !important;}&#8221;]Celles-ci peuvent \u00eatre port\u00e9es pendant que vous dormez mais doivent \u00eatre retir\u00e9es et d\u00e9sinfect\u00e9es quotidiennement. Des pr\u00e9cautions suppl\u00e9mentaires sont n\u00e9cessaires pour une utilisation nocturne qui augmente le risque d&#8217;infection. Elles sont utilis\u00e9es pendant 1 mois.[\/vc_column_text][\/vc_accordion_tab][vc_accordion_tab title=&#8221;Lentilles permanentes&#8221;][vc_column_text css=&#8221;.vc_custom_1524299443091{padding-top: 10px !important;padding-bottom: 10px !important;background-color: #ffffff !important;}&#8221;]Vous les portez quotidiennement et les retirez la nuit pour les d\u00e9sinfecter. Elles sont utilis\u00e9es pendant 2 ans.[\/vc_column_text][\/vc_accordion_tab][\/vc_accordion]<div id=\"ultimate-heading-92086a0368bb0bde9\" class=\"uvc-heading ult-adjust-bottom-margin ultimate-heading-92086a0368bb0bde9 uvc-3763 \" data-hspacer=\"no_spacer\"  data-halign=\"left\" style=\"text-align:left\"><div class=\"uvc-heading-spacer no_spacer\" style=\"top\"><\/div><div class=\"uvc-main-heading ult-responsive\"  data-ultimate-target='.uvc-heading.ultimate-heading-92086a0368bb0bde9 h2'  data-responsive-json-new='{\"font-size\":\"desktop:24px;\",\"line-height\":\"desktop:30px;\"}' ><h2 style=\"font-weight:bold;margin-top:70px;margin-bottom:22px;\">Lentilles de contact rigides<\/h2><\/div><\/div>[vc_column_text css=&#8221;.vc_custom_1524584611663{padding-bottom: 30px !important;}&#8221;]Les lentilles de contact rigides, perm\u00e9ables aux gaz, offrent une vision optimale. Si vous avez les yeux secs, celles-ci conviendront parfaitement. Elles respirent davantage que les lentilles souples r\u00e9duisant ainsi le risque d&#8217;infection. Elles doivent g\u00e9n\u00e9ralement \u00eatre retir\u00e9es la nuit pour \u00eatre d\u00e9sinfect\u00e9es. Si votre prescription reste inchang\u00e9e et que vous prenez soin de vos lentilles, vous pourrez garder la m\u00eame paire pendant 2 ans.[\/vc_column_text]<div id=\"ultimate-heading-5436a0368bb0be0c\" class=\"uvc-heading ult-adjust-bottom-margin ultimate-heading-5436a0368bb0be0c uvc-6258 \" data-hspacer=\"no_spacer\"  data-halign=\"left\" style=\"text-align:left\"><div class=\"uvc-heading-spacer no_spacer\" style=\"top\"><\/div><div class=\"uvc-main-heading ult-responsive\"  data-ultimate-target='.uvc-heading.ultimate-heading-5436a0368bb0be0c h2'  data-responsive-json-new='{\"font-size\":\"desktop:24px;\",\"line-height\":\"desktop:30px;\"}' ><h2 style=\"font-weight:bold;margin-top:70px;margin-bottom:22px;\">Lentilles de contact sp\u00e9cialis\u00e9es<\/h2><\/div><\/div>[vc_accordion active_tab=&#8221;false&#8221; title_size=&#8221;h6&#8243; style=&#8221;3&#8243;][vc_accordion_tab title=&#8221;Lentilles de contact k\u00e9ratoc\u00f4ne &#8220;][vc_column_text css=&#8221;.vc_custom_1524299586395{padding-top: 10px !important;padding-bottom: 10px !important;background-color: #ffffff !important;}&#8221;]Disponibles dans des formats durs, elles sont con\u00e7ues sur mesure pour les irr\u00e9gularit\u00e9s corn\u00e9ennes.[\/vc_column_text][\/vc_accordion_tab][vc_accordion_tab title=&#8221;Lentilles de contact bifocales ou multifocales &#8220;][vc_column_text css=&#8221;.vc_custom_1524299617460{padding-top: 10px !important;padding-bottom: 10px !important;background-color: #ffffff !important;}&#8221;]Disponibles dans des formats souples, elles corrigent la myopie, l&#8217;hyperm\u00e9tropie, l&#8217;astigmatisme et la presbytie.[\/vc_column_text][\/vc_accordion_tab][vc_accordion_tab title=&#8221;Lentilles de contact de couleur &#8220;][vc_column_text css=&#8221;.vc_custom_1524299643965{padding-top: 10px !important;padding-bottom: 10px !important;background-color: #ffffff !important;}&#8221;]Disponibles dans des formats souples, elles sont utilis\u00e9es \u00e0 des fins correctives et esth\u00e9tiques. Elles changent la couleur de vos yeux.[\/vc_column_text][\/vc_accordion_tab][\/vc_accordion]<div id=\"ultimate-heading-72406a0368bb0be25\" class=\"uvc-heading ult-adjust-bottom-margin ultimate-heading-72406a0368bb0be25 uvc-2461 \" data-hspacer=\"no_spacer\"  data-halign=\"left\" style=\"text-align:left\"><div class=\"uvc-heading-spacer no_spacer\" style=\"top\"><\/div><div class=\"uvc-main-heading ult-responsive\"  data-ultimate-target='.uvc-heading.ultimate-heading-72406a0368bb0be25 h2'  data-responsive-json-new='{\"font-size\":\"desktop:24px;\",\"line-height\":\"desktop:30px;\"}' ><h2 style=\"font-weight:bold;margin-top:70px;margin-bottom:22px;\">Nos conseils pour prendre soin de vos yeux et de vos lentilles de contact<\/h2><\/div><\/div>[vc_accordion active_tab=&#8221;false&#8221; title_size=&#8221;h6&#8243; style=&#8221;3&#8243;][vc_accordion_tab title=&#8221;Ayez une hygi\u00e8ne parfaite &#8220;][vc_column_text css=&#8221;.vc_custom_1524299730364{padding-top: 10px !important;padding-bottom: 10px !important;background-color: #ffffff !important;}&#8221;]Lavez-vous soigneusement les mains et s\u00e9chez-les avec une serviette qui ne peluche pas avant de manipuler vos lentilles.[\/vc_column_text][\/vc_accordion_tab][vc_accordion_tab title=&#8221;Ne dormez pas avec vos lentilles &#8220;][vc_column_text css=&#8221;.vc_custom_1524584630523{padding-top: 10px !important;padding-bottom: 10px !important;background-color: #ffffff !important;}&#8221;]Ce conseil s&#8217;applique \u00e9galement aux porteurs de lentilles permanentes qui augmentent le risque d&#8217;infections.[\/vc_column_text][\/vc_accordion_tab][vc_accordion_tab title=&#8221;Prenez de bonnes habitudes &#8220;][vc_column_text css=&#8221;.vc_custom_1524299766712{padding-top: 10px !important;padding-bottom: 10px !important;background-color: #ffffff !important;}&#8221;]Habituez-vous \u00e0 toujours commencer par le m\u00eame c\u00f4t\u00e9 pour \u00e9viter tout risque de confusion entre la lentille droite et la lentille gauche. Attention aux ongles longs qui risqueraient de d\u00e9chirer la lentille.[\/vc_column_text][\/vc_accordion_tab][vc_accordion_tab title=&#8221;D\u00e9sinfectez vos lentilles &#8220;][vc_column_text css=&#8221;.vc_custom_1524299799540{padding-top: 10px !important;padding-bottom: 10px !important;background-color: #ffffff !important;}&#8221;]Utilisez uniquement des solutions st\u00e9riles vendues en pharmacie ou chez votre opticien et adapt\u00e9es \u00e0 votre type de lentilles. Jetez la solution apr\u00e8s chaque nettoyage. V\u00e9rifiez la date d&#8217;expiration de votre solution.[\/vc_column_text][\/vc_accordion_tab][vc_accordion_tab title=&#8221;Remplacez vos lentilles &#8220;][vc_column_text css=&#8221;.vc_custom_1524299821448{padding-top: 10px !important;padding-bottom: 10px !important;background-color: #ffffff !important;}&#8221;]Suivez strictement les instructions de votre opticien.[\/vc_column_text][\/vc_accordion_tab][vc_accordion_tab title=&#8221;Soyez responsable &#8220;][vc_column_text css=&#8221;.vc_custom_1524299850847{padding-top: 10px !important;padding-bottom: 10px !important;background-color: #ffffff !important;}&#8221;]Si vous ressentez des douleurs aux yeux, sensibilit\u00e9, d\u00e9mangeaisons ou rougeurs, retirez vos lentilles et consultez votre ophtalmologiste.[\/vc_column_text][\/vc_accordion_tab][\/vc_accordion][\/vc_column][vc_column css=&#8221;.vc_custom_1463060659618{padding-bottom: 80px !important;}&#8221; offset=&#8221;vc_col-lg-4 vc_col-md-4&#8243; el_class=&#8221;custom_sidebar&#8221;][vc_row_inner css=&#8221;.vc_custom_1463572267631{padding-right: 25px !important;padding-bottom: 30px !important;padding-left: 25px !important;}&#8221;][vc_column_inner css=&#8221;.vc_custom_1462517200859{padding-top: 30px !important;padding-right: 30px !important;padding-bottom: 10px !important;padding-left: 30px !important;background-color: #f4f4f4 !important;}&#8221;]<div id=\"ultimate-heading-2006a0368bb0be3f\" class=\"uvc-heading ult-adjust-bottom-margin ultimate-heading-2006a0368bb0be3f uvc-1703 \" data-hspacer=\"no_spacer\"  data-halign=\"left\" style=\"text-align:left\"><div class=\"uvc-heading-spacer no_spacer\" style=\"top\"><\/div><div class=\"uvc-main-heading ult-responsive\"  data-ultimate-target='.uvc-heading.ultimate-heading-2006a0368bb0be3f h3'  data-responsive-json-new='{\"font-size\":\"desktop:20px;\",\"line-height\":\"desktop:26px;\"}' ><h3 style=\"font-weight:bold;margin-bottom:20px;\">Produits<\/h3><\/div><\/div>[vc_widget_sidebar show_bg=&#8221;false&#8221; sidebar_id=&#8221;sidebar_4&#8243; el_class=&#8221;service_menu&#8221;][\/vc_column_inner][\/vc_row_inner][\/vc_column][\/vc_row]<\/p>","protected":false},"excerpt":{"rendered":"<p>[vc_row full_width=&#8221;stretch_row&#8221; type=&#8221;vc_default&#8221;][vc_column css=&#8221;.vc_custom_1474221537277{padding-bottom: 80px !important;}&#8221; offset=&#8221;vc_col-lg-8 vc_col-md-8&#8243;][vc_single_image image=&#8221;1500&#8243; img_size=&#8221;1000&#215;500&#8243; css=&#8221;.vc_custom_1524295278650{padding-bottom: 60px !important;}&#8221;][vc_column_text css=&#8221;.vc_custom_1525839246923{padding-bottom: 30px !important;}&#8221;]Comme leur nom l\u2019indique, les lentilles sont en contact direct avec la corn\u00e9e de l&#8217;\u0153il. Elles fournissent ainsi un moyen s\u00fbr et efficace de corriger la vision et sont une bonne alternative aux lunettes lorsqu&#8217;elles sont utilis\u00e9es avec pr\u00e9caution. Il&hellip;<\/p>\n","protected":false},"author":4,"featured_media":0,"parent":113,"menu_order":20,"comment_status":"closed","ping_status":"closed","template":"","meta":{"nf_dc_page":""},"class_list":["post-1645","page","type-page","status-publish","hentry","description-off"],"yoast_head":"<!-- This site is optimized with the Yoast SEO Premium plugin v20.9 (Yoast SEO v27.6) - https:\/\/yoast.com\/product\/yoast-seo-premium-wordpress\/ -->\n<title>Lentilles de contact - Farouk Hossen Opticians<\/title>\n<meta name=\"robots\" content=\"index, follow, max-snippet:-1, max-image-preview:large, max-video-preview:-1\" \/>\n<link rel=\"canonical\" href=\"https:\/\/faroukhossen.com\/products\/contact-lenses\/\" \/>\n<meta property=\"og:locale\" content=\"fr_FR\" \/>\n<meta property=\"og:type\" content=\"article\" \/>\n<meta property=\"og:title\" content=\"[:en]Contact Lenses[:fr]Lentilles de contact[:]\" \/>\n<meta property=\"og:description\" content=\"[vc_row full_width=&#8221;stretch_row&#8221; type=&#8221;vc_default&#8221;][vc_column css=&#8221;.vc_custom_1474221537277{padding-bottom: 80px !important;}&#8221; offset=&#8221;vc_col-lg-8 vc_col-md-8&#8243;][vc_single_image image=&#8221;1500&#8243; img_size=&#8221;1000&#215;500&#8243; css=&#8221;.vc_custom_1524295278650{padding-bottom: 60px !important;}&#8221;][vc_column_text css=&#8221;.vc_custom_1525839246923{padding-bottom: 30px !important;}&#8221;]Comme leur nom l\u2019indique, les lentilles sont en contact direct avec la corn\u00e9e de l&#8217;\u0153il. Elles fournissent ainsi un moyen s\u00fbr et efficace de corriger la vision et sont une bonne alternative aux lunettes lorsqu&#8217;elles sont utilis\u00e9es avec pr\u00e9caution. Il&hellip;\" \/>\n<meta property=\"og:url\" content=\"https:\/\/faroukhossen.com\/products\/contact-lenses\/\" \/>\n<meta property=\"og:site_name\" content=\"Farouk Hossen Opticians\" \/>\n<meta property=\"article:publisher\" content=\"https:\/\/www.facebook.com\/farouk.hossen\/\" \/>\n<meta property=\"article:modified_time\" content=\"2018-05-09T04:14:01+00:00\" \/>\n<meta name=\"twitter:card\" content=\"summary_large_image\" \/>\n<meta name=\"twitter:label1\" content=\"Dur\u00e9e de lecture estim\u00e9e\" \/>\n\t<meta name=\"twitter:data1\" content=\"12 minutes\" \/>\n<script type=\"application\/ld+json\" class=\"yoast-schema-graph\">{\"@context\":\"https:\\\/\\\/schema.org\",\"@graph\":[{\"@type\":\"WebPage\",\"@id\":\"https:\\\/\\\/faroukhossen.com\\\/products\\\/contact-lenses\\\/\",\"url\":\"https:\\\/\\\/faroukhossen.com\\\/products\\\/contact-lenses\\\/\",\"name\":\"[:en]Contact Lenses[:fr]Lentilles de contact[:] - Farouk Hossen Opticians\",\"isPartOf\":{\"@id\":\"https:\\\/\\\/faroukhossen.com\\\/#website\"},\"datePublished\":\"2018-01-13T17:28:26+00:00\",\"dateModified\":\"2018-05-09T04:14:01+00:00\",\"breadcrumb\":{\"@id\":\"https:\\\/\\\/faroukhossen.com\\\/products\\\/contact-lenses\\\/#breadcrumb\"},\"inLanguage\":\"fr-FR\",\"potentialAction\":[{\"@type\":\"ReadAction\",\"target\":[\"https:\\\/\\\/faroukhossen.com\\\/products\\\/contact-lenses\\\/\"]}]},{\"@type\":\"BreadcrumbList\",\"@id\":\"https:\\\/\\\/faroukhossen.com\\\/products\\\/contact-lenses\\\/#breadcrumb\",\"itemListElement\":[{\"@type\":\"ListItem\",\"position\":1,\"name\":\"Home\",\"item\":\"https:\\\/\\\/faroukhossen.com\\\/\"},{\"@type\":\"ListItem\",\"position\":2,\"name\":\"Products\",\"item\":\"https:\\\/\\\/faroukhossen.com\\\/products\\\/\"},{\"@type\":\"ListItem\",\"position\":3,\"name\":\"Contact Lenses\"}]},{\"@type\":\"WebSite\",\"@id\":\"https:\\\/\\\/faroukhossen.com\\\/#website\",\"url\":\"https:\\\/\\\/faroukhossen.com\\\/\",\"name\":\"Farouk Hossen Opticians\",\"description\":\"Optician of Mauritians\",\"publisher\":{\"@id\":\"https:\\\/\\\/faroukhossen.com\\\/#organization\"},\"potentialAction\":[{\"@type\":\"SearchAction\",\"target\":{\"@type\":\"EntryPoint\",\"urlTemplate\":\"https:\\\/\\\/faroukhossen.com\\\/?s={search_term_string}\"},\"query-input\":{\"@type\":\"PropertyValueSpecification\",\"valueRequired\":true,\"valueName\":\"search_term_string\"}}],\"inLanguage\":\"fr-FR\"},{\"@type\":\"Organization\",\"@id\":\"https:\\\/\\\/faroukhossen.com\\\/#organization\",\"name\":\"Farouk Hossen Opticians\",\"url\":\"https:\\\/\\\/faroukhossen.com\\\/\",\"logo\":{\"@type\":\"ImageObject\",\"inLanguage\":\"fr-FR\",\"@id\":\"https:\\\/\\\/faroukhossen.com\\\/#\\\/schema\\\/logo\\\/image\\\/\",\"url\":\"https:\\\/\\\/faroukhossen.com\\\/wp-content\\\/uploads\\\/2017\\\/11\\\/FAROUK-HOSSEN_2017_Logo_FINALphonehigh.png\",\"contentUrl\":\"https:\\\/\\\/faroukhossen.com\\\/wp-content\\\/uploads\\\/2017\\\/11\\\/FAROUK-HOSSEN_2017_Logo_FINALphonehigh.png\",\"width\":660,\"height\":173,\"caption\":\"Farouk Hossen Opticians\"},\"image\":{\"@id\":\"https:\\\/\\\/faroukhossen.com\\\/#\\\/schema\\\/logo\\\/image\\\/\"},\"sameAs\":[\"https:\\\/\\\/www.facebook.com\\\/farouk.hossen\\\/\",\"https:\\\/\\\/www.instagram.com\\\/farouk_hossen_opticians\\\/\"]}]}<\/script>\n<!-- \/ Yoast SEO Premium plugin. -->","yoast_head_json":{"title":"[:en]Contact Lenses[:fr]Lentilles de contact[:] - Farouk Hossen Opticians","robots":{"index":"index","follow":"follow","max-snippet":"max-snippet:-1","max-image-preview":"max-image-preview:large","max-video-preview":"max-video-preview:-1"},"canonical":"https:\/\/faroukhossen.com\/products\/contact-lenses\/","og_locale":"fr_FR","og_type":"article","og_title":"[:en]Contact Lenses[:fr]Lentilles de contact[:]","og_description":"[vc_row full_width=&#8221;stretch_row&#8221; type=&#8221;vc_default&#8221;][vc_column css=&#8221;.vc_custom_1474221537277{padding-bottom: 80px !important;}&#8221; offset=&#8221;vc_col-lg-8 vc_col-md-8&#8243;][vc_single_image image=&#8221;1500&#8243; img_size=&#8221;1000&#215;500&#8243; css=&#8221;.vc_custom_1524295278650{padding-bottom: 60px !important;}&#8221;][vc_column_text css=&#8221;.vc_custom_1525839246923{padding-bottom: 30px !important;}&#8221;]Comme leur nom l\u2019indique, les lentilles sont en contact direct avec la corn\u00e9e de l&#8217;\u0153il. Elles fournissent ainsi un moyen s\u00fbr et efficace de corriger la vision et sont une bonne alternative aux lunettes lorsqu&#8217;elles sont utilis\u00e9es avec pr\u00e9caution. Il&hellip;","og_url":"https:\/\/faroukhossen.com\/products\/contact-lenses\/","og_site_name":"Farouk Hossen Opticians","article_publisher":"https:\/\/www.facebook.com\/farouk.hossen\/","article_modified_time":"2018-05-09T04:14:01+00:00","twitter_card":"summary_large_image","twitter_misc":{"Dur\u00e9e de lecture estim\u00e9e":"12 minutes"},"schema":{"@context":"https:\/\/schema.org","@graph":[{"@type":"WebPage","@id":"https:\/\/faroukhossen.com\/products\/contact-lenses\/","url":"https:\/\/faroukhossen.com\/products\/contact-lenses\/","name":"[:en]Contact Lenses[:fr]Lentilles de contact[:] - Farouk Hossen Opticians","isPartOf":{"@id":"https:\/\/faroukhossen.com\/#website"},"datePublished":"2018-01-13T17:28:26+00:00","dateModified":"2018-05-09T04:14:01+00:00","breadcrumb":{"@id":"https:\/\/faroukhossen.com\/products\/contact-lenses\/#breadcrumb"},"inLanguage":"fr-FR","potentialAction":[{"@type":"ReadAction","target":["https:\/\/faroukhossen.com\/products\/contact-lenses\/"]}]},{"@type":"BreadcrumbList","@id":"https:\/\/faroukhossen.com\/products\/contact-lenses\/#breadcrumb","itemListElement":[{"@type":"ListItem","position":1,"name":"Home","item":"https:\/\/faroukhossen.com\/"},{"@type":"ListItem","position":2,"name":"Products","item":"https:\/\/faroukhossen.com\/products\/"},{"@type":"ListItem","position":3,"name":"Contact Lenses"}]},{"@type":"WebSite","@id":"https:\/\/faroukhossen.com\/#website","url":"https:\/\/faroukhossen.com\/","name":"Farouk Hossen Opticians","description":"Optician of Mauritians","publisher":{"@id":"https:\/\/faroukhossen.com\/#organization"},"potentialAction":[{"@type":"SearchAction","target":{"@type":"EntryPoint","urlTemplate":"https:\/\/faroukhossen.com\/?s={search_term_string}"},"query-input":{"@type":"PropertyValueSpecification","valueRequired":true,"valueName":"search_term_string"}}],"inLanguage":"fr-FR"},{"@type":"Organization","@id":"https:\/\/faroukhossen.com\/#organization","name":"Farouk Hossen Opticians","url":"https:\/\/faroukhossen.com\/","logo":{"@type":"ImageObject","inLanguage":"fr-FR","@id":"https:\/\/faroukhossen.com\/#\/schema\/logo\/image\/","url":"https:\/\/faroukhossen.com\/wp-content\/uploads\/2017\/11\/FAROUK-HOSSEN_2017_Logo_FINALphonehigh.png","contentUrl":"https:\/\/faroukhossen.com\/wp-content\/uploads\/2017\/11\/FAROUK-HOSSEN_2017_Logo_FINALphonehigh.png","width":660,"height":173,"caption":"Farouk Hossen Opticians"},"image":{"@id":"https:\/\/faroukhossen.com\/#\/schema\/logo\/image\/"},"sameAs":["https:\/\/www.facebook.com\/farouk.hossen\/","https:\/\/www.instagram.com\/farouk_hossen_opticians\/"]}]}},"jetpack_sharing_enabled":true,"_links":{"self":[{"href":"https:\/\/faroukhossen.com\/fr\/wp-json\/wp\/v2\/pages\/1645","targetHints":{"allow":["GET"]}}],"collection":[{"href":"https:\/\/faroukhossen.com\/fr\/wp-json\/wp\/v2\/pages"}],"about":[{"href":"https:\/\/faroukhossen.com\/fr\/wp-json\/wp\/v2\/types\/page"}],"author":[{"embeddable":true,"href":"https:\/\/faroukhossen.com\/fr\/wp-json\/wp\/v2\/users\/4"}],"replies":[{"embeddable":true,"href":"https:\/\/faroukhossen.com\/fr\/wp-json\/wp\/v2\/comments?post=1645"}],"version-history":[{"count":13,"href":"https:\/\/faroukhossen.com\/fr\/wp-json\/wp\/v2\/pages\/1645\/revisions"}],"predecessor-version":[{"id":2082,"href":"https:\/\/faroukhossen.com\/fr\/wp-json\/wp\/v2\/pages\/1645\/revisions\/2082"}],"up":[{"embeddable":true,"href":"https:\/\/faroukhossen.com\/fr\/wp-json\/wp\/v2\/pages\/113"}],"wp:attachment":[{"href":"https:\/\/faroukhossen.com\/fr\/wp-json\/wp\/v2\/media?parent=1645"}],"curies":[{"name":"wp","href":"https:\/\/api.w.org\/{rel}","templated":true}]}}