{"id":1620,"date":"2018-01-13T05:29:46","date_gmt":"2018-01-13T05:29:46","guid":{"rendered":"http:\/\/ec2-34-215-87-137.us-west-2.compute.amazonaws.com\/?page_id=1620"},"modified":"2018-04-22T17:45:50","modified_gmt":"2018-04-22T17:45:50","slug":"frames","status":"publish","type":"page","link":"https:\/\/faroukhossen.com\/fr\/products\/frames\/","title":{"rendered":"Lunettes de Vue"},"content":{"rendered":"<p>[vc_row full_width=&#8221;stretch_row&#8221; type=&#8221;vc_default&#8221;][vc_column css=&#8221;.vc_custom_1474221537277{padding-bottom: 80px !important;}&#8221; offset=&#8221;vc_col-lg-8 vc_col-md-8&#8243;][vc_single_image image=&#8221;1501&#8243; img_size=&#8221;1000&#215;500&#8243; css=&#8221;.vc_custom_1524289733901{padding-bottom: 60px !important;}&#8221;]<div id=\"ultimate-heading-4126a03685ce5071\" class=\"uvc-heading ult-adjust-bottom-margin ultimate-heading-4126a03685ce5071 uvc-3348 \" data-hspacer=\"no_spacer\"  data-halign=\"left\" style=\"text-align:left\"><div class=\"uvc-heading-spacer no_spacer\" style=\"top\"><\/div><div class=\"uvc-main-heading ult-responsive\"  data-ultimate-target='.uvc-heading.ultimate-heading-4126a03685ce5071 h2'  data-responsive-json-new='{\"font-size\":\"desktop:24px;\",\"line-height\":\"desktop:30px;\"}' ><h2 style=\"font-weight:bold;margin-bottom:22px;\">Lunettes de Vue<\/h2><\/div><\/div>[vc_column_text css=&#8221;.vc_custom_1524289800731{padding-bottom: 30px !important;}&#8221;]Trouver une paire qui convient \u00e0 vos besoins et vos go\u00fbts n\u00e9cessite une d\u00e9cision \u00e9clair\u00e9e. Vous trouverez ci-dessous les facteurs \u00e0 consid\u00e9rer pour faire le bon choix.[\/vc_column_text][vc_accordion active_tab=&#8221;false&#8221; title_size=&#8221;h6&#8243; style=&#8221;3&#8243;][vc_accordion_tab title=&#8221;La taille &#8220;][vc_column_text css=&#8221;.vc_custom_1524289859125{padding-top: 10px !important;padding-bottom: 10px !important;background-color: #ffffff !important;}&#8221;]Choisissez une monture proportionn\u00e9e \u00e0 la taille de votre visage et assurez-vous que vos yeux soient prot\u00e9g\u00e9s sur tous les angles, sans quoi les rayons UV parasites peuvent s&#8217;infiltrer dans vos yeux.[\/vc_column_text][\/vc_accordion_tab][vc_accordion_tab title=&#8221;Les mat\u00e9riaux &#8220;][vc_column_text css=&#8221;.vc_custom_1524289884743{padding-top: 10px !important;padding-bottom: 10px !important;background-color: #ffffff !important;}&#8221;]Les mat\u00e9riaux utilis\u00e9s pour votre monture ont une fonction et un style sp\u00e9cifique. Les adeptes de sport pr\u00e9f\u00e8reront des montures en nylon, tandis que les amateurs de mode se tourneront vers l&#8217;ac\u00e9tate, qui se d\u00e9cline dans une grande vari\u00e9t\u00e9 de couleurs et de textures.[\/vc_column_text][\/vc_accordion_tab][vc_accordion_tab title=&#8221;Les verres &#8220;][vc_column_text css=&#8221;.vc_custom_1524290027083{padding-top: 10px !important;padding-bottom: 10px !important;background-color: #ffffff !important;}&#8221;]Il en existe pour tous les style de vie et tous les budgets. Certains verres sont r\u00e9sistants aux rayures, d&#8217;autres sont peu co\u00fbteux, tandis que d&#8217;autres sont pratiquement incassables.[\/vc_column_text][\/vc_accordion_tab][vc_accordion_tab title=&#8221;L\u2019esth\u00e9tique&#8221;][vc_column_text css=&#8221;.vc_custom_1524290071080{padding-top: 10px !important;padding-bottom: 10px !important;background-color: #ffffff !important;}&#8221;]Certains facteurs sont \u00e0 prendre en consid\u00e9ration pour choisir vos lunettes, \u00e0 savoir : la forme de votre visage, la couleur de vos yeux et de vos cheveux, votre teint et surtout votre personnalit\u00e9.[\/vc_column_text][\/vc_accordion_tab][\/vc_accordion]<div id=\"ultimate-heading-42136a03685ce5098\" class=\"uvc-heading ult-adjust-bottom-margin ultimate-heading-42136a03685ce5098 uvc-4451 \" data-hspacer=\"no_spacer\"  data-halign=\"left\" style=\"text-align:left\"><div class=\"uvc-heading-spacer no_spacer\" style=\"top\"><\/div><div class=\"uvc-main-heading ult-responsive\"  data-ultimate-target='.uvc-heading.ultimate-heading-42136a03685ce5098 h2'  data-responsive-json-new='{\"font-size\":\"desktop:24px;\",\"line-height\":\"desktop:30px;\"}' ><h2 style=\"font-weight:bold;margin-top:40px;margin-bottom:22px;\">Forme du visage<\/h2><\/div><\/div>[vc_accordion active_tab=&#8221;false&#8221; title_size=&#8221;h6&#8243; style=&#8221;3&#8243;][vc_accordion_tab title=&#8221;Visage ovale &#8220;][vc_column_text css=&#8221;.vc_custom_1524290302837{padding-top: 10px !important;padding-bottom: 10px !important;background-color: #ffffff !important;}&#8221;]Vous pouvez porter tous les styles de lunettes (du plus classique au plus extravagant).[\/vc_column_text][\/vc_accordion_tab][vc_accordion_tab title=&#8221;Visage rond &#8220;][vc_column_text css=&#8221;.vc_custom_1524290329415{padding-top: 10px !important;padding-bottom: 10px !important;background-color: #ffffff !important;}&#8221;]Optez pour des montures aux formes g\u00e9om\u00e9triques, anguleuses et \u00e9tir\u00e9es qui flatteront vos traits doux et incurv\u00e9s.[\/vc_column_text][\/vc_accordion_tab][vc_accordion_tab title=&#8221;Visage triangulaire &#8220;][vc_column_text css=&#8221;.vc_custom_1524290361504{padding-top: 10px !important;padding-bottom: 10px !important;background-color: #ffffff !important;}&#8221;]Pr\u00e9f\u00e9rez les montures claires, plut\u00f4t arrondies et peu \u00e9paisses. \u00c9viter tout ce qui est strict et g\u00e9om\u00e9trique ainsi que la forme papillon.[\/vc_column_text][\/vc_accordion_tab][vc_accordion_tab title=&#8221;Visage carr\u00e9 ou rectangulaire &#8220;][vc_column_text css=&#8221;.vc_custom_1524290387235{padding-top: 10px !important;padding-bottom: 10px !important;background-color: #ffffff !important;}&#8221;]Accentuez votre personnalit\u00e9 avec des formes g\u00e9om\u00e9triques (\u00e9vitez tout de m\u00eame la forme carr\u00e9e) ou adoucissez votre visage avec des formes ovales aux lignes douces. Veillez \u00e0 ce que la largeur des lunettes soit plus petite que votre visage.[\/vc_column_text][\/vc_accordion_tab][\/vc_accordion]<div id=\"ultimate-heading-29496a03685ce50c0\" class=\"uvc-heading ult-adjust-bottom-margin ultimate-heading-29496a03685ce50c0 uvc-730 \" data-hspacer=\"no_spacer\"  data-halign=\"left\" style=\"text-align:left\"><div class=\"uvc-heading-spacer no_spacer\" style=\"top\"><\/div><div class=\"uvc-main-heading ult-responsive\"  data-ultimate-target='.uvc-heading.ultimate-heading-29496a03685ce50c0 h2'  data-responsive-json-new='{\"font-size\":\"desktop:24px;\",\"line-height\":\"desktop:30px;\"}' ><h2 style=\"font-weight:bold;margin-top:40px;margin-bottom:22px;\">La couleur de vos yeux<\/h2><\/div><\/div>[vc_accordion active_tab=&#8221;false&#8221; title_size=&#8221;h6&#8243; style=&#8221;3&#8243;][vc_accordion_tab title=&#8221;Les yeux bleus &#8220;][vc_column_text css=&#8221;.vc_custom_1524290478067{padding-top: 10px !important;padding-bottom: 10px !important;background-color: #ffffff !important;}&#8221;]Une monture bleut\u00e9e, argent\u00e9e ou transparente les mettra en valeur. L&#8217;orange les soutiendra joliment.[\/vc_column_text][\/vc_accordion_tab][vc_accordion_tab title=&#8221;Les yeux verts &#8220;][vc_column_text css=&#8221;.vc_custom_1524290506107{padding-top: 10px !important;padding-bottom: 10px !important;background-color: #ffffff !important;}&#8221;]Pr\u00e9f\u00e9rez une monture gris\u00e9e ou plus soutenue, dans des tonalit\u00e9s de prune ou un vert \u00e9meraude pour un rendu plus radieux.[\/vc_column_text][\/vc_accordion_tab][vc_accordion_tab title=&#8221;Les yeux bruns &#8220;][vc_column_text css=&#8221;.vc_custom_1524290534555{padding-top: 10px !important;padding-bottom: 10px !important;background-color: #ffffff !important;}&#8221;]Le beige et ses d\u00e9grad\u00e9s approfondiront votre tonalit\u00e9 naturelle. La lavande cr\u00e9era une harmonie plus vive.[\/vc_column_text][\/vc_accordion_tab][vc_accordion_tab title=&#8221;Les yeux noisettes &#8220;][vc_column_text css=&#8221;.vc_custom_1524290563115{padding-top: 10px !important;padding-bottom: 10px !important;background-color: #ffffff !important;}&#8221;]Le vert soulignera la teinte dor\u00e9e de vos yeux noisettes. Jouez l&#8217;harmonie douce avec des nuances de beige pour approfondir votre regard.[\/vc_column_text][\/vc_accordion_tab][\/vc_accordion][\/vc_column][vc_column css=&#8221;.vc_custom_1463060659618{padding-bottom: 80px !important;}&#8221; offset=&#8221;vc_col-lg-4 vc_col-md-4&#8243; el_class=&#8221;custom_sidebar&#8221;][vc_row_inner css=&#8221;.vc_custom_1463572267631{padding-right: 25px !important;padding-bottom: 30px !important;padding-left: 25px !important;}&#8221;][vc_column_inner css=&#8221;.vc_custom_1462517200859{padding-top: 30px !important;padding-right: 30px !important;padding-bottom: 10px !important;padding-left: 30px !important;background-color: #f4f4f4 !important;}&#8221;]<div id=\"ultimate-heading-23736a03685ce50e8\" class=\"uvc-heading ult-adjust-bottom-margin ultimate-heading-23736a03685ce50e8 uvc-7707 \" data-hspacer=\"no_spacer\"  data-halign=\"left\" style=\"text-align:left\"><div class=\"uvc-heading-spacer no_spacer\" style=\"top\"><\/div><div class=\"uvc-main-heading ult-responsive\"  data-ultimate-target='.uvc-heading.ultimate-heading-23736a03685ce50e8 h3'  data-responsive-json-new='{\"font-size\":\"desktop:20px;\",\"line-height\":\"desktop:26px;\"}' ><h3 style=\"font-weight:bold;margin-bottom:20px;\">Produits<\/h3><\/div><\/div>[vc_widget_sidebar show_bg=&#8221;false&#8221; sidebar_id=&#8221;sidebar_4&#8243; el_class=&#8221;service_menu&#8221;][\/vc_column_inner][\/vc_row_inner][\/vc_column][\/vc_row]<\/p>","protected":false},"excerpt":{"rendered":"<p>[vc_row full_width=&#8221;stretch_row&#8221; type=&#8221;vc_default&#8221;][vc_column css=&#8221;.vc_custom_1474221537277{padding-bottom: 80px !important;}&#8221; offset=&#8221;vc_col-lg-8 vc_col-md-8&#8243;][vc_single_image image=&#8221;1501&#8243; img_size=&#8221;1000&#215;500&#8243; css=&#8221;.vc_custom_1524289733901{padding-bottom: 60px !important;}&#8221;][vc_column_text css=&#8221;.vc_custom_1524289800731{padding-bottom: 30px !important;}&#8221;]Trouver une paire qui convient \u00e0 vos besoins et vos go\u00fbts n\u00e9cessite une d\u00e9cision \u00e9clair\u00e9e. Vous trouverez ci-dessous les facteurs \u00e0 consid\u00e9rer pour faire le bon choix.[\/vc_column_text][vc_accordion active_tab=&#8221;false&#8221; title_size=&#8221;h6&#8243; style=&#8221;3&#8243;][vc_accordion_tab title=&#8221;La taille &#8220;][vc_column_text css=&#8221;.vc_custom_1524289859125{padding-top: 10px !important;padding-bottom: 10px !important;background-color: #ffffff !important;}&#8221;]Choisissez&hellip;<\/p>\n","protected":false},"author":6,"featured_media":0,"parent":113,"menu_order":20,"comment_status":"closed","ping_status":"closed","template":"","meta":{"nf_dc_page":""},"class_list":["post-1620","page","type-page","status-publish","hentry","description-off"],"yoast_head":"<!-- This site is optimized with the Yoast SEO Premium plugin v20.9 (Yoast SEO v27.6) - https:\/\/yoast.com\/product\/yoast-seo-premium-wordpress\/ -->\n<title>Lunettes de Vue - Farouk Hossen Opticians<\/title>\n<meta name=\"robots\" content=\"index, follow, max-snippet:-1, max-image-preview:large, max-video-preview:-1\" \/>\n<link rel=\"canonical\" href=\"https:\/\/faroukhossen.com\/products\/frames\/\" \/>\n<meta property=\"og:locale\" content=\"fr_FR\" \/>\n<meta property=\"og:type\" content=\"article\" \/>\n<meta property=\"og:title\" content=\"[:en]Frames[:fr]Lunettes de Vue[:]\" \/>\n<meta property=\"og:description\" content=\"[vc_row full_width=&#8221;stretch_row&#8221; type=&#8221;vc_default&#8221;][vc_column css=&#8221;.vc_custom_1474221537277{padding-bottom: 80px !important;}&#8221; offset=&#8221;vc_col-lg-8 vc_col-md-8&#8243;][vc_single_image image=&#8221;1501&#8243; img_size=&#8221;1000&#215;500&#8243; css=&#8221;.vc_custom_1524289733901{padding-bottom: 60px !important;}&#8221;][vc_column_text css=&#8221;.vc_custom_1524289800731{padding-bottom: 30px !important;}&#8221;]Trouver une paire qui convient \u00e0 vos besoins et vos go\u00fbts n\u00e9cessite une d\u00e9cision \u00e9clair\u00e9e. Vous trouverez ci-dessous les facteurs \u00e0 consid\u00e9rer pour faire le bon choix.[\/vc_column_text][vc_accordion active_tab=&#8221;false&#8221; title_size=&#8221;h6&#8243; style=&#8221;3&#8243;][vc_accordion_tab title=&#8221;La taille &#8220;][vc_column_text css=&#8221;.vc_custom_1524289859125{padding-top: 10px !important;padding-bottom: 10px !important;background-color: #ffffff !important;}&#8221;]Choisissez&hellip;\" \/>\n<meta property=\"og:url\" content=\"https:\/\/faroukhossen.com\/products\/frames\/\" \/>\n<meta property=\"og:site_name\" content=\"Farouk Hossen Opticians\" \/>\n<meta property=\"article:publisher\" content=\"https:\/\/www.facebook.com\/farouk.hossen\/\" \/>\n<meta property=\"article:modified_time\" content=\"2018-04-22T17:45:50+00:00\" \/>\n<meta name=\"twitter:card\" content=\"summary_large_image\" \/>\n<meta name=\"twitter:label1\" content=\"Dur\u00e9e de lecture estim\u00e9e\" \/>\n\t<meta name=\"twitter:data1\" content=\"10 minutes\" \/>\n<script type=\"application\/ld+json\" class=\"yoast-schema-graph\">{\"@context\":\"https:\\\/\\\/schema.org\",\"@graph\":[{\"@type\":\"WebPage\",\"@id\":\"https:\\\/\\\/faroukhossen.com\\\/products\\\/frames\\\/\",\"url\":\"https:\\\/\\\/faroukhossen.com\\\/products\\\/frames\\\/\",\"name\":\"[:en]Frames[:fr]Lunettes de Vue[:] - Farouk Hossen Opticians\",\"isPartOf\":{\"@id\":\"https:\\\/\\\/faroukhossen.com\\\/#website\"},\"datePublished\":\"2018-01-13T05:29:46+00:00\",\"dateModified\":\"2018-04-22T17:45:50+00:00\",\"breadcrumb\":{\"@id\":\"https:\\\/\\\/faroukhossen.com\\\/products\\\/frames\\\/#breadcrumb\"},\"inLanguage\":\"fr-FR\",\"potentialAction\":[{\"@type\":\"ReadAction\",\"target\":[\"https:\\\/\\\/faroukhossen.com\\\/products\\\/frames\\\/\"]}]},{\"@type\":\"BreadcrumbList\",\"@id\":\"https:\\\/\\\/faroukhossen.com\\\/products\\\/frames\\\/#breadcrumb\",\"itemListElement\":[{\"@type\":\"ListItem\",\"position\":1,\"name\":\"Home\",\"item\":\"https:\\\/\\\/faroukhossen.com\\\/\"},{\"@type\":\"ListItem\",\"position\":2,\"name\":\"Products\",\"item\":\"https:\\\/\\\/faroukhossen.com\\\/products\\\/\"},{\"@type\":\"ListItem\",\"position\":3,\"name\":\"Frames\"}]},{\"@type\":\"WebSite\",\"@id\":\"https:\\\/\\\/faroukhossen.com\\\/#website\",\"url\":\"https:\\\/\\\/faroukhossen.com\\\/\",\"name\":\"Farouk Hossen Opticians\",\"description\":\"Optician of Mauritians\",\"publisher\":{\"@id\":\"https:\\\/\\\/faroukhossen.com\\\/#organization\"},\"potentialAction\":[{\"@type\":\"SearchAction\",\"target\":{\"@type\":\"EntryPoint\",\"urlTemplate\":\"https:\\\/\\\/faroukhossen.com\\\/?s={search_term_string}\"},\"query-input\":{\"@type\":\"PropertyValueSpecification\",\"valueRequired\":true,\"valueName\":\"search_term_string\"}}],\"inLanguage\":\"fr-FR\"},{\"@type\":\"Organization\",\"@id\":\"https:\\\/\\\/faroukhossen.com\\\/#organization\",\"name\":\"Farouk Hossen Opticians\",\"url\":\"https:\\\/\\\/faroukhossen.com\\\/\",\"logo\":{\"@type\":\"ImageObject\",\"inLanguage\":\"fr-FR\",\"@id\":\"https:\\\/\\\/faroukhossen.com\\\/#\\\/schema\\\/logo\\\/image\\\/\",\"url\":\"https:\\\/\\\/faroukhossen.com\\\/wp-content\\\/uploads\\\/2017\\\/11\\\/FAROUK-HOSSEN_2017_Logo_FINALphonehigh.png\",\"contentUrl\":\"https:\\\/\\\/faroukhossen.com\\\/wp-content\\\/uploads\\\/2017\\\/11\\\/FAROUK-HOSSEN_2017_Logo_FINALphonehigh.png\",\"width\":660,\"height\":173,\"caption\":\"Farouk Hossen Opticians\"},\"image\":{\"@id\":\"https:\\\/\\\/faroukhossen.com\\\/#\\\/schema\\\/logo\\\/image\\\/\"},\"sameAs\":[\"https:\\\/\\\/www.facebook.com\\\/farouk.hossen\\\/\",\"https:\\\/\\\/www.instagram.com\\\/farouk_hossen_opticians\\\/\"]}]}<\/script>\n<!-- \/ Yoast SEO Premium plugin. -->","yoast_head_json":{"title":"[:en]Frames[:fr]Lunettes de Vue[:] - Farouk Hossen Opticians","robots":{"index":"index","follow":"follow","max-snippet":"max-snippet:-1","max-image-preview":"max-image-preview:large","max-video-preview":"max-video-preview:-1"},"canonical":"https:\/\/faroukhossen.com\/products\/frames\/","og_locale":"fr_FR","og_type":"article","og_title":"[:en]Frames[:fr]Lunettes de Vue[:]","og_description":"[vc_row full_width=&#8221;stretch_row&#8221; type=&#8221;vc_default&#8221;][vc_column css=&#8221;.vc_custom_1474221537277{padding-bottom: 80px !important;}&#8221; offset=&#8221;vc_col-lg-8 vc_col-md-8&#8243;][vc_single_image image=&#8221;1501&#8243; img_size=&#8221;1000&#215;500&#8243; css=&#8221;.vc_custom_1524289733901{padding-bottom: 60px !important;}&#8221;][vc_column_text css=&#8221;.vc_custom_1524289800731{padding-bottom: 30px !important;}&#8221;]Trouver une paire qui convient \u00e0 vos besoins et vos go\u00fbts n\u00e9cessite une d\u00e9cision \u00e9clair\u00e9e. Vous trouverez ci-dessous les facteurs \u00e0 consid\u00e9rer pour faire le bon choix.[\/vc_column_text][vc_accordion active_tab=&#8221;false&#8221; title_size=&#8221;h6&#8243; style=&#8221;3&#8243;][vc_accordion_tab title=&#8221;La taille &#8220;][vc_column_text css=&#8221;.vc_custom_1524289859125{padding-top: 10px !important;padding-bottom: 10px !important;background-color: #ffffff !important;}&#8221;]Choisissez&hellip;","og_url":"https:\/\/faroukhossen.com\/products\/frames\/","og_site_name":"Farouk Hossen Opticians","article_publisher":"https:\/\/www.facebook.com\/farouk.hossen\/","article_modified_time":"2018-04-22T17:45:50+00:00","twitter_card":"summary_large_image","twitter_misc":{"Dur\u00e9e de lecture estim\u00e9e":"10 minutes"},"schema":{"@context":"https:\/\/schema.org","@graph":[{"@type":"WebPage","@id":"https:\/\/faroukhossen.com\/products\/frames\/","url":"https:\/\/faroukhossen.com\/products\/frames\/","name":"[:en]Frames[:fr]Lunettes de Vue[:] - Farouk Hossen Opticians","isPartOf":{"@id":"https:\/\/faroukhossen.com\/#website"},"datePublished":"2018-01-13T05:29:46+00:00","dateModified":"2018-04-22T17:45:50+00:00","breadcrumb":{"@id":"https:\/\/faroukhossen.com\/products\/frames\/#breadcrumb"},"inLanguage":"fr-FR","potentialAction":[{"@type":"ReadAction","target":["https:\/\/faroukhossen.com\/products\/frames\/"]}]},{"@type":"BreadcrumbList","@id":"https:\/\/faroukhossen.com\/products\/frames\/#breadcrumb","itemListElement":[{"@type":"ListItem","position":1,"name":"Home","item":"https:\/\/faroukhossen.com\/"},{"@type":"ListItem","position":2,"name":"Products","item":"https:\/\/faroukhossen.com\/products\/"},{"@type":"ListItem","position":3,"name":"Frames"}]},{"@type":"WebSite","@id":"https:\/\/faroukhossen.com\/#website","url":"https:\/\/faroukhossen.com\/","name":"Farouk Hossen Opticians","description":"Optician of Mauritians","publisher":{"@id":"https:\/\/faroukhossen.com\/#organization"},"potentialAction":[{"@type":"SearchAction","target":{"@type":"EntryPoint","urlTemplate":"https:\/\/faroukhossen.com\/?s={search_term_string}"},"query-input":{"@type":"PropertyValueSpecification","valueRequired":true,"valueName":"search_term_string"}}],"inLanguage":"fr-FR"},{"@type":"Organization","@id":"https:\/\/faroukhossen.com\/#organization","name":"Farouk Hossen Opticians","url":"https:\/\/faroukhossen.com\/","logo":{"@type":"ImageObject","inLanguage":"fr-FR","@id":"https:\/\/faroukhossen.com\/#\/schema\/logo\/image\/","url":"https:\/\/faroukhossen.com\/wp-content\/uploads\/2017\/11\/FAROUK-HOSSEN_2017_Logo_FINALphonehigh.png","contentUrl":"https:\/\/faroukhossen.com\/wp-content\/uploads\/2017\/11\/FAROUK-HOSSEN_2017_Logo_FINALphonehigh.png","width":660,"height":173,"caption":"Farouk Hossen Opticians"},"image":{"@id":"https:\/\/faroukhossen.com\/#\/schema\/logo\/image\/"},"sameAs":["https:\/\/www.facebook.com\/farouk.hossen\/","https:\/\/www.instagram.com\/farouk_hossen_opticians\/"]}]}},"jetpack_sharing_enabled":true,"_links":{"self":[{"href":"https:\/\/faroukhossen.com\/fr\/wp-json\/wp\/v2\/pages\/1620","targetHints":{"allow":["GET"]}}],"collection":[{"href":"https:\/\/faroukhossen.com\/fr\/wp-json\/wp\/v2\/pages"}],"about":[{"href":"https:\/\/faroukhossen.com\/fr\/wp-json\/wp\/v2\/types\/page"}],"author":[{"embeddable":true,"href":"https:\/\/faroukhossen.com\/fr\/wp-json\/wp\/v2\/users\/6"}],"replies":[{"embeddable":true,"href":"https:\/\/faroukhossen.com\/fr\/wp-json\/wp\/v2\/comments?post=1620"}],"version-history":[{"count":18,"href":"https:\/\/faroukhossen.com\/fr\/wp-json\/wp\/v2\/pages\/1620\/revisions"}],"predecessor-version":[{"id":1981,"href":"https:\/\/faroukhossen.com\/fr\/wp-json\/wp\/v2\/pages\/1620\/revisions\/1981"}],"up":[{"embeddable":true,"href":"https:\/\/faroukhossen.com\/fr\/wp-json\/wp\/v2\/pages\/113"}],"wp:attachment":[{"href":"https:\/\/faroukhossen.com\/fr\/wp-json\/wp\/v2\/media?parent=1620"}],"curies":[{"name":"wp","href":"https:\/\/api.w.org\/{rel}","templated":true}]}}