{"id":113,"date":"2016-04-28T17:52:04","date_gmt":"2016-04-28T16:52:04","guid":{"rendered":"http:\/\/the7.io\/medical\/?page_id=113"},"modified":"2018-05-07T17:50:06","modified_gmt":"2018-05-07T17:50:06","slug":"products","status":"publish","type":"page","link":"https:\/\/faroukhossen.com\/fr\/products\/","title":{"rendered":"Produits"},"content":{"rendered":"<p>[vc_row type=&#8221;vc_default&#8221; css=&#8221;.vc_custom_1524391939076{padding-bottom: 50px !important;}&#8221;][vc_column width=&#8221;1\/2&#8243; css=&#8221;.vc_custom_1474218695724{padding-bottom: 30px !important;}&#8221;]<div id=\"ultimate-heading-689569ea4761bc571\" class=\"uvc-heading ult-adjust-bottom-margin ultimate-heading-689569ea4761bc571 uvc-4945  uvc-heading-default-font-sizes\" data-hspacer=\"no_spacer\"  data-halign=\"left\" style=\"text-align:left\"><div class=\"uvc-heading-spacer no_spacer\" style=\"top\"><\/div><div class=\"uvc-main-heading ult-responsive\"  data-ultimate-target='.uvc-heading.ultimate-heading-689569ea4761bc571 h2'  data-responsive-json-new='{\"font-size\":\"\",\"line-height\":\"\"}' ><h2 style=\"font-weight:bold;margin-bottom:20px;\">Lunettes de Soleil<\/h2><\/div><\/div>[vc_column_text css=&#8221;.vc_custom_1524411164854{padding-bottom: 20px !important;}&#8221;]<\/p>\n<p style=\"text-align: justify;\">De la m\u00eame mani\u00e8re que vous prot\u00e9gez votre peau avec de la cr\u00e8me solaire, vous devez prot\u00e9gez vos yeux en portant des lunettes de soleil. Au-del\u00e0 du facteur \u201ctendance\u201d, les lunettes de soleil prot\u00e8gent vos yeux contre les dommages caus\u00e9s par le soleil, l&#8217;\u00e9blouissement et les reflets. La surexposition aux rayons ultraviolets (UV) du soleil peut entra\u00eener des cataractes et une d\u00e9g\u00e9n\u00e9rescence maculaire (maladie de la r\u00e9tine) qui, \u00e0 leur tour, peuvent conduire \u00e0 une perte de la vue \u00e0 long terme. L&#8217;\u00e9blouissement et les reflets peuvent \u00e9galement \u00eatre dangereux, surtout si vous conduisez (les pare-brises sont une source d&#8217;\u00e9blouissement importante).<\/p>\n<p style=\"text-align: justify;\">Pour prot\u00e9ger vos yeux, vos lunettes de soleil doivent r\u00e9pondre \u00e0 certains crit\u00e8res :<\/p>\n<p>[\/vc_column_text]<div class=\"standard-number-list bullet-top\"><ul>\n<li>La protection UV<\/li>\n<li>La lumi\u00e8re<\/li>\n<li>Les verres<\/li>\n<li>La taille<\/li>\n<li>La teinte des verres<\/li>\n<\/ul>\n<\/div>[vc_empty_space height=&#8221;15px&#8221;]<div class=\" vc_custom_1525715356993 ubtn-ctn-left \"><a class=\"ubtn-link ult-adjust-bottom-margin ubtn-left ubtn-custom \" href=\"http:\/\/www.faroukhossen.com\/products\/sunglasses-2\/\" ><button type=\"button\" id=\"ubtn-1391\"  class=\"ubtn ult-adjust-bottom-margin ult-responsive ubtn-custom ubtn-fade-bg  none  ubtn-left   tooltip-69ea4761bc5ef\"  data-hover=\"#ffffff\" data-border-color=\"#1e988a\" data-bg=\"rgba(255,255,255,0.01)\" data-hover-bg=\"#1e988a\" data-border-hover=\"#1e988a\" data-shadow-hover=\"\" data-shadow-click=\"none\" data-shadow=\"\" data-shd-shadow=\"\"  data-ultimate-target='#ubtn-1391'  data-responsive-json-new='{\"font-size\":\"desktop:12px;\",\"line-height\":\"desktop:12px;\"}'  style=\"font-family:&#039;Montserrat&#039;;font-weight:normal;font-style:normal;width:px;min-height:34px;padding:5px 12px;border-radius:0px;border-width:2px;border-color:#1e988a;border-style:solid;background: rgba(255,255,255,0.01);color: #1e988a;\"><span class=\"ubtn-hover\" style=\"background-color:#1e988a\"><\/span><span class=\"ubtn-data ubtn-text \" >Lire la suite<\/span><\/button><\/a><\/div>[\/vc_column][vc_column width=&#8221;1\/2&#8243; css=&#8221;.vc_custom_1523264042341{padding-bottom: 30px !important;}&#8221;][vc_single_image image=&#8221;1498&#8243; img_size=&#8221;700&#215;500&#8243;][\/vc_column][\/vc_row][vc_row full_width=&#8221;stretch_row&#8221; type=&#8221;vc_default&#8221; css=&#8221;.vc_custom_1474218888307{margin-bottom: -80px !important;padding-top: 80px !important;padding-bottom: 50px !important;background-color: #f4f4f4 !important;}&#8221;][vc_column width=&#8221;1\/2&#8243; css=&#8221;.vc_custom_1474218236954{padding-bottom: 30px !important;}&#8221;][vc_single_image image=&#8221;1501&#8243; img_size=&#8221;700&#215;500&#8243;][\/vc_column][vc_column width=&#8221;1\/2&#8243; css=&#8221;.vc_custom_1474218242894{margin-bottom: 30px !important;}&#8221;]<div id=\"ultimate-heading-784469ea4761bc63d\" class=\"uvc-heading ult-adjust-bottom-margin ultimate-heading-784469ea4761bc63d uvc-7490  uvc-heading-default-font-sizes\" data-hspacer=\"no_spacer\"  data-halign=\"left\" style=\"text-align:left\"><div class=\"uvc-heading-spacer no_spacer\" style=\"top\"><\/div><div class=\"uvc-main-heading ult-responsive\"  data-ultimate-target='.uvc-heading.ultimate-heading-784469ea4761bc63d h2'  data-responsive-json-new='{\"font-size\":\"\",\"line-height\":\"\"}' ><h2 style=\"font-weight:bold;margin-bottom:20px;\">Lunettes de Vue<\/h2><\/div><\/div>[vc_column_text css=&#8221;.vc_custom_1524411289271{padding-bottom: 20px !important;}&#8221;]<\/p>\n<p style=\"text-align: justify;\">Trouver une paire qui convient \u00e0 vos besoins et vos go\u00fbts n\u00e9cessite une d\u00e9cision \u00e9clair\u00e9e. Vous trouverez ci-dessous les facteurs \u00e0 consid\u00e9rer pour faire le bon choix.<\/p>\n<p>[\/vc_column_text]<div class=\"standard-number-list bullet-top\"><ul>\n<li>La taille<\/li>\n<li>Les mat\u00e9riaux<\/li>\n<li>Les verres<\/li>\n<li>L\u2019esth\u00e9tique<\/li>\n<\/ul>\n<\/div>[vc_empty_space height=&#8221;15px&#8221;]<div class=\" vc_custom_1525715367145 ubtn-ctn-left \"><a class=\"ubtn-link ult-adjust-bottom-margin ubtn-left ubtn-custom \" href=\"http:\/\/www.faroukhossen.com\/products\/frames\/\" ><button type=\"button\" id=\"ubtn-3157\"  class=\"ubtn ult-adjust-bottom-margin ult-responsive ubtn-custom ubtn-fade-bg  none  ubtn-left   tooltip-69ea4761bc69e\"  data-hover=\"#ffffff\" data-border-color=\"#1e988a\" data-bg=\"rgba(255,255,255,0.01)\" data-hover-bg=\"#1e988a\" data-border-hover=\"#1e988a\" data-shadow-hover=\"\" data-shadow-click=\"none\" data-shadow=\"\" data-shd-shadow=\"\"  data-ultimate-target='#ubtn-3157'  data-responsive-json-new='{\"font-size\":\"desktop:12px;\",\"line-height\":\"desktop:12px;\"}'  style=\"font-family:&#039;Montserrat&#039;;font-weight:normal;font-style:normal;width:px;min-height:34px;padding:5px 12px;border-radius:0px;border-width:2px;border-color:#1e988a;border-style:solid;background: rgba(255,255,255,0.01);color: #1e988a;\"><span class=\"ubtn-hover\" style=\"background-color:#1e988a\"><\/span><span class=\"ubtn-data ubtn-text \" >Lire la suite<\/span><\/button><\/a><\/div>[\/vc_column][\/vc_row][vc_row full_width=&#8221;stretch_row&#8221; type=&#8221;vc_default&#8221; css=&#8221;.vc_custom_1524391976269{padding-top: 80px !important;padding-bottom: 50px !important;background-color: #f4f4f4 !important;}&#8221;][vc_column width=&#8221;1\/2&#8243; css=&#8221;.vc_custom_1474218242894{margin-bottom: 30px !important;}&#8221;]<div id=\"ultimate-heading-171869ea4761bc6e6\" class=\"uvc-heading ult-adjust-bottom-margin ultimate-heading-171869ea4761bc6e6 uvc-4649  uvc-heading-default-font-sizes\" data-hspacer=\"no_spacer\"  data-halign=\"left\" style=\"text-align:left\"><div class=\"uvc-heading-spacer no_spacer\" style=\"top\"><\/div><div class=\"uvc-main-heading ult-responsive\"  data-ultimate-target='.uvc-heading.ultimate-heading-171869ea4761bc6e6 h2'  data-responsive-json-new='{\"font-size\":\"\",\"line-height\":\"\"}' ><h2 style=\"font-weight:bold;margin-bottom:20px;\">Verres<\/h2><\/div><\/div>[vc_column_text css=&#8221;.vc_custom_1524411444720{padding-bottom: 20px !important;}&#8221;]<\/p>\n<p style=\"text-align: justify;\">Chez Farouk Hossen Opticians, nous savons qu&#8217;il n&#8217;existe pas de solution unique. Notre personnel hautement qualifi\u00e9 vous accompagne dans votre choix, en proposant des verres adapt\u00e9s \u00e0 vos besoins individuels.<\/p>\n<p>[\/vc_column_text]<div class=\"standard-number-list bullet-top\"><ul>\n<li>Verres \u00e0 simple foyer<\/li>\n<li>Verres \u00e0 double foyer<\/li>\n<li>Verres \u00e0 triple foyer<\/li>\n<li>Verres progressifs<\/li>\n<\/ul>\n<\/div>[vc_empty_space height=&#8221;15px&#8221;]<div class=\" vc_custom_1525715380552 ubtn-ctn-left \"><a class=\"ubtn-link ult-adjust-bottom-margin ubtn-left ubtn-custom \" href=\"http:\/\/www.faroukhossen.com\/products\/verres\/\" ><button type=\"button\" id=\"ubtn-6598\"  class=\"ubtn ult-adjust-bottom-margin ult-responsive ubtn-custom ubtn-fade-bg  none  ubtn-left   tooltip-69ea4761bc741\"  data-hover=\"#ffffff\" data-border-color=\"#1e988a\" data-bg=\"rgba(255,255,255,0.01)\" data-hover-bg=\"#1e988a\" data-border-hover=\"#1e988a\" data-shadow-hover=\"\" data-shadow-click=\"none\" data-shadow=\"\" data-shd-shadow=\"\"  data-ultimate-target='#ubtn-6598'  data-responsive-json-new='{\"font-size\":\"desktop:12px;\",\"line-height\":\"desktop:12px;\"}'  style=\"font-family:&#039;Montserrat&#039;;font-weight:normal;font-style:normal;width:px;min-height:34px;padding:5px 12px;border-radius:0px;border-width:2px;border-color:#1e988a;border-style:solid;background: rgba(255,255,255,0.01);color: #1e988a;\"><span class=\"ubtn-hover\" style=\"background-color:#1e988a\"><\/span><span class=\"ubtn-data ubtn-text \" >Lire la suite<\/span><\/button><\/a><\/div>[\/vc_column][vc_column width=&#8221;1\/2&#8243; css=&#8221;.vc_custom_1474218236954{padding-bottom: 30px !important;}&#8221;][vc_single_image image=&#8221;1499&#8243; img_size=&#8221;700&#215;500&#8243;][\/vc_column][\/vc_row][vc_row type=&#8221;vc_default&#8221; css=&#8221;.vc_custom_1524391991918{padding-top: 80px !important;padding-bottom: 50px !important;}&#8221;][vc_column width=&#8221;1\/2&#8243; css=&#8221;.vc_custom_1523264024148{padding-bottom: 30px !important;}&#8221;][vc_single_image image=&#8221;1500&#8243; img_size=&#8221;700&#215;500&#8243;][\/vc_column][vc_column width=&#8221;1\/2&#8243; css=&#8221;.vc_custom_1474218277206{padding-bottom: 30px !important;}&#8221;]<div id=\"ultimate-heading-656769ea4761bc785\" class=\"uvc-heading ult-adjust-bottom-margin ultimate-heading-656769ea4761bc785 uvc-1501  uvc-heading-default-font-sizes\" data-hspacer=\"no_spacer\"  data-halign=\"left\" style=\"text-align:left\"><div class=\"uvc-heading-spacer no_spacer\" style=\"top\"><\/div><div class=\"uvc-main-heading ult-responsive\"  data-ultimate-target='.uvc-heading.ultimate-heading-656769ea4761bc785 h2'  data-responsive-json-new='{\"font-size\":\"\",\"line-height\":\"\"}' ><h2 style=\"font-weight:bold;margin-bottom:20px;\">Lentilles de Contact<\/h2><\/div><\/div>[vc_column_text css=&#8221;.vc_custom_1524411539380{padding-bottom: 20px !important;}&#8221;]Comme leur nom l\u2019indique, les lentilles sont en contact direct avec la corn\u00e9e de l&#8217;\u0153il. Elles fournissent ainsi un moyen s\u00fbr et efficace de corriger les erreurs de r\u00e9fraction et sont une bonne alternative aux lunettes lorsqu&#8217;elles sont utilis\u00e9es avec pr\u00e9caution.<\/p>\n<p style=\"text-align: justify;\">Il existe plusieurs types de lentilles de contact. Votre opticien vous aidera \u00e0 trouver celles qui vous conviennent le mieux.<\/p>\n<p>[\/vc_column_text]<div class=\"standard-number-list bullet-top\"><ul>\n<li>Lentilles de contact souples<\/li>\n<li>Lentilles de contact rigides<\/li>\n<li>Lentilles de contact sp\u00e9cialis\u00e9es<\/li>\n<\/ul>\n<\/div>[vc_empty_space height=&#8221;15px&#8221;]<div class=\" vc_custom_1525715403608 ubtn-ctn-left \"><a class=\"ubtn-link ult-adjust-bottom-margin ubtn-left ubtn-custom \" href=\"http:\/\/www.faroukhossen.com\/products\/contact-lenses\/\" ><button type=\"button\" id=\"ubtn-2272\"  class=\"ubtn ult-adjust-bottom-margin ult-responsive ubtn-custom ubtn-fade-bg  none  ubtn-left   tooltip-69ea4761bc7dd\"  data-hover=\"#ffffff\" data-border-color=\"#1e988a\" data-bg=\"rgba(255,255,255,0.01)\" data-hover-bg=\"#1e988a\" data-border-hover=\"#1e988a\" data-shadow-hover=\"\" data-shadow-click=\"none\" data-shadow=\"\" data-shd-shadow=\"\"  data-ultimate-target='#ubtn-2272'  data-responsive-json-new='{\"font-size\":\"desktop:12px;\",\"line-height\":\"desktop:12px;\"}'  style=\"font-family:&#039;Montserrat&#039;;font-weight:normal;font-style:normal;width:px;min-height:34px;padding:5px 12px;border-radius:0px;border-width:2px;border-color:#1e988a;border-style:solid;background: rgba(255,255,255,0.01);color: #1e988a;\"><span class=\"ubtn-hover\" style=\"background-color:#1e988a\"><\/span><span class=\"ubtn-data ubtn-text \" >Lire la suite<\/span><\/button><\/a><\/div>[\/vc_column][\/vc_row]<\/p>","protected":false},"excerpt":{"rendered":"<p>[vc_row type=&#8221;vc_default&#8221; css=&#8221;.vc_custom_1524391939076{padding-bottom: 50px !important;}&#8221;][vc_column width=&#8221;1\/2&#8243; css=&#8221;.vc_custom_1474218695724{padding-bottom: 30px !important;}&#8221;][vc_column_text css=&#8221;.vc_custom_1524411164854{padding-bottom: 20px !important;}&#8221;] De la m\u00eame mani\u00e8re que vous prot\u00e9gez votre peau avec de la cr\u00e8me solaire, vous devez prot\u00e9gez vos yeux en portant des lunettes de soleil. Au-del\u00e0 du facteur \u201ctendance\u201d, les lunettes de soleil prot\u00e8gent vos yeux contre les dommages caus\u00e9s par le soleil,&hellip;<\/p>\n","protected":false},"author":1,"featured_media":0,"parent":0,"menu_order":3,"comment_status":"closed","ping_status":"closed","template":"","meta":{"nf_dc_page":""},"class_list":["post-113","page","type-page","status-publish","hentry","description-off"],"yoast_head":"<!-- This site is optimized with the Yoast SEO Premium plugin v20.9 (Yoast SEO v27.4) - https:\/\/yoast.com\/product\/yoast-seo-premium-wordpress\/ -->\n<title>Produits - Farouk Hossen Opticians<\/title>\n<meta name=\"robots\" content=\"index, follow, max-snippet:-1, max-image-preview:large, max-video-preview:-1\" \/>\n<link rel=\"canonical\" href=\"https:\/\/faroukhossen.com\/products\/\" \/>\n<meta property=\"og:locale\" content=\"fr_FR\" \/>\n<meta property=\"og:type\" content=\"article\" \/>\n<meta property=\"og:title\" content=\"[:en]Products[:fr]Produits[:]\" \/>\n<meta property=\"og:description\" content=\"[vc_row type=&#8221;vc_default&#8221; css=&#8221;.vc_custom_1524391939076{padding-bottom: 50px !important;}&#8221;][vc_column width=&#8221;1\/2&#8243; css=&#8221;.vc_custom_1474218695724{padding-bottom: 30px !important;}&#8221;][vc_column_text css=&#8221;.vc_custom_1524411164854{padding-bottom: 20px !important;}&#8221;] De la m\u00eame mani\u00e8re que vous prot\u00e9gez votre peau avec de la cr\u00e8me solaire, vous devez prot\u00e9gez vos yeux en portant des lunettes de soleil. Au-del\u00e0 du facteur \u201ctendance\u201d, les lunettes de soleil prot\u00e8gent vos yeux contre les dommages caus\u00e9s par le soleil,&hellip;\" \/>\n<meta property=\"og:url\" content=\"https:\/\/faroukhossen.com\/products\/\" \/>\n<meta property=\"og:site_name\" content=\"Farouk Hossen Opticians\" \/>\n<meta property=\"article:publisher\" content=\"https:\/\/www.facebook.com\/farouk.hossen\/\" \/>\n<meta property=\"article:modified_time\" content=\"2018-05-07T17:50:06+00:00\" \/>\n<meta name=\"twitter:card\" content=\"summary_large_image\" \/>\n<meta name=\"twitter:label1\" content=\"Dur\u00e9e de lecture estim\u00e9e\" \/>\n\t<meta name=\"twitter:data1\" content=\"12 minutes\" \/>\n<script type=\"application\/ld+json\" class=\"yoast-schema-graph\">{\"@context\":\"https:\\\/\\\/schema.org\",\"@graph\":[{\"@type\":\"WebPage\",\"@id\":\"https:\\\/\\\/faroukhossen.com\\\/products\\\/\",\"url\":\"https:\\\/\\\/faroukhossen.com\\\/products\\\/\",\"name\":\"[:en]Products[:fr]Produits[:] - Farouk Hossen Opticians\",\"isPartOf\":{\"@id\":\"https:\\\/\\\/faroukhossen.com\\\/#website\"},\"datePublished\":\"2016-04-28T16:52:04+00:00\",\"dateModified\":\"2018-05-07T17:50:06+00:00\",\"breadcrumb\":{\"@id\":\"https:\\\/\\\/faroukhossen.com\\\/products\\\/#breadcrumb\"},\"inLanguage\":\"fr-FR\",\"potentialAction\":[{\"@type\":\"ReadAction\",\"target\":[\"https:\\\/\\\/faroukhossen.com\\\/products\\\/\"]}]},{\"@type\":\"BreadcrumbList\",\"@id\":\"https:\\\/\\\/faroukhossen.com\\\/products\\\/#breadcrumb\",\"itemListElement\":[{\"@type\":\"ListItem\",\"position\":1,\"name\":\"Home\",\"item\":\"https:\\\/\\\/faroukhossen.com\\\/\"},{\"@type\":\"ListItem\",\"position\":2,\"name\":\"Products\"}]},{\"@type\":\"WebSite\",\"@id\":\"https:\\\/\\\/faroukhossen.com\\\/#website\",\"url\":\"https:\\\/\\\/faroukhossen.com\\\/\",\"name\":\"Farouk Hossen Opticians\",\"description\":\"Optician of Mauritians\",\"publisher\":{\"@id\":\"https:\\\/\\\/faroukhossen.com\\\/#organization\"},\"potentialAction\":[{\"@type\":\"SearchAction\",\"target\":{\"@type\":\"EntryPoint\",\"urlTemplate\":\"https:\\\/\\\/faroukhossen.com\\\/?s={search_term_string}\"},\"query-input\":{\"@type\":\"PropertyValueSpecification\",\"valueRequired\":true,\"valueName\":\"search_term_string\"}}],\"inLanguage\":\"fr-FR\"},{\"@type\":\"Organization\",\"@id\":\"https:\\\/\\\/faroukhossen.com\\\/#organization\",\"name\":\"Farouk Hossen Opticians\",\"url\":\"https:\\\/\\\/faroukhossen.com\\\/\",\"logo\":{\"@type\":\"ImageObject\",\"inLanguage\":\"fr-FR\",\"@id\":\"https:\\\/\\\/faroukhossen.com\\\/#\\\/schema\\\/logo\\\/image\\\/\",\"url\":\"https:\\\/\\\/faroukhossen.com\\\/wp-content\\\/uploads\\\/2017\\\/11\\\/FAROUK-HOSSEN_2017_Logo_FINALphonehigh.png\",\"contentUrl\":\"https:\\\/\\\/faroukhossen.com\\\/wp-content\\\/uploads\\\/2017\\\/11\\\/FAROUK-HOSSEN_2017_Logo_FINALphonehigh.png\",\"width\":660,\"height\":173,\"caption\":\"Farouk Hossen Opticians\"},\"image\":{\"@id\":\"https:\\\/\\\/faroukhossen.com\\\/#\\\/schema\\\/logo\\\/image\\\/\"},\"sameAs\":[\"https:\\\/\\\/www.facebook.com\\\/farouk.hossen\\\/\",\"https:\\\/\\\/www.instagram.com\\\/farouk_hossen_opticians\\\/\"]}]}<\/script>\n<!-- \/ Yoast SEO Premium plugin. -->","yoast_head_json":{"title":"[:en]Products[:fr]Produits[:] - Farouk Hossen Opticians","robots":{"index":"index","follow":"follow","max-snippet":"max-snippet:-1","max-image-preview":"max-image-preview:large","max-video-preview":"max-video-preview:-1"},"canonical":"https:\/\/faroukhossen.com\/products\/","og_locale":"fr_FR","og_type":"article","og_title":"[:en]Products[:fr]Produits[:]","og_description":"[vc_row type=&#8221;vc_default&#8221; css=&#8221;.vc_custom_1524391939076{padding-bottom: 50px !important;}&#8221;][vc_column width=&#8221;1\/2&#8243; css=&#8221;.vc_custom_1474218695724{padding-bottom: 30px !important;}&#8221;][vc_column_text css=&#8221;.vc_custom_1524411164854{padding-bottom: 20px !important;}&#8221;] De la m\u00eame mani\u00e8re que vous prot\u00e9gez votre peau avec de la cr\u00e8me solaire, vous devez prot\u00e9gez vos yeux en portant des lunettes de soleil. Au-del\u00e0 du facteur \u201ctendance\u201d, les lunettes de soleil prot\u00e8gent vos yeux contre les dommages caus\u00e9s par le soleil,&hellip;","og_url":"https:\/\/faroukhossen.com\/products\/","og_site_name":"Farouk Hossen Opticians","article_publisher":"https:\/\/www.facebook.com\/farouk.hossen\/","article_modified_time":"2018-05-07T17:50:06+00:00","twitter_card":"summary_large_image","twitter_misc":{"Dur\u00e9e de lecture estim\u00e9e":"12 minutes"},"schema":{"@context":"https:\/\/schema.org","@graph":[{"@type":"WebPage","@id":"https:\/\/faroukhossen.com\/products\/","url":"https:\/\/faroukhossen.com\/products\/","name":"[:en]Products[:fr]Produits[:] - Farouk Hossen Opticians","isPartOf":{"@id":"https:\/\/faroukhossen.com\/#website"},"datePublished":"2016-04-28T16:52:04+00:00","dateModified":"2018-05-07T17:50:06+00:00","breadcrumb":{"@id":"https:\/\/faroukhossen.com\/products\/#breadcrumb"},"inLanguage":"fr-FR","potentialAction":[{"@type":"ReadAction","target":["https:\/\/faroukhossen.com\/products\/"]}]},{"@type":"BreadcrumbList","@id":"https:\/\/faroukhossen.com\/products\/#breadcrumb","itemListElement":[{"@type":"ListItem","position":1,"name":"Home","item":"https:\/\/faroukhossen.com\/"},{"@type":"ListItem","position":2,"name":"Products"}]},{"@type":"WebSite","@id":"https:\/\/faroukhossen.com\/#website","url":"https:\/\/faroukhossen.com\/","name":"Farouk Hossen Opticians","description":"Optician of Mauritians","publisher":{"@id":"https:\/\/faroukhossen.com\/#organization"},"potentialAction":[{"@type":"SearchAction","target":{"@type":"EntryPoint","urlTemplate":"https:\/\/faroukhossen.com\/?s={search_term_string}"},"query-input":{"@type":"PropertyValueSpecification","valueRequired":true,"valueName":"search_term_string"}}],"inLanguage":"fr-FR"},{"@type":"Organization","@id":"https:\/\/faroukhossen.com\/#organization","name":"Farouk Hossen Opticians","url":"https:\/\/faroukhossen.com\/","logo":{"@type":"ImageObject","inLanguage":"fr-FR","@id":"https:\/\/faroukhossen.com\/#\/schema\/logo\/image\/","url":"https:\/\/faroukhossen.com\/wp-content\/uploads\/2017\/11\/FAROUK-HOSSEN_2017_Logo_FINALphonehigh.png","contentUrl":"https:\/\/faroukhossen.com\/wp-content\/uploads\/2017\/11\/FAROUK-HOSSEN_2017_Logo_FINALphonehigh.png","width":660,"height":173,"caption":"Farouk Hossen Opticians"},"image":{"@id":"https:\/\/faroukhossen.com\/#\/schema\/logo\/image\/"},"sameAs":["https:\/\/www.facebook.com\/farouk.hossen\/","https:\/\/www.instagram.com\/farouk_hossen_opticians\/"]}]}},"jetpack_sharing_enabled":true,"_links":{"self":[{"href":"https:\/\/faroukhossen.com\/fr\/wp-json\/wp\/v2\/pages\/113","targetHints":{"allow":["GET"]}}],"collection":[{"href":"https:\/\/faroukhossen.com\/fr\/wp-json\/wp\/v2\/pages"}],"about":[{"href":"https:\/\/faroukhossen.com\/fr\/wp-json\/wp\/v2\/types\/page"}],"author":[{"embeddable":true,"href":"https:\/\/faroukhossen.com\/fr\/wp-json\/wp\/v2\/users\/1"}],"replies":[{"embeddable":true,"href":"https:\/\/faroukhossen.com\/fr\/wp-json\/wp\/v2\/comments?post=113"}],"version-history":[{"count":40,"href":"https:\/\/faroukhossen.com\/fr\/wp-json\/wp\/v2\/pages\/113\/revisions"}],"predecessor-version":[{"id":2075,"href":"https:\/\/faroukhossen.com\/fr\/wp-json\/wp\/v2\/pages\/113\/revisions\/2075"}],"wp:attachment":[{"href":"https:\/\/faroukhossen.com\/fr\/wp-json\/wp\/v2\/media?parent=113"}],"curies":[{"name":"wp","href":"https:\/\/api.w.org\/{rel}","templated":true}]}}