{"id":105,"date":"2016-04-28T17:26:34","date_gmt":"2016-04-28T16:26:34","guid":{"rendered":"http:\/\/the7.io\/medical\/?page_id=105"},"modified":"2025-05-21T19:10:33","modified_gmt":"2025-05-21T15:10:33","slug":"about-us","status":"publish","type":"page","link":"https:\/\/faroukhossen.com\/fr\/about-us\/","title":{"rendered":"\u00c0 Propos"},"content":{"rendered":"<p>[vc_row type=&#8221;vc_default&#8221; css=&#8221;.vc_custom_1474222724005{padding-bottom: 50px !important;}&#8221;][vc_column width=&#8221;1\/2&#8243; css=&#8221;.vc_custom_1474222710160{padding-bottom: 30px !important;}&#8221;]<div id=\"ultimate-heading-756269ea34318ba48\" class=\"uvc-heading ult-adjust-bottom-margin ultimate-heading-756269ea34318ba48 uvc-7145  uvc-heading-default-font-sizes\" data-hspacer=\"no_spacer\"  data-halign=\"left\" style=\"text-align:left\"><div class=\"uvc-heading-spacer no_spacer\" style=\"top\"><\/div><div class=\"uvc-main-heading ult-responsive\"  data-ultimate-target='.uvc-heading.ultimate-heading-756269ea34318ba48 h2'  data-responsive-json-new='{\"font-size\":\"\",\"line-height\":\"\"}' ><h2 style=\"font-weight:bold;margin-bottom:20px;\">\u00c0 Propos<\/h2><\/div><\/div>[vc_column_text css=&#8221;.vc_custom_1744308661168{margin-bottom: 30px !important;}&#8221;]L&#8217;histoire de Farouk Hossen Opticians est faite de dynamisme et d&#8217;engagement.<\/p>\n<p>Farouk Hossen suit une formation en Optique appliqu\u00e9e au \u00ab\u00a0City College\u00a0\u00bb de Londres, l\u2019une des institutions phare de la capitale, o\u00f9 il obtient son dipl\u00f4me d&#8217;opticien en 1967. Il entreprend ensuite des \u00e9tudes de troisi\u00e8me cycle dans le domaine des lentilles de contact sous la direction du renomm\u00e9 Professeur Montague Ruben \u00e0 Moorfields Eye Hospital. Rapidement, il rejoint la prestigieuse enseigne E.B. Meyrowitz, situ\u00e9e 1A Old Bond Street \u00e0 Londres, o\u00f9 il cr\u00e9e et dirige le d\u00e9partement des lentilles de contact.<\/p>\n<p>&nbsp;<\/p>\n<p>Fort de son exp\u00e9rience riche et diversifi\u00e9e au Royaume-Uni, M. Hossen d\u00e9cide de revenir s&#8217;installer \u00e0 l\u2019\u00eele Maurice et ouvre en 1972 sa premi\u00e8re enseigne Farouk Hossen Opticians. Le groupe compte d\u00e9sormais 24 succursales \u00e0 Maurice et Rodrigues.<\/p>\n<p>Au-del\u00e0 de l\u2019ouverture des enseignes, Farouk Hossen d\u00e9cide de cr\u00e9er en parall\u00e8le une unit\u00e9 de production bas\u00e9e \u00e0 Port Louis. Sp\u00e9cialis\u00e9e dans le surfa\u00e7age et le rev\u00eatement de verres antireflets, l\u2019unit\u00e9 dispose d\u2019installations cliniques de pointe.<\/p>\n<p>[\/vc_column_text][\/vc_column][vc_column width=&#8221;1\/2&#8243; css=&#8221;.vc_custom_1524424214518{padding-bottom: 30px !important;}&#8221;][vc_single_image image=&#8221;1895&#8243; img_size=&#8221;1200&#215;900&#8243; css=&#8221;.vc_custom_1524423561383{padding-top: 55px !important;}&#8221;][\/vc_column][\/vc_row][vc_row type=&#8221;vc_default&#8221; css=&#8221;.vc_custom_1474222724005{padding-bottom: 50px !important;}&#8221;][vc_column width=&#8221;1\/2&#8243; css=&#8221;.vc_custom_1474222710160{padding-bottom: 30px !important;}&#8221;][vc_column_text css=&#8221;.vc_custom_1747839695757{margin-bottom: 30px !important;}&#8221;]Reihaz Ismail est titulaire d\u2019un dipl\u00f4me en optom\u00e9trie de l\u2019Universit\u00e9 de Durban-Westville, o\u00f9 il a \u00e9galement bri\u00e8vement enseign\u00e9 en tant que charg\u00e9 de cours en 1992. Cette formation acad\u00e9mique a pos\u00e9 les bases d\u2019un engagement de toute une vie envers l\u2019excellence clinique et le leadership.<\/p>\n<p>En tant que PDG et optom\u00e9triste en exercice du groupe Farouk Hossen depuis 1992, Reihaz Ismail allie soins aux patients et strat\u00e9gie d\u2019entreprise, supervisant les op\u00e9rations du groupe tout en veillant \u00e0 maintenir des standards \u00e9lev\u00e9s de service. Il est sp\u00e9cialis\u00e9 dans l\u2019adaptation de lentilles de contact complexes, y compris les lentilles rigides perm\u00e9ables aux gaz (RGP) pour k\u00e9ratoc\u00f4ne ainsi que les lentilles scl\u00e9rales. Il est \u00e9galement membre actif de plusieurs instances professionnelles, notamment l\u2019Association des Opticiens et le Conseil de l\u2019Optique de Maurice, o\u00f9 il si\u00e8ge au conseil d\u2019administration.<\/p>\n<p>Son engagement d\u00e9passe le cadre professionnel gr\u00e2ce \u00e0 des d\u00e9cennies de service au sein du Rotary. Il est membre fondateur et pr\u00e9sident fondateur du Rotary Club de Montebello, et a \u00e9galement occup\u00e9 \u00e0 deux reprises la pr\u00e9sidence du Rotary Club de Beau Bassin-Rose Hill. \u00c0 travers ces deux clubs, il a dirig\u00e9 de nombreuses initiatives en faveur des communaut\u00e9s d\u00e9favoris\u00e9es, offrant des soins oculaires gratuits et organisant des actions de sensibilisation \u00e0 fort impact.[\/vc_column_text][\/vc_column][vc_column width=&#8221;1\/2&#8243; css=&#8221;.vc_custom_1523264250283{padding-bottom: 30px !important;}&#8221;][vc_single_image image=&#8221;5512&#8243; img_size=&#8221;500&#215;700&#8243; css=&#8221;.vc_custom_1747840221617{padding-top: 5px !important;}&#8221;][\/vc_column][\/vc_row][vc_row full_width=&#8221;stretch_row&#8221; equal_height=&#8221;yes&#8221; content_placement=&#8221;middle&#8221; type=&#8221;vc_default&#8221; css=&#8221;.vc_custom_1524417460213{margin-bottom: -80px !important;padding-top: 40px !important;padding-bottom: 40px !important;background-color: #1e988a !important;}&#8221;][vc_column offset=&#8221;vc_col-lg-8 vc_col-md-8 vc_col-xs-12&#8243;][vc_row_inner][vc_column_inner offset=&#8221;vc_hidden-sm vc_hidden-xs&#8221;]<div id=\"ultimate-heading-621469ea34318ba85\" class=\"uvc-heading ult-adjust-bottom-margin ultimate-heading-621469ea34318ba85 uvc-3265 \" data-hspacer=\"no_spacer\"  data-halign=\"left\" style=\"text-align:left\"><div class=\"uvc-heading-spacer no_spacer\" style=\"top\"><\/div><div class=\"uvc-main-heading ult-responsive\"  data-ultimate-target='.uvc-heading.ultimate-heading-621469ea34318ba85 h2'  data-responsive-json-new='{\"font-size\":\"desktop:30px;\",\"line-height\":\"desktop:40px;\"}' ><h2 style=\"--font-weight:theme;color:#ffffff;margin-bottom:10px;\">R\u00e9servez votre test oculaire<\/h2><\/div><div class=\"uvc-sub-heading ult-responsive\"  data-ultimate-target='.uvc-heading.ultimate-heading-621469ea34318ba85 .uvc-sub-heading '  data-responsive-json-new='{\"font-size\":\"desktop:17px;\",\"line-height\":\"desktop:27px;\"}'  style=\"font-weight:normal;color:#ffffff;\">Votre traitement sera effectu\u00e9 par un th\u00e9rapeute agr\u00e9\u00e9. Planifiez votre rendez-vous maintenant!<\/div><\/div>[\/vc_column_inner][\/vc_row_inner][\/vc_column][vc_column offset=&#8221;vc_col-lg-4 vc_col-md-4 vc_hidden-sm vc_col-xs-12 vc_hidden-xs&#8221;]<div class=\" vc_custom_1525714518548 ubtn-ctn-right \"><a class=\"ubtn-link ult-adjust-bottom-margin ubtn-right ubtn-custom \" href=\"http:\/\/www.faroukhossen.com\/contact\/\" ><button type=\"button\" id=\"ubtn-4338\"  class=\"ubtn ult-adjust-bottom-margin ult-responsive ubtn-custom ubtn-fade-bg  none  ubtn-right   tooltip-69ea34318bad5\"  data-hover=\"#1e988a\" data-border-color=\"rgba(255,255,255,0.4)\" data-bg=\"rgba(255,255,255,0.01)\" data-hover-bg=\"#ffffff\" data-border-hover=\"#ffffff\" data-shadow-hover=\"\" data-shadow-click=\"none\" data-shadow=\"\" data-shd-shadow=\"\"  data-ultimate-target='#ubtn-4338'  data-responsive-json-new='{\"font-size\":\"desktop:18px;\",\"line-height\":\"desktop:20px;\"}'  style=\"font-family:&#039;Montserrat&#039;;font-weight:700;width:px;min-height:36px;padding:15px 25px;border-radius:0px;border-width:4px;border-color:rgba(255,255,255,0.4);border-style:solid;background: rgba(255,255,255,0.01);color: #ffffff;\"><span class=\"ubtn-hover\" style=\"background-color:#ffffff\"><\/span><span class=\"ubtn-data ubtn-text \" >Contactez-nous aujourd\u2019hui !<\/span><\/button><\/a><\/div>[\/vc_column][\/vc_row]<\/p>","protected":false},"excerpt":{"rendered":"<p>[vc_row type=&#8221;vc_default&#8221; css=&#8221;.vc_custom_1474222724005{padding-bottom: 50px !important;}&#8221;][vc_column width=&#8221;1\/2&#8243; css=&#8221;.vc_custom_1474222710160{padding-bottom: 30px !important;}&#8221;][vc_column_text css=&#8221;.vc_custom_1744308661168{margin-bottom: 30px !important;}&#8221;]L&#8217;histoire de Farouk Hossen Opticians est faite de dynamisme et d&#8217;engagement. Farouk Hossen suit une formation en Optique appliqu\u00e9e au \u00ab\u00a0City College\u00a0\u00bb de Londres, l\u2019une des institutions phare de la capitale, o\u00f9 il obtient son dipl\u00f4me d&#8217;opticien en 1967. Il entreprend ensuite des \u00e9tudes&hellip;<\/p>\n","protected":false},"author":1,"featured_media":0,"parent":0,"menu_order":1,"comment_status":"closed","ping_status":"closed","template":"","meta":{"nf_dc_page":""},"class_list":["post-105","page","type-page","status-publish","hentry","description-off"],"yoast_head":"<!-- This site is optimized with the Yoast SEO Premium plugin v20.9 (Yoast SEO v27.4) - https:\/\/yoast.com\/product\/yoast-seo-premium-wordpress\/ -->\n<title>\u00c0 Propos - Farouk Hossen Opticians<\/title>\n<meta name=\"robots\" content=\"index, follow, max-snippet:-1, max-image-preview:large, max-video-preview:-1\" \/>\n<link rel=\"canonical\" href=\"https:\/\/faroukhossen.com\/about-us\/\" \/>\n<meta property=\"og:locale\" content=\"fr_FR\" \/>\n<meta property=\"og:type\" content=\"article\" \/>\n<meta property=\"og:title\" content=\"[:en]About Us[:fr]\u00c0 Propos[:]\" \/>\n<meta property=\"og:description\" content=\"[vc_row type=&#8221;vc_default&#8221; css=&#8221;.vc_custom_1474222724005{padding-bottom: 50px !important;}&#8221;][vc_column width=&#8221;1\/2&#8243; css=&#8221;.vc_custom_1474222710160{padding-bottom: 30px !important;}&#8221;][vc_column_text css=&#8221;.vc_custom_1744308661168{margin-bottom: 30px !important;}&#8221;]L&#8217;histoire de Farouk Hossen Opticians est faite de dynamisme et d&#8217;engagement. Farouk Hossen suit une formation en Optique appliqu\u00e9e au \u00ab\u00a0City College\u00a0\u00bb de Londres, l\u2019une des institutions phare de la capitale, o\u00f9 il obtient son dipl\u00f4me d&#8217;opticien en 1967. Il entreprend ensuite des \u00e9tudes&hellip;\" \/>\n<meta property=\"og:url\" content=\"https:\/\/faroukhossen.com\/about-us\/\" \/>\n<meta property=\"og:site_name\" content=\"Farouk Hossen Opticians\" \/>\n<meta property=\"article:publisher\" content=\"https:\/\/www.facebook.com\/farouk.hossen\/\" \/>\n<meta property=\"article:modified_time\" content=\"2025-05-21T15:10:33+00:00\" \/>\n<meta name=\"twitter:card\" content=\"summary_large_image\" \/>\n<meta name=\"twitter:label1\" content=\"Dur\u00e9e de lecture estim\u00e9e\" \/>\n\t<meta name=\"twitter:data1\" content=\"3 minutes\" \/>\n<script type=\"application\/ld+json\" class=\"yoast-schema-graph\">{\"@context\":\"https:\\\/\\\/schema.org\",\"@graph\":[{\"@type\":\"WebPage\",\"@id\":\"https:\\\/\\\/faroukhossen.com\\\/about-us\\\/\",\"url\":\"https:\\\/\\\/faroukhossen.com\\\/about-us\\\/\",\"name\":\"[:en]About Us[:fr]\u00c0 Propos[:] - Farouk Hossen Opticians\",\"isPartOf\":{\"@id\":\"https:\\\/\\\/faroukhossen.com\\\/#website\"},\"datePublished\":\"2016-04-28T16:26:34+00:00\",\"dateModified\":\"2025-05-21T15:10:33+00:00\",\"breadcrumb\":{\"@id\":\"https:\\\/\\\/faroukhossen.com\\\/about-us\\\/#breadcrumb\"},\"inLanguage\":\"fr-FR\",\"potentialAction\":[{\"@type\":\"ReadAction\",\"target\":[\"https:\\\/\\\/faroukhossen.com\\\/about-us\\\/\"]}]},{\"@type\":\"BreadcrumbList\",\"@id\":\"https:\\\/\\\/faroukhossen.com\\\/about-us\\\/#breadcrumb\",\"itemListElement\":[{\"@type\":\"ListItem\",\"position\":1,\"name\":\"Home\",\"item\":\"https:\\\/\\\/faroukhossen.com\\\/\"},{\"@type\":\"ListItem\",\"position\":2,\"name\":\"About Us\"}]},{\"@type\":\"WebSite\",\"@id\":\"https:\\\/\\\/faroukhossen.com\\\/#website\",\"url\":\"https:\\\/\\\/faroukhossen.com\\\/\",\"name\":\"Farouk Hossen Opticians\",\"description\":\"Optician of Mauritians\",\"publisher\":{\"@id\":\"https:\\\/\\\/faroukhossen.com\\\/#organization\"},\"potentialAction\":[{\"@type\":\"SearchAction\",\"target\":{\"@type\":\"EntryPoint\",\"urlTemplate\":\"https:\\\/\\\/faroukhossen.com\\\/?s={search_term_string}\"},\"query-input\":{\"@type\":\"PropertyValueSpecification\",\"valueRequired\":true,\"valueName\":\"search_term_string\"}}],\"inLanguage\":\"fr-FR\"},{\"@type\":\"Organization\",\"@id\":\"https:\\\/\\\/faroukhossen.com\\\/#organization\",\"name\":\"Farouk Hossen Opticians\",\"url\":\"https:\\\/\\\/faroukhossen.com\\\/\",\"logo\":{\"@type\":\"ImageObject\",\"inLanguage\":\"fr-FR\",\"@id\":\"https:\\\/\\\/faroukhossen.com\\\/#\\\/schema\\\/logo\\\/image\\\/\",\"url\":\"https:\\\/\\\/faroukhossen.com\\\/wp-content\\\/uploads\\\/2017\\\/11\\\/FAROUK-HOSSEN_2017_Logo_FINALphonehigh.png\",\"contentUrl\":\"https:\\\/\\\/faroukhossen.com\\\/wp-content\\\/uploads\\\/2017\\\/11\\\/FAROUK-HOSSEN_2017_Logo_FINALphonehigh.png\",\"width\":660,\"height\":173,\"caption\":\"Farouk Hossen Opticians\"},\"image\":{\"@id\":\"https:\\\/\\\/faroukhossen.com\\\/#\\\/schema\\\/logo\\\/image\\\/\"},\"sameAs\":[\"https:\\\/\\\/www.facebook.com\\\/farouk.hossen\\\/\",\"https:\\\/\\\/www.instagram.com\\\/farouk_hossen_opticians\\\/\"]}]}<\/script>\n<!-- \/ Yoast SEO Premium plugin. -->","yoast_head_json":{"title":"[:en]About Us[:fr]\u00c0 Propos[:] - Farouk Hossen Opticians","robots":{"index":"index","follow":"follow","max-snippet":"max-snippet:-1","max-image-preview":"max-image-preview:large","max-video-preview":"max-video-preview:-1"},"canonical":"https:\/\/faroukhossen.com\/about-us\/","og_locale":"fr_FR","og_type":"article","og_title":"[:en]About Us[:fr]\u00c0 Propos[:]","og_description":"[vc_row type=&#8221;vc_default&#8221; css=&#8221;.vc_custom_1474222724005{padding-bottom: 50px !important;}&#8221;][vc_column width=&#8221;1\/2&#8243; css=&#8221;.vc_custom_1474222710160{padding-bottom: 30px !important;}&#8221;][vc_column_text css=&#8221;.vc_custom_1744308661168{margin-bottom: 30px !important;}&#8221;]L&#8217;histoire de Farouk Hossen Opticians est faite de dynamisme et d&#8217;engagement. Farouk Hossen suit une formation en Optique appliqu\u00e9e au \u00ab\u00a0City College\u00a0\u00bb de Londres, l\u2019une des institutions phare de la capitale, o\u00f9 il obtient son dipl\u00f4me d&#8217;opticien en 1967. Il entreprend ensuite des \u00e9tudes&hellip;","og_url":"https:\/\/faroukhossen.com\/about-us\/","og_site_name":"Farouk Hossen Opticians","article_publisher":"https:\/\/www.facebook.com\/farouk.hossen\/","article_modified_time":"2025-05-21T15:10:33+00:00","twitter_card":"summary_large_image","twitter_misc":{"Dur\u00e9e de lecture estim\u00e9e":"3 minutes"},"schema":{"@context":"https:\/\/schema.org","@graph":[{"@type":"WebPage","@id":"https:\/\/faroukhossen.com\/about-us\/","url":"https:\/\/faroukhossen.com\/about-us\/","name":"[:en]About Us[:fr]\u00c0 Propos[:] - Farouk Hossen Opticians","isPartOf":{"@id":"https:\/\/faroukhossen.com\/#website"},"datePublished":"2016-04-28T16:26:34+00:00","dateModified":"2025-05-21T15:10:33+00:00","breadcrumb":{"@id":"https:\/\/faroukhossen.com\/about-us\/#breadcrumb"},"inLanguage":"fr-FR","potentialAction":[{"@type":"ReadAction","target":["https:\/\/faroukhossen.com\/about-us\/"]}]},{"@type":"BreadcrumbList","@id":"https:\/\/faroukhossen.com\/about-us\/#breadcrumb","itemListElement":[{"@type":"ListItem","position":1,"name":"Home","item":"https:\/\/faroukhossen.com\/"},{"@type":"ListItem","position":2,"name":"About Us"}]},{"@type":"WebSite","@id":"https:\/\/faroukhossen.com\/#website","url":"https:\/\/faroukhossen.com\/","name":"Farouk Hossen Opticians","description":"Optician of Mauritians","publisher":{"@id":"https:\/\/faroukhossen.com\/#organization"},"potentialAction":[{"@type":"SearchAction","target":{"@type":"EntryPoint","urlTemplate":"https:\/\/faroukhossen.com\/?s={search_term_string}"},"query-input":{"@type":"PropertyValueSpecification","valueRequired":true,"valueName":"search_term_string"}}],"inLanguage":"fr-FR"},{"@type":"Organization","@id":"https:\/\/faroukhossen.com\/#organization","name":"Farouk Hossen Opticians","url":"https:\/\/faroukhossen.com\/","logo":{"@type":"ImageObject","inLanguage":"fr-FR","@id":"https:\/\/faroukhossen.com\/#\/schema\/logo\/image\/","url":"https:\/\/faroukhossen.com\/wp-content\/uploads\/2017\/11\/FAROUK-HOSSEN_2017_Logo_FINALphonehigh.png","contentUrl":"https:\/\/faroukhossen.com\/wp-content\/uploads\/2017\/11\/FAROUK-HOSSEN_2017_Logo_FINALphonehigh.png","width":660,"height":173,"caption":"Farouk Hossen Opticians"},"image":{"@id":"https:\/\/faroukhossen.com\/#\/schema\/logo\/image\/"},"sameAs":["https:\/\/www.facebook.com\/farouk.hossen\/","https:\/\/www.instagram.com\/farouk_hossen_opticians\/"]}]}},"jetpack_sharing_enabled":true,"_links":{"self":[{"href":"https:\/\/faroukhossen.com\/fr\/wp-json\/wp\/v2\/pages\/105","targetHints":{"allow":["GET"]}}],"collection":[{"href":"https:\/\/faroukhossen.com\/fr\/wp-json\/wp\/v2\/pages"}],"about":[{"href":"https:\/\/faroukhossen.com\/fr\/wp-json\/wp\/v2\/types\/page"}],"author":[{"embeddable":true,"href":"https:\/\/faroukhossen.com\/fr\/wp-json\/wp\/v2\/users\/1"}],"replies":[{"embeddable":true,"href":"https:\/\/faroukhossen.com\/fr\/wp-json\/wp\/v2\/comments?post=105"}],"version-history":[{"count":9,"href":"https:\/\/faroukhossen.com\/fr\/wp-json\/wp\/v2\/pages\/105\/revisions"}],"predecessor-version":[{"id":6469,"href":"https:\/\/faroukhossen.com\/fr\/wp-json\/wp\/v2\/pages\/105\/revisions\/6469"}],"wp:attachment":[{"href":"https:\/\/faroukhossen.com\/fr\/wp-json\/wp\/v2\/media?parent=105"}],"curies":[{"name":"wp","href":"https:\/\/api.w.org\/{rel}","templated":true}]}}